{"id":990,"date":"2025-11-11T11:39:41","date_gmt":"2025-11-11T08:39:41","guid":{"rendered":"https:\/\/bababilgisayar.com\/new\/shipping\/"},"modified":"2025-11-13T11:35:54","modified_gmt":"2025-11-13T08:35:54","slug":"nakliye","status":"publish","type":"page","link":"https:\/\/erginellaw.com\/tr\/nakliye\/","title":{"rendered":"Nakliye"},"content":{"rendered":"\t\t<div data-elementor-type=\"wp-page\" data-elementor-id=\"990\" class=\"elementor elementor-990 elementor-103\">\n\t\t\t\t<div class=\"wd-negative-gap elementor-element elementor-element-3f2403c e-flex e-con-boxed e-con e-parent\" data-id=\"3f2403c\" data-element_type=\"container\">\n\t\t\t\t\t<div class=\"e-con-inner\">\n\t\t<div class=\"elementor-element elementor-element-87dc614 e-con-full e-flex e-con e-child\" data-id=\"87dc614\" data-element_type=\"container\">\n\t\t\t\t<div class=\"elementor-element elementor-element-aa592d5 elementor-widget elementor-widget-wd_text_block\" data-id=\"aa592d5\" data-element_type=\"widget\" data-widget_type=\"wd_text_block.default\">\n\t\t\t\t<div class=\"elementor-widget-container\">\n\t\t\t\t\t\t\t<div class=\"wd-text-block reset-last-child text-left\">\n\t\t\t\n\t\t\t<p>Erginel Hukuk B\u00fcrosu\u2019nda avukatlar\u0131m\u0131z ve hukuk dan\u0131\u015fmanlar\u0131m\u0131z KKTC\u2019de denizcilik hukuku konusunda geni\u015f deneyime sahiptir. Avukatlar\u0131m\u0131z, denizcilik sekt\u00f6r\u00fcndeki m\u00fcvekkillerimizi etkileyen sorunlar\u0131 iyi anlamakta ve denizcilik operasyonlar\u0131n\u0131n bir\u00e7ok y\u00f6n\u00fcyle onlara yol g\u00f6stermek i\u00e7in hukuki ve ticari bilgi sa\u011flamaktad\u0131r. Denizcilik mevzuat\u0131 ve gemi tescili konusunda deneyimliyiz. Avukat\u0131m\u0131z Erdem Erginel, hem G\u00fcney K\u0131br\u0131s\u2019ta hem de Kuzey K\u0131br\u0131s\u2019ta avukatl\u0131k yapmak \u00fczere yetkilidir ve deniz hukukunun \u00e7e\u015fitli alanlar\u0131nda tecr\u00fcbelidir.<\/p>\n\t\t\t\t\t<\/div>\n\t\t\t\t\t\t<\/div>\n\t\t\t\t<\/div>\n\t\t\t\t<\/div>\n\t\t<div class=\"elementor-element elementor-element-e54030b e-con-full e-flex e-con e-child\" data-id=\"e54030b\" data-element_type=\"container\">\n\t\t\t\t<div class=\"elementor-element elementor-element-315f09a elementor-widget elementor-widget-wd_text_block\" data-id=\"315f09a\" data-element_type=\"widget\" data-widget_type=\"wd_text_block.default\">\n\t\t\t\t<div class=\"elementor-widget-container\">\n\t\t\t\t\t\t\t<div class=\"wd-text-block reset-last-child text-left\">\n\t\t\t\n\t\t\t<p><em>Kuzey K\u0131br\u0131s\u2019taki Avukatlar\u0131m\u0131z ve Hukuk Dan\u0131\u015fmanlar\u0131m\u0131z \u015fu konularda net ve kapsaml\u0131 tavsiyelerde bulunabilir: deniz ticareti, bayrak se\u00e7imi, nakliye \u015firketlerine \u00f6zel istihdam sorunlar\u0131 (yaralanma ve \u00f6l\u00fcm tazminat\u0131 dahil), kargo kayb\u0131 veya hasar\u0131, gemi sat\u0131\u015flar\u0131 ve sat\u0131n almalar, navlun anla\u015fmazl\u0131klar\u0131 vb.<\/em><\/p>\n\t\t\t\t\t<\/div>\n\t\t\t\t\t\t<\/div>\n\t\t\t\t<\/div>\n\t\t\t\t<\/div>\n\t\t\t\t\t<\/div>\n\t\t\t\t<\/div>\n\t\t\t\t<\/div>\n\t\t","protected":false},"excerpt":{"rendered":"<p>Erginel Hukuk B\u00fcrosu\u2019nda avukatlar\u0131m\u0131z ve hukuk dan\u0131\u015fmanlar\u0131m\u0131z KKTC\u2019de denizcilik hukuku konusunda geni\u015f deneyime sahiptir. Avukatlar\u0131m\u0131z, denizcilik sekt\u00f6r\u00fcndeki m\u00fcvekkillerimizi etkileyen sorunlar\u0131<\/p>\n","protected":false},"author":1,"featured_media":0,"parent":0,"menu_order":0,"comment_status":"closed","ping_status":"closed","template":"elementor_header_footer","meta":{"footnotes":""},"class_list":["post-990","page","type-page","status-publish","hentry"],"yoast_head":"<!-- This site is optimized with the Yoast SEO plugin v26.5 - https:\/\/yoast.com\/wordpress\/plugins\/seo\/ -->\n<title>Nakliye - Erginel Law | Advocates &amp; Legal Consultants<\/title>\n<meta name=\"robots\" content=\"index, follow, max-snippet:-1, max-image-preview:large, max-video-preview:-1\" \/>\n<link rel=\"canonical\" href=\"https:\/\/erginellaw.com\/shipping\/\" \/>\n<meta property=\"og:locale\" content=\"tr_TR\" \/>\n<meta property=\"og:type\" content=\"article\" \/>\n<meta property=\"og:title\" content=\"Nakliye - Erginel Law | Advocates &amp; Legal Consultants\" \/>\n<meta property=\"og:description\" content=\"Erginel Hukuk B\u00fcrosu\u2019nda avukatlar\u0131m\u0131z ve hukuk dan\u0131\u015fmanlar\u0131m\u0131z KKTC\u2019de denizcilik hukuku konusunda geni\u015f deneyime sahiptir. Avukatlar\u0131m\u0131z, denizcilik sekt\u00f6r\u00fcndeki m\u00fcvekkillerimizi etkileyen sorunlar\u0131\" \/>\n<meta property=\"og:url\" content=\"https:\/\/erginellaw.com\/shipping\/\" \/>\n<meta property=\"og:site_name\" content=\"Erginel Law | Advocates &amp; Legal Consultants\" \/>\n<meta property=\"article:publisher\" content=\"https:\/\/www.facebook.com\/erginellaw\" \/>\n<meta property=\"article:modified_time\" content=\"2025-11-13T08:35:54+00:00\" \/>\n<meta name=\"twitter:card\" content=\"summary_large_image\" \/>\n<meta name=\"twitter:label1\" content=\"Tahmini okuma s\u00fcresi\" \/>\n\t<meta name=\"twitter:data1\" content=\"1 dakika\" \/>\n<script type=\"application\/ld+json\" class=\"yoast-schema-graph\">{\"@context\":\"https:\/\/schema.org\",\"@graph\":[{\"@type\":\"WebPage\",\"@id\":\"https:\/\/erginellaw.com\/shipping\/\",\"url\":\"https:\/\/erginellaw.com\/shipping\/\",\"name\":\"Nakliye - Erginel Law | Advocates &amp; Legal Consultants\",\"isPartOf\":{\"@id\":\"https:\/\/erginellaw.com\/#website\"},\"datePublished\":\"2025-11-11T08:39:41+00:00\",\"dateModified\":\"2025-11-13T08:35:54+00:00\",\"breadcrumb\":{\"@id\":\"https:\/\/erginellaw.com\/shipping\/#breadcrumb\"},\"inLanguage\":\"tr\",\"potentialAction\":[{\"@type\":\"ReadAction\",\"target\":[\"https:\/\/erginellaw.com\/shipping\/\"]}]},{\"@type\":\"BreadcrumbList\",\"@id\":\"https:\/\/erginellaw.com\/shipping\/#breadcrumb\",\"itemListElement\":[{\"@type\":\"ListItem\",\"position\":1,\"name\":\"Home\",\"item\":\"https:\/\/erginellaw.com\/tr\/\"},{\"@type\":\"ListItem\",\"position\":2,\"name\":\"Nakliye\"}]},{\"@type\":\"WebSite\",\"@id\":\"https:\/\/erginellaw.com\/#website\",\"url\":\"https:\/\/erginellaw.com\/\",\"name\":\"Erginellaw.Com | Advocates and Legal Consultants\",\"description\":\"\",\"publisher\":{\"@id\":\"https:\/\/erginellaw.com\/#organization\"},\"potentialAction\":[{\"@type\":\"SearchAction\",\"target\":{\"@type\":\"EntryPoint\",\"urlTemplate\":\"https:\/\/erginellaw.com\/?s={search_term_string}\"},\"query-input\":{\"@type\":\"PropertyValueSpecification\",\"valueRequired\":true,\"valueName\":\"search_term_string\"}}],\"inLanguage\":\"tr\"},{\"@type\":\"Organization\",\"@id\":\"https:\/\/erginellaw.com\/#organization\",\"name\":\"Erginellaw.Com | Advocates and Legal Consultants\",\"url\":\"https:\/\/erginellaw.com\/\",\"logo\":{\"@type\":\"ImageObject\",\"inLanguage\":\"tr\",\"@id\":\"https:\/\/erginellaw.com\/#\/schema\/logo\/image\/\",\"url\":\"https:\/\/erginellaw.com\/wp-content\/uploads\/2025\/11\/ergdfgh-1.jpeg\",\"contentUrl\":\"https:\/\/erginellaw.com\/wp-content\/uploads\/2025\/11\/ergdfgh-1.jpeg\",\"width\":2048,\"height\":1365,\"caption\":\"Erginellaw.Com | Advocates and Legal Consultants\"},\"image\":{\"@id\":\"https:\/\/erginellaw.com\/#\/schema\/logo\/image\/\"},\"sameAs\":[\"https:\/\/www.facebook.com\/erginellaw\",\"https:\/\/instagram.com\/erginel.law.cyprus\",\"https:\/\/www.linkedin.com\/company\/erginel-law\"]}]}<\/script>\n<!-- \/ Yoast SEO plugin. -->","yoast_head_json":{"title":"Nakliye - Erginel Law | Advocates &amp; Legal Consultants","robots":{"index":"index","follow":"follow","max-snippet":"max-snippet:-1","max-image-preview":"max-image-preview:large","max-video-preview":"max-video-preview:-1"},"canonical":"https:\/\/erginellaw.com\/shipping\/","og_locale":"tr_TR","og_type":"article","og_title":"Nakliye - Erginel Law | Advocates &amp; Legal Consultants","og_description":"Erginel Hukuk B\u00fcrosu\u2019nda avukatlar\u0131m\u0131z ve hukuk dan\u0131\u015fmanlar\u0131m\u0131z KKTC\u2019de denizcilik hukuku konusunda geni\u015f deneyime sahiptir. Avukatlar\u0131m\u0131z, denizcilik sekt\u00f6r\u00fcndeki m\u00fcvekkillerimizi etkileyen sorunlar\u0131","og_url":"https:\/\/erginellaw.com\/shipping\/","og_site_name":"Erginel Law | Advocates &amp; Legal Consultants","article_publisher":"https:\/\/www.facebook.com\/erginellaw","article_modified_time":"2025-11-13T08:35:54+00:00","twitter_card":"summary_large_image","twitter_misc":{"Tahmini okuma s\u00fcresi":"1 dakika"},"schema":{"@context":"https:\/\/schema.org","@graph":[{"@type":"WebPage","@id":"https:\/\/erginellaw.com\/shipping\/","url":"https:\/\/erginellaw.com\/shipping\/","name":"Nakliye - Erginel Law | Advocates &amp; Legal Consultants","isPartOf":{"@id":"https:\/\/erginellaw.com\/#website"},"datePublished":"2025-11-11T08:39:41+00:00","dateModified":"2025-11-13T08:35:54+00:00","breadcrumb":{"@id":"https:\/\/erginellaw.com\/shipping\/#breadcrumb"},"inLanguage":"tr","potentialAction":[{"@type":"ReadAction","target":["https:\/\/erginellaw.com\/shipping\/"]}]},{"@type":"BreadcrumbList","@id":"https:\/\/erginellaw.com\/shipping\/#breadcrumb","itemListElement":[{"@type":"ListItem","position":1,"name":"Home","item":"https:\/\/erginellaw.com\/tr\/"},{"@type":"ListItem","position":2,"name":"Nakliye"}]},{"@type":"WebSite","@id":"https:\/\/erginellaw.com\/#website","url":"https:\/\/erginellaw.com\/","name":"Erginellaw.Com | Advocates and Legal Consultants","description":"","publisher":{"@id":"https:\/\/erginellaw.com\/#organization"},"potentialAction":[{"@type":"SearchAction","target":{"@type":"EntryPoint","urlTemplate":"https:\/\/erginellaw.com\/?s={search_term_string}"},"query-input":{"@type":"PropertyValueSpecification","valueRequired":true,"valueName":"search_term_string"}}],"inLanguage":"tr"},{"@type":"Organization","@id":"https:\/\/erginellaw.com\/#organization","name":"Erginellaw.Com | Advocates and Legal Consultants","url":"https:\/\/erginellaw.com\/","logo":{"@type":"ImageObject","inLanguage":"tr","@id":"https:\/\/erginellaw.com\/#\/schema\/logo\/image\/","url":"https:\/\/erginellaw.com\/wp-content\/uploads\/2025\/11\/ergdfgh-1.jpeg","contentUrl":"https:\/\/erginellaw.com\/wp-content\/uploads\/2025\/11\/ergdfgh-1.jpeg","width":2048,"height":1365,"caption":"Erginellaw.Com | Advocates and Legal Consultants"},"image":{"@id":"https:\/\/erginellaw.com\/#\/schema\/logo\/image\/"},"sameAs":["https:\/\/www.facebook.com\/erginellaw","https:\/\/instagram.com\/erginel.law.cyprus","https:\/\/www.linkedin.com\/company\/erginel-law"]}]}},"_links":{"self":[{"href":"https:\/\/erginellaw.com\/tr\/wp-json\/wp\/v2\/pages\/990","targetHints":{"allow":["GET"]}}],"collection":[{"href":"https:\/\/erginellaw.com\/tr\/wp-json\/wp\/v2\/pages"}],"about":[{"href":"https:\/\/erginellaw.com\/tr\/wp-json\/wp\/v2\/types\/page"}],"author":[{"embeddable":true,"href":"https:\/\/erginellaw.com\/tr\/wp-json\/wp\/v2\/users\/1"}],"replies":[{"embeddable":true,"href":"https:\/\/erginellaw.com\/tr\/wp-json\/wp\/v2\/comments?post=990"}],"version-history":[{"count":0,"href":"https:\/\/erginellaw.com\/tr\/wp-json\/wp\/v2\/pages\/990\/revisions"}],"wp:attachment":[{"href":"https:\/\/erginellaw.com\/tr\/wp-json\/wp\/v2\/media?parent=990"}],"curies":[{"name":"wp","href":"https:\/\/api.w.org\/{rel}","templated":true}]}}