{"id":973,"date":"2025-11-11T11:41:47","date_gmt":"2025-11-11T08:41:47","guid":{"rendered":"https:\/\/bababilgisayar.com\/new\/international-law\/"},"modified":"2025-11-13T11:32:37","modified_gmt":"2025-11-13T08:32:37","slug":"uluslararasi-hukuk","status":"publish","type":"page","link":"https:\/\/erginellaw.com\/tr\/uluslararasi-hukuk\/","title":{"rendered":"Uluslararas\u0131 hukuk"},"content":{"rendered":"\t\t<div data-elementor-type=\"wp-page\" data-elementor-id=\"973\" class=\"elementor elementor-973 elementor-109\">\n\t\t\t\t<div class=\"wd-negative-gap elementor-element elementor-element-61381b2 e-flex e-con-boxed e-con e-parent\" data-id=\"61381b2\" data-element_type=\"container\">\n\t\t\t\t\t<div class=\"e-con-inner\">\n\t\t<div class=\"elementor-element elementor-element-85e9dc4 e-con-full e-flex e-con e-child\" data-id=\"85e9dc4\" data-element_type=\"container\">\n\t\t\t\t<div class=\"elementor-element elementor-element-9155eeb elementor-widget elementor-widget-wd_text_block\" data-id=\"9155eeb\" data-element_type=\"widget\" data-widget_type=\"wd_text_block.default\">\n\t\t\t\t<div class=\"elementor-widget-container\">\n\t\t\t\t\t\t\t<div class=\"wd-text-block reset-last-child text-left\">\n\t\t\t\n\t\t\t<p>Erginel Hukuk olarak bizler, KKTC\u2019nin uluslararas\u0131 arenadaki \u201c\u00f6zel\u201d stat\u00fcs\u00fcn\u00fc anl\u0131yoruz ve h\u00fck\u00fcmetlere uluslararas\u0131 kamu hukuku ve ticaret ve yat\u0131r\u0131m anla\u015fmalar\u0131 ve ayr\u0131ca \u00f6zel uluslararas\u0131 hukuk ve uluslararas\u0131 ticaret konular\u0131nda bireysel m\u00fcvekkillere dan\u0131\u015fmanl\u0131k konusunda geni\u015f deneyime sahibiz.<\/p><p>Avukatlar\u0131m\u0131z ve hukuk dan\u0131\u015fmanlar\u0131m\u0131z, yurtd\u0131\u015f\u0131nda i\u015f yapan yerli ve yabanc\u0131 \u015firketler ile yabanc\u0131 yarg\u0131 alanlar\u0131nda hukuki anla\u015fmazl\u0131klar ya\u015fayanlar i\u00e7in size stratejik hukuki dan\u0131\u015fmanl\u0131k sa\u011flayacakt\u0131r.<\/p>\n\t\t\t\t\t<\/div>\n\t\t\t\t\t\t<\/div>\n\t\t\t\t<\/div>\n\t\t\t\t<\/div>\n\t\t<div class=\"elementor-element elementor-element-14ecf7e e-con-full e-flex e-con e-child\" data-id=\"14ecf7e\" data-element_type=\"container\">\n\t\t\t\t<div class=\"elementor-element elementor-element-07828a2 elementor-widget elementor-widget-wd_text_block\" data-id=\"07828a2\" data-element_type=\"widget\" data-widget_type=\"wd_text_block.default\">\n\t\t\t\t<div class=\"elementor-widget-container\">\n\t\t\t\t\t\t\t<div class=\"wd-text-block reset-last-child text-left\">\n\t\t\t\n\t\t\t<div class=\"row \"><div id=\"wpv-column-44292a52c82347c06f0e23103797f6a2\" class=\"wpv-grid grid-1-2  wpv-first-level unextended\"><p>D\u00fcnya \u00e7ap\u0131nda yirmiden fazla uluslararas\u0131 muhabir avukata sahip olarak, m\u00fcvekkillerimizin bilmedikleri yasal b\u00f6lgelerde gezinmelerine yard\u0131mc\u0131 olmak i\u00e7in benzersiz bir donan\u0131ma sahibiz.<\/p><p>Erginel Hukuk olarak insan haklar\u0131n\u0131n korunmas\u0131 konusunda geni\u015f deneyime sahibiz ve avukatlar\u0131m\u0131z Avrupa \u0130nsan Haklar\u0131 Mahkemesi\u2019ne (A\u0130HM) yap\u0131lan ba\u015fvurularda size tavsiyelerde bulunabilir.<\/p><\/div><\/div>\n\t\t\t\t\t<\/div>\n\t\t\t\t\t\t<\/div>\n\t\t\t\t<\/div>\n\t\t\t\t<\/div>\n\t\t\t\t\t<\/div>\n\t\t\t\t<\/div>\n\t\t\t\t<\/div>\n\t\t","protected":false},"excerpt":{"rendered":"<p>Erginel Hukuk olarak bizler, KKTC\u2019nin uluslararas\u0131 arenadaki \u201c\u00f6zel\u201d stat\u00fcs\u00fcn\u00fc anl\u0131yoruz ve h\u00fck\u00fcmetlere uluslararas\u0131 kamu hukuku ve ticaret ve yat\u0131r\u0131m anla\u015fmalar\u0131<\/p>\n","protected":false},"author":1,"featured_media":0,"parent":0,"menu_order":0,"comment_status":"closed","ping_status":"closed","template":"elementor_header_footer","meta":{"footnotes":""},"class_list":["post-973","page","type-page","status-publish","hentry"],"yoast_head":"<!-- This site is optimized with the Yoast SEO plugin v26.5 - https:\/\/yoast.com\/wordpress\/plugins\/seo\/ -->\n<title>Uluslararas\u0131 hukuk - Erginel Law | Advocates &amp; Legal Consultants<\/title>\n<meta name=\"robots\" content=\"index, follow, max-snippet:-1, max-image-preview:large, max-video-preview:-1\" \/>\n<link rel=\"canonical\" href=\"https:\/\/erginellaw.com\/international-law\/\" \/>\n<meta property=\"og:locale\" content=\"tr_TR\" \/>\n<meta property=\"og:type\" content=\"article\" \/>\n<meta property=\"og:title\" content=\"Uluslararas\u0131 hukuk - Erginel Law | Advocates &amp; Legal Consultants\" \/>\n<meta property=\"og:description\" content=\"Erginel Hukuk olarak bizler, KKTC\u2019nin uluslararas\u0131 arenadaki \u201c\u00f6zel\u201d stat\u00fcs\u00fcn\u00fc anl\u0131yoruz ve h\u00fck\u00fcmetlere uluslararas\u0131 kamu hukuku ve ticaret ve yat\u0131r\u0131m anla\u015fmalar\u0131\" \/>\n<meta property=\"og:url\" content=\"https:\/\/erginellaw.com\/international-law\/\" \/>\n<meta property=\"og:site_name\" content=\"Erginel Law | Advocates &amp; Legal Consultants\" \/>\n<meta property=\"article:publisher\" content=\"https:\/\/www.facebook.com\/erginellaw\" \/>\n<meta property=\"article:modified_time\" content=\"2025-11-13T08:32:37+00:00\" \/>\n<meta name=\"twitter:card\" content=\"summary_large_image\" \/>\n<meta name=\"twitter:label1\" content=\"Tahmini okuma s\u00fcresi\" \/>\n\t<meta name=\"twitter:data1\" content=\"1 dakika\" \/>\n<script type=\"application\/ld+json\" class=\"yoast-schema-graph\">{\"@context\":\"https:\/\/schema.org\",\"@graph\":[{\"@type\":\"WebPage\",\"@id\":\"https:\/\/erginellaw.com\/international-law\/\",\"url\":\"https:\/\/erginellaw.com\/international-law\/\",\"name\":\"Uluslararas\u0131 hukuk - Erginel Law | Advocates &amp; Legal Consultants\",\"isPartOf\":{\"@id\":\"https:\/\/erginellaw.com\/#website\"},\"datePublished\":\"2025-11-11T08:41:47+00:00\",\"dateModified\":\"2025-11-13T08:32:37+00:00\",\"breadcrumb\":{\"@id\":\"https:\/\/erginellaw.com\/international-law\/#breadcrumb\"},\"inLanguage\":\"tr\",\"potentialAction\":[{\"@type\":\"ReadAction\",\"target\":[\"https:\/\/erginellaw.com\/international-law\/\"]}]},{\"@type\":\"BreadcrumbList\",\"@id\":\"https:\/\/erginellaw.com\/international-law\/#breadcrumb\",\"itemListElement\":[{\"@type\":\"ListItem\",\"position\":1,\"name\":\"Home\",\"item\":\"https:\/\/erginellaw.com\/tr\/\"},{\"@type\":\"ListItem\",\"position\":2,\"name\":\"Uluslararas\u0131 hukuk\"}]},{\"@type\":\"WebSite\",\"@id\":\"https:\/\/erginellaw.com\/#website\",\"url\":\"https:\/\/erginellaw.com\/\",\"name\":\"Erginellaw.Com | Advocates and Legal Consultants\",\"description\":\"\",\"publisher\":{\"@id\":\"https:\/\/erginellaw.com\/#organization\"},\"potentialAction\":[{\"@type\":\"SearchAction\",\"target\":{\"@type\":\"EntryPoint\",\"urlTemplate\":\"https:\/\/erginellaw.com\/?s={search_term_string}\"},\"query-input\":{\"@type\":\"PropertyValueSpecification\",\"valueRequired\":true,\"valueName\":\"search_term_string\"}}],\"inLanguage\":\"tr\"},{\"@type\":\"Organization\",\"@id\":\"https:\/\/erginellaw.com\/#organization\",\"name\":\"Erginellaw.Com | Advocates and Legal Consultants\",\"url\":\"https:\/\/erginellaw.com\/\",\"logo\":{\"@type\":\"ImageObject\",\"inLanguage\":\"tr\",\"@id\":\"https:\/\/erginellaw.com\/#\/schema\/logo\/image\/\",\"url\":\"https:\/\/erginellaw.com\/wp-content\/uploads\/2025\/11\/ergdfgh-1.jpeg\",\"contentUrl\":\"https:\/\/erginellaw.com\/wp-content\/uploads\/2025\/11\/ergdfgh-1.jpeg\",\"width\":2048,\"height\":1365,\"caption\":\"Erginellaw.Com | Advocates and Legal Consultants\"},\"image\":{\"@id\":\"https:\/\/erginellaw.com\/#\/schema\/logo\/image\/\"},\"sameAs\":[\"https:\/\/www.facebook.com\/erginellaw\",\"https:\/\/instagram.com\/erginel.law.cyprus\",\"https:\/\/www.linkedin.com\/company\/erginel-law\"]}]}<\/script>\n<!-- \/ Yoast SEO plugin. -->","yoast_head_json":{"title":"Uluslararas\u0131 hukuk - Erginel Law | Advocates &amp; Legal Consultants","robots":{"index":"index","follow":"follow","max-snippet":"max-snippet:-1","max-image-preview":"max-image-preview:large","max-video-preview":"max-video-preview:-1"},"canonical":"https:\/\/erginellaw.com\/international-law\/","og_locale":"tr_TR","og_type":"article","og_title":"Uluslararas\u0131 hukuk - Erginel Law | Advocates &amp; Legal Consultants","og_description":"Erginel Hukuk olarak bizler, KKTC\u2019nin uluslararas\u0131 arenadaki \u201c\u00f6zel\u201d stat\u00fcs\u00fcn\u00fc anl\u0131yoruz ve h\u00fck\u00fcmetlere uluslararas\u0131 kamu hukuku ve ticaret ve yat\u0131r\u0131m anla\u015fmalar\u0131","og_url":"https:\/\/erginellaw.com\/international-law\/","og_site_name":"Erginel Law | Advocates &amp; Legal Consultants","article_publisher":"https:\/\/www.facebook.com\/erginellaw","article_modified_time":"2025-11-13T08:32:37+00:00","twitter_card":"summary_large_image","twitter_misc":{"Tahmini okuma s\u00fcresi":"1 dakika"},"schema":{"@context":"https:\/\/schema.org","@graph":[{"@type":"WebPage","@id":"https:\/\/erginellaw.com\/international-law\/","url":"https:\/\/erginellaw.com\/international-law\/","name":"Uluslararas\u0131 hukuk - Erginel Law | Advocates &amp; Legal Consultants","isPartOf":{"@id":"https:\/\/erginellaw.com\/#website"},"datePublished":"2025-11-11T08:41:47+00:00","dateModified":"2025-11-13T08:32:37+00:00","breadcrumb":{"@id":"https:\/\/erginellaw.com\/international-law\/#breadcrumb"},"inLanguage":"tr","potentialAction":[{"@type":"ReadAction","target":["https:\/\/erginellaw.com\/international-law\/"]}]},{"@type":"BreadcrumbList","@id":"https:\/\/erginellaw.com\/international-law\/#breadcrumb","itemListElement":[{"@type":"ListItem","position":1,"name":"Home","item":"https:\/\/erginellaw.com\/tr\/"},{"@type":"ListItem","position":2,"name":"Uluslararas\u0131 hukuk"}]},{"@type":"WebSite","@id":"https:\/\/erginellaw.com\/#website","url":"https:\/\/erginellaw.com\/","name":"Erginellaw.Com | Advocates and Legal Consultants","description":"","publisher":{"@id":"https:\/\/erginellaw.com\/#organization"},"potentialAction":[{"@type":"SearchAction","target":{"@type":"EntryPoint","urlTemplate":"https:\/\/erginellaw.com\/?s={search_term_string}"},"query-input":{"@type":"PropertyValueSpecification","valueRequired":true,"valueName":"search_term_string"}}],"inLanguage":"tr"},{"@type":"Organization","@id":"https:\/\/erginellaw.com\/#organization","name":"Erginellaw.Com | Advocates and Legal Consultants","url":"https:\/\/erginellaw.com\/","logo":{"@type":"ImageObject","inLanguage":"tr","@id":"https:\/\/erginellaw.com\/#\/schema\/logo\/image\/","url":"https:\/\/erginellaw.com\/wp-content\/uploads\/2025\/11\/ergdfgh-1.jpeg","contentUrl":"https:\/\/erginellaw.com\/wp-content\/uploads\/2025\/11\/ergdfgh-1.jpeg","width":2048,"height":1365,"caption":"Erginellaw.Com | Advocates and Legal Consultants"},"image":{"@id":"https:\/\/erginellaw.com\/#\/schema\/logo\/image\/"},"sameAs":["https:\/\/www.facebook.com\/erginellaw","https:\/\/instagram.com\/erginel.law.cyprus","https:\/\/www.linkedin.com\/company\/erginel-law"]}]}},"_links":{"self":[{"href":"https:\/\/erginellaw.com\/tr\/wp-json\/wp\/v2\/pages\/973","targetHints":{"allow":["GET"]}}],"collection":[{"href":"https:\/\/erginellaw.com\/tr\/wp-json\/wp\/v2\/pages"}],"about":[{"href":"https:\/\/erginellaw.com\/tr\/wp-json\/wp\/v2\/types\/page"}],"author":[{"embeddable":true,"href":"https:\/\/erginellaw.com\/tr\/wp-json\/wp\/v2\/users\/1"}],"replies":[{"embeddable":true,"href":"https:\/\/erginellaw.com\/tr\/wp-json\/wp\/v2\/comments?post=973"}],"version-history":[{"count":0,"href":"https:\/\/erginellaw.com\/tr\/wp-json\/wp\/v2\/pages\/973\/revisions"}],"wp:attachment":[{"href":"https:\/\/erginellaw.com\/tr\/wp-json\/wp\/v2\/media?parent=973"}],"curies":[{"name":"wp","href":"https:\/\/api.w.org\/{rel}","templated":true}]}}