{"id":933,"date":"2025-11-11T11:44:18","date_gmt":"2025-11-11T08:44:18","guid":{"rendered":"https:\/\/bababilgisayar.com\/new\/the-eu-aid-programme-for-turkish-cypriot-community\/"},"modified":"2025-11-13T11:30:38","modified_gmt":"2025-11-13T08:30:38","slug":"kibris-turk-toplumu-icin-yardim-programi","status":"publish","type":"page","link":"https:\/\/erginellaw.com\/tr\/kibris-turk-toplumu-icin-yardim-programi\/","title":{"rendered":"K\u0131br\u0131s T\u00fcrk toplumu i\u00e7in Yard\u0131m Program\u0131"},"content":{"rendered":"\t\t<div data-elementor-type=\"wp-page\" data-elementor-id=\"933\" class=\"elementor elementor-933 elementor-115\">\n\t\t\t\t<div class=\"wd-negative-gap elementor-element elementor-element-b3397ee e-flex e-con-boxed e-con e-parent\" data-id=\"b3397ee\" data-element_type=\"container\">\n\t\t\t\t\t<div class=\"e-con-inner\">\n\t\t<div class=\"elementor-element elementor-element-f5fa40e e-con-full e-flex e-con e-child\" data-id=\"f5fa40e\" data-element_type=\"container\">\n\t\t\t\t<div class=\"elementor-element elementor-element-5503ded elementor-widget elementor-widget-wd_text_block\" data-id=\"5503ded\" data-element_type=\"widget\" data-widget_type=\"wd_text_block.default\">\n\t\t\t\t<div class=\"elementor-widget-container\">\n\t\t\t\t\t\t\t<div class=\"wd-text-block reset-last-child text-left\">\n\t\t\t\n\t\t\t<p>K\u0131br\u0131s T\u00fcrk toplumu i\u00e7in AB Yard\u0131m Program\u0131, K\u0131br\u0131s T\u00fcrk toplumunun ekonomik kalk\u0131nmas\u0131n\u0131 te\u015fvik etmeyi, K\u0131br\u0131s\u2019\u0131n yeniden birle\u015fmesini kolayla\u015ft\u0131rmay\u0131 ve iki toplum ile AB aras\u0131ndaki temaslar\u0131 iyile\u015ftirmeyi ama\u00e7lamaktad\u0131r. Program Destek Ofisi (EUPSO) ayr\u0131ca ekonomik kalk\u0131nmay\u0131 desteklemek i\u00e7in teknik yard\u0131m ve bilgi sa\u011flamaktad\u0131r<\/p>\n\t\t\t\t\t<\/div>\n\t\t\t\t\t\t<\/div>\n\t\t\t\t<\/div>\n\t\t\t\t<\/div>\n\t\t<div class=\"elementor-element elementor-element-7866fc7 e-con-full e-flex e-con e-child\" data-id=\"7866fc7\" data-element_type=\"container\">\n\t\t\t\t<div class=\"elementor-element elementor-element-fa9a0aa elementor-widget elementor-widget-wd_text_block\" data-id=\"fa9a0aa\" data-element_type=\"widget\" data-widget_type=\"wd_text_block.default\">\n\t\t\t\t<div class=\"elementor-widget-container\">\n\t\t\t\t\t\t\t<div class=\"wd-text-block reset-last-child text-left\">\n\t\t\t\n\t\t\t<div id=\"wpv-column-704ace881dbc36926260da268953448c\" class=\"wpv-grid grid-1-2  wpv-first-level first unextended\"><p><em>Erginel hukukunda, AB yasalar\u0131 ve y\u00f6netmelikleri konusunda KKTC\u2019deki en derin deneyime sahibiz. AB Yard\u0131m Program\u0131\u2019na ba\u015fvururken yasal tavsiye alman\u0131z\u0131 tavsiye ediyoruz. Ba\u015fvuru format\u0131na kesinlikle uyulmal\u0131d\u0131r, aksi takdirde ba\u015fvuru reddedilecektir. Bu nedenle zamandan tasarruf etmek ve maddi destek f\u0131rsatlar\u0131n\u0131 ka\u00e7\u0131rmamak i\u00e7in size yard\u0131mc\u0131 olabiliriz.<\/em><\/p><\/div>\n\t\t\t\t\t<\/div>\n\t\t\t\t\t\t<\/div>\n\t\t\t\t<\/div>\n\t\t\t\t<\/div>\n\t\t\t\t\t<\/div>\n\t\t\t\t<\/div>\n\t\t\t\t<\/div>\n\t\t","protected":false},"excerpt":{"rendered":"<p>K\u0131br\u0131s T\u00fcrk toplumu i\u00e7in AB Yard\u0131m Program\u0131, K\u0131br\u0131s T\u00fcrk toplumunun ekonomik kalk\u0131nmas\u0131n\u0131 te\u015fvik etmeyi, K\u0131br\u0131s\u2019\u0131n yeniden birle\u015fmesini kolayla\u015ft\u0131rmay\u0131 ve iki<\/p>\n","protected":false},"author":1,"featured_media":0,"parent":0,"menu_order":0,"comment_status":"closed","ping_status":"closed","template":"elementor_header_footer","meta":{"footnotes":""},"class_list":["post-933","page","type-page","status-publish","hentry"],"yoast_head":"<!-- This site is optimized with the Yoast SEO plugin v26.5 - https:\/\/yoast.com\/wordpress\/plugins\/seo\/ -->\n<title>K\u0131br\u0131s T\u00fcrk toplumu i\u00e7in Yard\u0131m Program\u0131 - Erginel Law | Advocates &amp; Legal Consultants<\/title>\n<meta name=\"robots\" content=\"index, follow, max-snippet:-1, max-image-preview:large, max-video-preview:-1\" \/>\n<link rel=\"canonical\" href=\"https:\/\/erginellaw.com\/the-eu-aid-programme-for-turkish-cypriot-community\/\" \/>\n<meta property=\"og:locale\" content=\"tr_TR\" \/>\n<meta property=\"og:type\" content=\"article\" \/>\n<meta property=\"og:title\" content=\"K\u0131br\u0131s T\u00fcrk toplumu i\u00e7in Yard\u0131m Program\u0131 - Erginel Law | Advocates &amp; Legal Consultants\" \/>\n<meta property=\"og:description\" content=\"K\u0131br\u0131s T\u00fcrk toplumu i\u00e7in AB Yard\u0131m Program\u0131, K\u0131br\u0131s T\u00fcrk toplumunun ekonomik kalk\u0131nmas\u0131n\u0131 te\u015fvik etmeyi, K\u0131br\u0131s\u2019\u0131n yeniden birle\u015fmesini kolayla\u015ft\u0131rmay\u0131 ve iki\" \/>\n<meta property=\"og:url\" content=\"https:\/\/erginellaw.com\/the-eu-aid-programme-for-turkish-cypriot-community\/\" \/>\n<meta property=\"og:site_name\" content=\"Erginel Law | Advocates &amp; Legal Consultants\" \/>\n<meta property=\"article:publisher\" content=\"https:\/\/www.facebook.com\/erginellaw\" \/>\n<meta property=\"article:modified_time\" content=\"2025-11-13T08:30:38+00:00\" \/>\n<meta name=\"twitter:card\" content=\"summary_large_image\" \/>\n<meta name=\"twitter:label1\" content=\"Tahmini okuma s\u00fcresi\" \/>\n\t<meta name=\"twitter:data1\" content=\"1 dakika\" \/>\n<script type=\"application\/ld+json\" class=\"yoast-schema-graph\">{\"@context\":\"https:\/\/schema.org\",\"@graph\":[{\"@type\":\"WebPage\",\"@id\":\"https:\/\/erginellaw.com\/the-eu-aid-programme-for-turkish-cypriot-community\/\",\"url\":\"https:\/\/erginellaw.com\/the-eu-aid-programme-for-turkish-cypriot-community\/\",\"name\":\"K\u0131br\u0131s T\u00fcrk toplumu i\u00e7in Yard\u0131m Program\u0131 - Erginel Law | Advocates &amp; Legal Consultants\",\"isPartOf\":{\"@id\":\"https:\/\/erginellaw.com\/#website\"},\"datePublished\":\"2025-11-11T08:44:18+00:00\",\"dateModified\":\"2025-11-13T08:30:38+00:00\",\"breadcrumb\":{\"@id\":\"https:\/\/erginellaw.com\/the-eu-aid-programme-for-turkish-cypriot-community\/#breadcrumb\"},\"inLanguage\":\"tr\",\"potentialAction\":[{\"@type\":\"ReadAction\",\"target\":[\"https:\/\/erginellaw.com\/the-eu-aid-programme-for-turkish-cypriot-community\/\"]}]},{\"@type\":\"BreadcrumbList\",\"@id\":\"https:\/\/erginellaw.com\/the-eu-aid-programme-for-turkish-cypriot-community\/#breadcrumb\",\"itemListElement\":[{\"@type\":\"ListItem\",\"position\":1,\"name\":\"Home\",\"item\":\"https:\/\/erginellaw.com\/tr\/\"},{\"@type\":\"ListItem\",\"position\":2,\"name\":\"K\u0131br\u0131s T\u00fcrk toplumu i\u00e7in Yard\u0131m Program\u0131\"}]},{\"@type\":\"WebSite\",\"@id\":\"https:\/\/erginellaw.com\/#website\",\"url\":\"https:\/\/erginellaw.com\/\",\"name\":\"Erginellaw.Com | Advocates and Legal Consultants\",\"description\":\"\",\"publisher\":{\"@id\":\"https:\/\/erginellaw.com\/#organization\"},\"potentialAction\":[{\"@type\":\"SearchAction\",\"target\":{\"@type\":\"EntryPoint\",\"urlTemplate\":\"https:\/\/erginellaw.com\/?s={search_term_string}\"},\"query-input\":{\"@type\":\"PropertyValueSpecification\",\"valueRequired\":true,\"valueName\":\"search_term_string\"}}],\"inLanguage\":\"tr\"},{\"@type\":\"Organization\",\"@id\":\"https:\/\/erginellaw.com\/#organization\",\"name\":\"Erginellaw.Com | Advocates and Legal Consultants\",\"url\":\"https:\/\/erginellaw.com\/\",\"logo\":{\"@type\":\"ImageObject\",\"inLanguage\":\"tr\",\"@id\":\"https:\/\/erginellaw.com\/#\/schema\/logo\/image\/\",\"url\":\"https:\/\/erginellaw.com\/wp-content\/uploads\/2025\/11\/ergdfgh-1.jpeg\",\"contentUrl\":\"https:\/\/erginellaw.com\/wp-content\/uploads\/2025\/11\/ergdfgh-1.jpeg\",\"width\":2048,\"height\":1365,\"caption\":\"Erginellaw.Com | Advocates and Legal Consultants\"},\"image\":{\"@id\":\"https:\/\/erginellaw.com\/#\/schema\/logo\/image\/\"},\"sameAs\":[\"https:\/\/www.facebook.com\/erginellaw\",\"https:\/\/instagram.com\/erginel.law.cyprus\",\"https:\/\/www.linkedin.com\/company\/erginel-law\"]}]}<\/script>\n<!-- \/ Yoast SEO plugin. -->","yoast_head_json":{"title":"K\u0131br\u0131s T\u00fcrk toplumu i\u00e7in Yard\u0131m Program\u0131 - Erginel Law | Advocates &amp; Legal Consultants","robots":{"index":"index","follow":"follow","max-snippet":"max-snippet:-1","max-image-preview":"max-image-preview:large","max-video-preview":"max-video-preview:-1"},"canonical":"https:\/\/erginellaw.com\/the-eu-aid-programme-for-turkish-cypriot-community\/","og_locale":"tr_TR","og_type":"article","og_title":"K\u0131br\u0131s T\u00fcrk toplumu i\u00e7in Yard\u0131m Program\u0131 - Erginel Law | Advocates &amp; Legal Consultants","og_description":"K\u0131br\u0131s T\u00fcrk toplumu i\u00e7in AB Yard\u0131m Program\u0131, K\u0131br\u0131s T\u00fcrk toplumunun ekonomik kalk\u0131nmas\u0131n\u0131 te\u015fvik etmeyi, K\u0131br\u0131s\u2019\u0131n yeniden birle\u015fmesini kolayla\u015ft\u0131rmay\u0131 ve iki","og_url":"https:\/\/erginellaw.com\/the-eu-aid-programme-for-turkish-cypriot-community\/","og_site_name":"Erginel Law | Advocates &amp; Legal Consultants","article_publisher":"https:\/\/www.facebook.com\/erginellaw","article_modified_time":"2025-11-13T08:30:38+00:00","twitter_card":"summary_large_image","twitter_misc":{"Tahmini okuma s\u00fcresi":"1 dakika"},"schema":{"@context":"https:\/\/schema.org","@graph":[{"@type":"WebPage","@id":"https:\/\/erginellaw.com\/the-eu-aid-programme-for-turkish-cypriot-community\/","url":"https:\/\/erginellaw.com\/the-eu-aid-programme-for-turkish-cypriot-community\/","name":"K\u0131br\u0131s T\u00fcrk toplumu i\u00e7in Yard\u0131m Program\u0131 - Erginel Law | Advocates &amp; Legal Consultants","isPartOf":{"@id":"https:\/\/erginellaw.com\/#website"},"datePublished":"2025-11-11T08:44:18+00:00","dateModified":"2025-11-13T08:30:38+00:00","breadcrumb":{"@id":"https:\/\/erginellaw.com\/the-eu-aid-programme-for-turkish-cypriot-community\/#breadcrumb"},"inLanguage":"tr","potentialAction":[{"@type":"ReadAction","target":["https:\/\/erginellaw.com\/the-eu-aid-programme-for-turkish-cypriot-community\/"]}]},{"@type":"BreadcrumbList","@id":"https:\/\/erginellaw.com\/the-eu-aid-programme-for-turkish-cypriot-community\/#breadcrumb","itemListElement":[{"@type":"ListItem","position":1,"name":"Home","item":"https:\/\/erginellaw.com\/tr\/"},{"@type":"ListItem","position":2,"name":"K\u0131br\u0131s T\u00fcrk toplumu i\u00e7in Yard\u0131m Program\u0131"}]},{"@type":"WebSite","@id":"https:\/\/erginellaw.com\/#website","url":"https:\/\/erginellaw.com\/","name":"Erginellaw.Com | Advocates and Legal Consultants","description":"","publisher":{"@id":"https:\/\/erginellaw.com\/#organization"},"potentialAction":[{"@type":"SearchAction","target":{"@type":"EntryPoint","urlTemplate":"https:\/\/erginellaw.com\/?s={search_term_string}"},"query-input":{"@type":"PropertyValueSpecification","valueRequired":true,"valueName":"search_term_string"}}],"inLanguage":"tr"},{"@type":"Organization","@id":"https:\/\/erginellaw.com\/#organization","name":"Erginellaw.Com | Advocates and Legal Consultants","url":"https:\/\/erginellaw.com\/","logo":{"@type":"ImageObject","inLanguage":"tr","@id":"https:\/\/erginellaw.com\/#\/schema\/logo\/image\/","url":"https:\/\/erginellaw.com\/wp-content\/uploads\/2025\/11\/ergdfgh-1.jpeg","contentUrl":"https:\/\/erginellaw.com\/wp-content\/uploads\/2025\/11\/ergdfgh-1.jpeg","width":2048,"height":1365,"caption":"Erginellaw.Com | Advocates and Legal Consultants"},"image":{"@id":"https:\/\/erginellaw.com\/#\/schema\/logo\/image\/"},"sameAs":["https:\/\/www.facebook.com\/erginellaw","https:\/\/instagram.com\/erginel.law.cyprus","https:\/\/www.linkedin.com\/company\/erginel-law"]}]}},"_links":{"self":[{"href":"https:\/\/erginellaw.com\/tr\/wp-json\/wp\/v2\/pages\/933","targetHints":{"allow":["GET"]}}],"collection":[{"href":"https:\/\/erginellaw.com\/tr\/wp-json\/wp\/v2\/pages"}],"about":[{"href":"https:\/\/erginellaw.com\/tr\/wp-json\/wp\/v2\/types\/page"}],"author":[{"embeddable":true,"href":"https:\/\/erginellaw.com\/tr\/wp-json\/wp\/v2\/users\/1"}],"replies":[{"embeddable":true,"href":"https:\/\/erginellaw.com\/tr\/wp-json\/wp\/v2\/comments?post=933"}],"version-history":[{"count":0,"href":"https:\/\/erginellaw.com\/tr\/wp-json\/wp\/v2\/pages\/933\/revisions"}],"wp:attachment":[{"href":"https:\/\/erginellaw.com\/tr\/wp-json\/wp\/v2\/media?parent=933"}],"curies":[{"name":"wp","href":"https:\/\/api.w.org\/{rel}","templated":true}]}}