{"id":908,"date":"2025-11-11T11:23:35","date_gmt":"2025-11-11T08:23:35","guid":{"rendered":"https:\/\/bababilgisayar.com\/new\/intellectual-property-trademarks-and-patents\/"},"modified":"2025-11-13T11:24:26","modified_gmt":"2025-11-13T08:24:26","slug":"fikri-mulkiyet-ticari-markalar-ve-patentler","status":"publish","type":"page","link":"https:\/\/erginellaw.com\/tr\/fikri-mulkiyet-ticari-markalar-ve-patentler\/","title":{"rendered":"Fikri M\u00fclkiyet, Ticari Markalar ve Patentler"},"content":{"rendered":"\t\t<div data-elementor-type=\"wp-page\" data-elementor-id=\"908\" class=\"elementor elementor-908 elementor-59\">\n\t\t\t\t<div class=\"wd-negative-gap elementor-element elementor-element-f1cabee e-flex e-con-boxed e-con e-parent\" data-id=\"f1cabee\" data-element_type=\"container\">\n\t\t\t\t\t<div class=\"e-con-inner\">\n\t\t<div class=\"elementor-element elementor-element-20e18bd e-con-full e-flex e-con e-child\" data-id=\"20e18bd\" data-element_type=\"container\">\n\t\t\t\t<div class=\"elementor-element elementor-element-07377c9 elementor-widget elementor-widget-wd_text_block\" data-id=\"07377c9\" data-element_type=\"widget\" data-widget_type=\"wd_text_block.default\">\n\t\t\t\t<div class=\"elementor-widget-container\">\n\t\t\t\t\t\t\t<div class=\"wd-text-block reset-last-child text-left\">\n\t\t\t\n\t\t\t<p>Erginel Hukuk B\u00fcrosu Levi\u2019s, Crocs, Quiksilver, Nike ve Caterpillar gibi bir\u00e7ok uluslararas\u0131 \u015firketi temsil etmi\u015ftir ve fikri m\u00fclkiyet, ticari markalar ve patent alanlar\u0131nda uzmanl\u0131\u011fa sahiptir. Fikri m\u00fclkiyet alan\u0131nda kazanm\u0131\u015f oldu\u011fumuz ba\u015far\u0131lar bas\u0131nda geni\u015f yer buldu ve \u00f6rne\u011fin bir davada mahkeme karar\u0131yla sahte \u00fcr\u00fcnler \u00fcreten fabrikalar\u0131n kapat\u0131lmas\u0131n\u0131 sa\u011flad\u0131k.<\/p>\n\t\t\t\t\t<\/div>\n\t\t\t\t\t\t<\/div>\n\t\t\t\t<\/div>\n\t\t\t\t<\/div>\n\t\t<div class=\"elementor-element elementor-element-1a74ed9 e-con-full e-flex e-con e-child\" data-id=\"1a74ed9\" data-element_type=\"container\">\n\t\t\t\t<div class=\"elementor-element elementor-element-14042df elementor-widget elementor-widget-wd_text_block\" data-id=\"14042df\" data-element_type=\"widget\" data-widget_type=\"wd_text_block.default\">\n\t\t\t\t<div class=\"elementor-widget-container\">\n\t\t\t\t\t\t\t<div class=\"wd-text-block reset-last-child text-left\">\n\t\t\t\n\t\t\t<p><em>Ba\u015fta Levi Strauss ve Nike markalar\u0131 olmak \u00fczere, \u00e7ok say\u0131da fikri m\u00fclkiyet ihlali davas\u0131nda KKTC mahkemelerinde b\u00fcy\u00fck ba\u015far\u0131lar elde ettik ve m\u00fckemmel bir ba\u015far\u0131 siciline sahibiz.<\/em><\/p>\n\t\t\t\t\t<\/div>\n\t\t\t\t\t\t<\/div>\n\t\t\t\t<\/div>\n\t\t\t\t<\/div>\n\t\t\t\t\t<\/div>\n\t\t\t\t<\/div>\n\t\t\t\t<\/div>\n\t\t","protected":false},"excerpt":{"rendered":"<p>Erginel Hukuk B\u00fcrosu Levi\u2019s, Crocs, Quiksilver, Nike ve Caterpillar gibi bir\u00e7ok uluslararas\u0131 \u015firketi temsil etmi\u015ftir ve fikri m\u00fclkiyet, ticari markalar<\/p>\n","protected":false},"author":1,"featured_media":0,"parent":0,"menu_order":0,"comment_status":"closed","ping_status":"closed","template":"elementor_header_footer","meta":{"footnotes":""},"class_list":["post-908","page","type-page","status-publish","hentry"],"yoast_head":"<!-- This site is optimized with the Yoast SEO plugin v26.5 - https:\/\/yoast.com\/wordpress\/plugins\/seo\/ -->\n<title>Fikri M\u00fclkiyet, Ticari Markalar ve Patentler - Erginel Law | Advocates &amp; Legal Consultants<\/title>\n<meta name=\"robots\" content=\"index, follow, max-snippet:-1, max-image-preview:large, max-video-preview:-1\" \/>\n<link rel=\"canonical\" href=\"https:\/\/erginellaw.com\/intellectual-property-trademarks-and-patents\/\" \/>\n<meta property=\"og:locale\" content=\"tr_TR\" \/>\n<meta property=\"og:type\" content=\"article\" \/>\n<meta property=\"og:title\" content=\"Fikri M\u00fclkiyet, Ticari Markalar ve Patentler - Erginel Law | Advocates &amp; Legal Consultants\" \/>\n<meta property=\"og:description\" content=\"Erginel Hukuk B\u00fcrosu Levi\u2019s, Crocs, Quiksilver, Nike ve Caterpillar gibi bir\u00e7ok uluslararas\u0131 \u015firketi temsil etmi\u015ftir ve fikri m\u00fclkiyet, ticari markalar\" \/>\n<meta property=\"og:url\" content=\"https:\/\/erginellaw.com\/intellectual-property-trademarks-and-patents\/\" \/>\n<meta property=\"og:site_name\" content=\"Erginel Law | Advocates &amp; Legal Consultants\" \/>\n<meta property=\"article:publisher\" content=\"https:\/\/www.facebook.com\/erginellaw\" \/>\n<meta property=\"article:modified_time\" content=\"2025-11-13T08:24:26+00:00\" \/>\n<meta name=\"twitter:card\" content=\"summary_large_image\" \/>\n<meta name=\"twitter:label1\" content=\"Tahmini okuma s\u00fcresi\" \/>\n\t<meta name=\"twitter:data1\" content=\"1 dakika\" \/>\n<script type=\"application\/ld+json\" class=\"yoast-schema-graph\">{\"@context\":\"https:\/\/schema.org\",\"@graph\":[{\"@type\":\"WebPage\",\"@id\":\"https:\/\/erginellaw.com\/intellectual-property-trademarks-and-patents\/\",\"url\":\"https:\/\/erginellaw.com\/intellectual-property-trademarks-and-patents\/\",\"name\":\"Fikri M\u00fclkiyet, Ticari Markalar ve Patentler - Erginel Law | Advocates &amp; Legal Consultants\",\"isPartOf\":{\"@id\":\"https:\/\/erginellaw.com\/#website\"},\"datePublished\":\"2025-11-11T08:23:35+00:00\",\"dateModified\":\"2025-11-13T08:24:26+00:00\",\"breadcrumb\":{\"@id\":\"https:\/\/erginellaw.com\/intellectual-property-trademarks-and-patents\/#breadcrumb\"},\"inLanguage\":\"tr\",\"potentialAction\":[{\"@type\":\"ReadAction\",\"target\":[\"https:\/\/erginellaw.com\/intellectual-property-trademarks-and-patents\/\"]}]},{\"@type\":\"BreadcrumbList\",\"@id\":\"https:\/\/erginellaw.com\/intellectual-property-trademarks-and-patents\/#breadcrumb\",\"itemListElement\":[{\"@type\":\"ListItem\",\"position\":1,\"name\":\"Home\",\"item\":\"https:\/\/erginellaw.com\/tr\/\"},{\"@type\":\"ListItem\",\"position\":2,\"name\":\"Fikri M\u00fclkiyet, Ticari Markalar ve Patentler\"}]},{\"@type\":\"WebSite\",\"@id\":\"https:\/\/erginellaw.com\/#website\",\"url\":\"https:\/\/erginellaw.com\/\",\"name\":\"Erginellaw.Com | Advocates and Legal Consultants\",\"description\":\"\",\"publisher\":{\"@id\":\"https:\/\/erginellaw.com\/#organization\"},\"potentialAction\":[{\"@type\":\"SearchAction\",\"target\":{\"@type\":\"EntryPoint\",\"urlTemplate\":\"https:\/\/erginellaw.com\/?s={search_term_string}\"},\"query-input\":{\"@type\":\"PropertyValueSpecification\",\"valueRequired\":true,\"valueName\":\"search_term_string\"}}],\"inLanguage\":\"tr\"},{\"@type\":\"Organization\",\"@id\":\"https:\/\/erginellaw.com\/#organization\",\"name\":\"Erginellaw.Com | Advocates and Legal Consultants\",\"url\":\"https:\/\/erginellaw.com\/\",\"logo\":{\"@type\":\"ImageObject\",\"inLanguage\":\"tr\",\"@id\":\"https:\/\/erginellaw.com\/#\/schema\/logo\/image\/\",\"url\":\"https:\/\/erginellaw.com\/wp-content\/uploads\/2025\/11\/ergdfgh-1.jpeg\",\"contentUrl\":\"https:\/\/erginellaw.com\/wp-content\/uploads\/2025\/11\/ergdfgh-1.jpeg\",\"width\":2048,\"height\":1365,\"caption\":\"Erginellaw.Com | Advocates and Legal Consultants\"},\"image\":{\"@id\":\"https:\/\/erginellaw.com\/#\/schema\/logo\/image\/\"},\"sameAs\":[\"https:\/\/www.facebook.com\/erginellaw\",\"https:\/\/instagram.com\/erginel.law.cyprus\",\"https:\/\/www.linkedin.com\/company\/erginel-law\"]}]}<\/script>\n<!-- \/ Yoast SEO plugin. -->","yoast_head_json":{"title":"Fikri M\u00fclkiyet, Ticari Markalar ve Patentler - Erginel Law | Advocates &amp; Legal Consultants","robots":{"index":"index","follow":"follow","max-snippet":"max-snippet:-1","max-image-preview":"max-image-preview:large","max-video-preview":"max-video-preview:-1"},"canonical":"https:\/\/erginellaw.com\/intellectual-property-trademarks-and-patents\/","og_locale":"tr_TR","og_type":"article","og_title":"Fikri M\u00fclkiyet, Ticari Markalar ve Patentler - Erginel Law | Advocates &amp; Legal Consultants","og_description":"Erginel Hukuk B\u00fcrosu Levi\u2019s, Crocs, Quiksilver, Nike ve Caterpillar gibi bir\u00e7ok uluslararas\u0131 \u015firketi temsil etmi\u015ftir ve fikri m\u00fclkiyet, ticari markalar","og_url":"https:\/\/erginellaw.com\/intellectual-property-trademarks-and-patents\/","og_site_name":"Erginel Law | Advocates &amp; Legal Consultants","article_publisher":"https:\/\/www.facebook.com\/erginellaw","article_modified_time":"2025-11-13T08:24:26+00:00","twitter_card":"summary_large_image","twitter_misc":{"Tahmini okuma s\u00fcresi":"1 dakika"},"schema":{"@context":"https:\/\/schema.org","@graph":[{"@type":"WebPage","@id":"https:\/\/erginellaw.com\/intellectual-property-trademarks-and-patents\/","url":"https:\/\/erginellaw.com\/intellectual-property-trademarks-and-patents\/","name":"Fikri M\u00fclkiyet, Ticari Markalar ve Patentler - Erginel Law | Advocates &amp; Legal Consultants","isPartOf":{"@id":"https:\/\/erginellaw.com\/#website"},"datePublished":"2025-11-11T08:23:35+00:00","dateModified":"2025-11-13T08:24:26+00:00","breadcrumb":{"@id":"https:\/\/erginellaw.com\/intellectual-property-trademarks-and-patents\/#breadcrumb"},"inLanguage":"tr","potentialAction":[{"@type":"ReadAction","target":["https:\/\/erginellaw.com\/intellectual-property-trademarks-and-patents\/"]}]},{"@type":"BreadcrumbList","@id":"https:\/\/erginellaw.com\/intellectual-property-trademarks-and-patents\/#breadcrumb","itemListElement":[{"@type":"ListItem","position":1,"name":"Home","item":"https:\/\/erginellaw.com\/tr\/"},{"@type":"ListItem","position":2,"name":"Fikri M\u00fclkiyet, Ticari Markalar ve Patentler"}]},{"@type":"WebSite","@id":"https:\/\/erginellaw.com\/#website","url":"https:\/\/erginellaw.com\/","name":"Erginellaw.Com | Advocates and Legal Consultants","description":"","publisher":{"@id":"https:\/\/erginellaw.com\/#organization"},"potentialAction":[{"@type":"SearchAction","target":{"@type":"EntryPoint","urlTemplate":"https:\/\/erginellaw.com\/?s={search_term_string}"},"query-input":{"@type":"PropertyValueSpecification","valueRequired":true,"valueName":"search_term_string"}}],"inLanguage":"tr"},{"@type":"Organization","@id":"https:\/\/erginellaw.com\/#organization","name":"Erginellaw.Com | Advocates and Legal Consultants","url":"https:\/\/erginellaw.com\/","logo":{"@type":"ImageObject","inLanguage":"tr","@id":"https:\/\/erginellaw.com\/#\/schema\/logo\/image\/","url":"https:\/\/erginellaw.com\/wp-content\/uploads\/2025\/11\/ergdfgh-1.jpeg","contentUrl":"https:\/\/erginellaw.com\/wp-content\/uploads\/2025\/11\/ergdfgh-1.jpeg","width":2048,"height":1365,"caption":"Erginellaw.Com | Advocates and Legal Consultants"},"image":{"@id":"https:\/\/erginellaw.com\/#\/schema\/logo\/image\/"},"sameAs":["https:\/\/www.facebook.com\/erginellaw","https:\/\/instagram.com\/erginel.law.cyprus","https:\/\/www.linkedin.com\/company\/erginel-law"]}]}},"_links":{"self":[{"href":"https:\/\/erginellaw.com\/tr\/wp-json\/wp\/v2\/pages\/908","targetHints":{"allow":["GET"]}}],"collection":[{"href":"https:\/\/erginellaw.com\/tr\/wp-json\/wp\/v2\/pages"}],"about":[{"href":"https:\/\/erginellaw.com\/tr\/wp-json\/wp\/v2\/types\/page"}],"author":[{"embeddable":true,"href":"https:\/\/erginellaw.com\/tr\/wp-json\/wp\/v2\/users\/1"}],"replies":[{"embeddable":true,"href":"https:\/\/erginellaw.com\/tr\/wp-json\/wp\/v2\/comments?post=908"}],"version-history":[{"count":0,"href":"https:\/\/erginellaw.com\/tr\/wp-json\/wp\/v2\/pages\/908\/revisions"}],"wp:attachment":[{"href":"https:\/\/erginellaw.com\/tr\/wp-json\/wp\/v2\/media?parent=908"}],"curies":[{"name":"wp","href":"https:\/\/api.w.org\/{rel}","templated":true}]}}