{"id":886,"date":"2025-11-11T11:26:23","date_gmt":"2025-11-11T08:26:23","guid":{"rendered":"https:\/\/bababilgisayar.com\/new\/corporate-commercial-and-banking-law\/"},"modified":"2025-11-13T11:20:56","modified_gmt":"2025-11-13T08:20:56","slug":"sirketler-ticaret-ve-bankacilik-hukuku","status":"publish","type":"page","link":"https:\/\/erginellaw.com\/tr\/sirketler-ticaret-ve-bankacilik-hukuku\/","title":{"rendered":"\u015eirketler, Ticaret ve Bankac\u0131l\u0131k Hukuku"},"content":{"rendered":"\t\t<div data-elementor-type=\"wp-page\" data-elementor-id=\"886\" class=\"elementor elementor-886 elementor-65\">\n\t\t\t\t<div class=\"wd-negative-gap elementor-element elementor-element-0f2a987 e-flex e-con-boxed e-con e-parent\" data-id=\"0f2a987\" data-element_type=\"container\">\n\t\t\t\t\t<div class=\"e-con-inner\">\n\t\t<div class=\"elementor-element elementor-element-3d892cb e-con-full e-flex e-con e-child\" data-id=\"3d892cb\" data-element_type=\"container\">\n\t\t\t\t<div class=\"elementor-element elementor-element-cc24039 elementor-widget elementor-widget-wd_text_block\" data-id=\"cc24039\" data-element_type=\"widget\" data-widget_type=\"wd_text_block.default\">\n\t\t\t\t<div class=\"elementor-widget-container\">\n\t\t\t\t\t\t\t<div class=\"wd-text-block reset-last-child text-left\">\n\t\t\t\n\t\t\t<p>Erginel Hukuk B\u00fcrosu olarak kurumsal ve ticari faaliyetin sadece anla\u015fmalar ve karla ilgili olmad\u0131\u011f\u0131n\u0131 biliyoruz; uzun vadeli ili\u015fkiler kurmak da son derece \u00f6nemlidir. Yakla\u015f\u0131k 40 y\u0131ld\u0131r baz\u0131 m\u00fcvekkillerin g\u00fcvendikleri hukuk dan\u0131\u015fmanlar\u0131y\u0131z ve bu, KKTC ekonomisinin hemen her sekt\u00f6r\u00fcnde faaliyet g\u00f6steren m\u00fcvekkillerimize yasal yelpazenin tamam\u0131nda sundu\u011fumuz y\u00fcksek hizmet kalitesinin de\u011ferli bir onay\u0131d\u0131r. \u0130ster bir \u015firket kurmak isteyin, ister belirli bir hukuki konuda tavsiyeye ihtiyac\u0131n\u0131z olsun, deneyimli avukatlar\u0131m\u0131z size yard\u0131mc\u0131 olmaya haz\u0131rd\u0131r.<\/p>\n\t\t\t\t\t<\/div>\n\t\t\t\t\t\t<\/div>\n\t\t\t\t<\/div>\n\t\t\t\t<\/div>\n\t\t<div class=\"elementor-element elementor-element-655440a e-con-full e-flex e-con e-child\" data-id=\"655440a\" data-element_type=\"container\">\n\t\t\t\t<div class=\"elementor-element elementor-element-df1911b elementor-widget elementor-widget-wd_text_block\" data-id=\"df1911b\" data-element_type=\"widget\" data-widget_type=\"wd_text_block.default\">\n\t\t\t\t<div class=\"elementor-widget-container\">\n\t\t\t\t\t\t\t<div class=\"wd-text-block reset-last-child text-left\">\n\t\t\t\n\t\t\t<p><em>Bankac\u0131l\u0131k hukuku ve g\u00fcvenlik g\u00fcn\u00fcm\u00fczde d\u00fcnya \u00e7ap\u0131nda \u00f6nemli konulard\u0131r ve bankac\u0131l\u0131k kanunlar\u0131na uyma ihtiyac\u0131 s\u00fcrekli olarak geli\u015fmektedir. KKTC \u00e7ok aktif bir bankac\u0131l\u0131k sekt\u00f6r\u00fcne sahiptir ve hukuk ekibimiz bankac\u0131l\u0131k ile ilgili t\u00fcm konularda olduk\u00e7a deneyimlidir.<\/em><\/p>\n\t\t\t\t\t<\/div>\n\t\t\t\t\t\t<\/div>\n\t\t\t\t<\/div>\n\t\t\t\t<\/div>\n\t\t\t\t\t<\/div>\n\t\t\t\t<\/div>\n\t\t\t\t<\/div>\n\t\t","protected":false},"excerpt":{"rendered":"<p>Erginel Hukuk B\u00fcrosu olarak kurumsal ve ticari faaliyetin sadece anla\u015fmalar ve karla ilgili olmad\u0131\u011f\u0131n\u0131 biliyoruz; uzun vadeli ili\u015fkiler kurmak da<\/p>\n","protected":false},"author":1,"featured_media":0,"parent":0,"menu_order":0,"comment_status":"closed","ping_status":"closed","template":"elementor_header_footer","meta":{"footnotes":""},"class_list":["post-886","page","type-page","status-publish","hentry"],"yoast_head":"<!-- This site is optimized with the Yoast SEO plugin v26.5 - https:\/\/yoast.com\/wordpress\/plugins\/seo\/ -->\n<title>\u015eirketler, Ticaret ve Bankac\u0131l\u0131k Hukuku - Erginel Law | Advocates &amp; Legal Consultants<\/title>\n<meta name=\"robots\" content=\"index, follow, max-snippet:-1, max-image-preview:large, max-video-preview:-1\" \/>\n<link rel=\"canonical\" href=\"https:\/\/erginellaw.com\/corporate-commercial-and-banking-law\/\" \/>\n<meta property=\"og:locale\" content=\"tr_TR\" \/>\n<meta property=\"og:type\" content=\"article\" \/>\n<meta property=\"og:title\" content=\"\u015eirketler, Ticaret ve Bankac\u0131l\u0131k Hukuku - Erginel Law | Advocates &amp; Legal Consultants\" \/>\n<meta property=\"og:description\" content=\"Erginel Hukuk B\u00fcrosu olarak kurumsal ve ticari faaliyetin sadece anla\u015fmalar ve karla ilgili olmad\u0131\u011f\u0131n\u0131 biliyoruz; uzun vadeli ili\u015fkiler kurmak da\" \/>\n<meta property=\"og:url\" content=\"https:\/\/erginellaw.com\/corporate-commercial-and-banking-law\/\" \/>\n<meta property=\"og:site_name\" content=\"Erginel Law | Advocates &amp; Legal Consultants\" \/>\n<meta property=\"article:publisher\" content=\"https:\/\/www.facebook.com\/erginellaw\" \/>\n<meta property=\"article:modified_time\" content=\"2025-11-13T08:20:56+00:00\" \/>\n<meta name=\"twitter:card\" content=\"summary_large_image\" \/>\n<meta name=\"twitter:label1\" content=\"Tahmini okuma s\u00fcresi\" \/>\n\t<meta name=\"twitter:data1\" content=\"1 dakika\" \/>\n<script type=\"application\/ld+json\" class=\"yoast-schema-graph\">{\"@context\":\"https:\/\/schema.org\",\"@graph\":[{\"@type\":\"WebPage\",\"@id\":\"https:\/\/erginellaw.com\/corporate-commercial-and-banking-law\/\",\"url\":\"https:\/\/erginellaw.com\/corporate-commercial-and-banking-law\/\",\"name\":\"\u015eirketler, Ticaret ve Bankac\u0131l\u0131k Hukuku - Erginel Law | Advocates &amp; Legal Consultants\",\"isPartOf\":{\"@id\":\"https:\/\/erginellaw.com\/#website\"},\"datePublished\":\"2025-11-11T08:26:23+00:00\",\"dateModified\":\"2025-11-13T08:20:56+00:00\",\"breadcrumb\":{\"@id\":\"https:\/\/erginellaw.com\/corporate-commercial-and-banking-law\/#breadcrumb\"},\"inLanguage\":\"tr\",\"potentialAction\":[{\"@type\":\"ReadAction\",\"target\":[\"https:\/\/erginellaw.com\/corporate-commercial-and-banking-law\/\"]}]},{\"@type\":\"BreadcrumbList\",\"@id\":\"https:\/\/erginellaw.com\/corporate-commercial-and-banking-law\/#breadcrumb\",\"itemListElement\":[{\"@type\":\"ListItem\",\"position\":1,\"name\":\"Home\",\"item\":\"https:\/\/erginellaw.com\/tr\/\"},{\"@type\":\"ListItem\",\"position\":2,\"name\":\"\u015eirketler, Ticaret ve Bankac\u0131l\u0131k Hukuku\"}]},{\"@type\":\"WebSite\",\"@id\":\"https:\/\/erginellaw.com\/#website\",\"url\":\"https:\/\/erginellaw.com\/\",\"name\":\"Erginellaw.Com | Advocates and Legal Consultants\",\"description\":\"\",\"publisher\":{\"@id\":\"https:\/\/erginellaw.com\/#organization\"},\"potentialAction\":[{\"@type\":\"SearchAction\",\"target\":{\"@type\":\"EntryPoint\",\"urlTemplate\":\"https:\/\/erginellaw.com\/?s={search_term_string}\"},\"query-input\":{\"@type\":\"PropertyValueSpecification\",\"valueRequired\":true,\"valueName\":\"search_term_string\"}}],\"inLanguage\":\"tr\"},{\"@type\":\"Organization\",\"@id\":\"https:\/\/erginellaw.com\/#organization\",\"name\":\"Erginellaw.Com | Advocates and Legal Consultants\",\"url\":\"https:\/\/erginellaw.com\/\",\"logo\":{\"@type\":\"ImageObject\",\"inLanguage\":\"tr\",\"@id\":\"https:\/\/erginellaw.com\/#\/schema\/logo\/image\/\",\"url\":\"https:\/\/erginellaw.com\/wp-content\/uploads\/2025\/11\/ergdfgh-1.jpeg\",\"contentUrl\":\"https:\/\/erginellaw.com\/wp-content\/uploads\/2025\/11\/ergdfgh-1.jpeg\",\"width\":2048,\"height\":1365,\"caption\":\"Erginellaw.Com | Advocates and Legal Consultants\"},\"image\":{\"@id\":\"https:\/\/erginellaw.com\/#\/schema\/logo\/image\/\"},\"sameAs\":[\"https:\/\/www.facebook.com\/erginellaw\",\"https:\/\/instagram.com\/erginel.law.cyprus\",\"https:\/\/www.linkedin.com\/company\/erginel-law\"]}]}<\/script>\n<!-- \/ Yoast SEO plugin. -->","yoast_head_json":{"title":"\u015eirketler, Ticaret ve Bankac\u0131l\u0131k Hukuku - Erginel Law | Advocates &amp; Legal Consultants","robots":{"index":"index","follow":"follow","max-snippet":"max-snippet:-1","max-image-preview":"max-image-preview:large","max-video-preview":"max-video-preview:-1"},"canonical":"https:\/\/erginellaw.com\/corporate-commercial-and-banking-law\/","og_locale":"tr_TR","og_type":"article","og_title":"\u015eirketler, Ticaret ve Bankac\u0131l\u0131k Hukuku - Erginel Law | Advocates &amp; Legal Consultants","og_description":"Erginel Hukuk B\u00fcrosu olarak kurumsal ve ticari faaliyetin sadece anla\u015fmalar ve karla ilgili olmad\u0131\u011f\u0131n\u0131 biliyoruz; uzun vadeli ili\u015fkiler kurmak da","og_url":"https:\/\/erginellaw.com\/corporate-commercial-and-banking-law\/","og_site_name":"Erginel Law | Advocates &amp; Legal Consultants","article_publisher":"https:\/\/www.facebook.com\/erginellaw","article_modified_time":"2025-11-13T08:20:56+00:00","twitter_card":"summary_large_image","twitter_misc":{"Tahmini okuma s\u00fcresi":"1 dakika"},"schema":{"@context":"https:\/\/schema.org","@graph":[{"@type":"WebPage","@id":"https:\/\/erginellaw.com\/corporate-commercial-and-banking-law\/","url":"https:\/\/erginellaw.com\/corporate-commercial-and-banking-law\/","name":"\u015eirketler, Ticaret ve Bankac\u0131l\u0131k Hukuku - Erginel Law | Advocates &amp; Legal Consultants","isPartOf":{"@id":"https:\/\/erginellaw.com\/#website"},"datePublished":"2025-11-11T08:26:23+00:00","dateModified":"2025-11-13T08:20:56+00:00","breadcrumb":{"@id":"https:\/\/erginellaw.com\/corporate-commercial-and-banking-law\/#breadcrumb"},"inLanguage":"tr","potentialAction":[{"@type":"ReadAction","target":["https:\/\/erginellaw.com\/corporate-commercial-and-banking-law\/"]}]},{"@type":"BreadcrumbList","@id":"https:\/\/erginellaw.com\/corporate-commercial-and-banking-law\/#breadcrumb","itemListElement":[{"@type":"ListItem","position":1,"name":"Home","item":"https:\/\/erginellaw.com\/tr\/"},{"@type":"ListItem","position":2,"name":"\u015eirketler, Ticaret ve Bankac\u0131l\u0131k Hukuku"}]},{"@type":"WebSite","@id":"https:\/\/erginellaw.com\/#website","url":"https:\/\/erginellaw.com\/","name":"Erginellaw.Com | Advocates and Legal Consultants","description":"","publisher":{"@id":"https:\/\/erginellaw.com\/#organization"},"potentialAction":[{"@type":"SearchAction","target":{"@type":"EntryPoint","urlTemplate":"https:\/\/erginellaw.com\/?s={search_term_string}"},"query-input":{"@type":"PropertyValueSpecification","valueRequired":true,"valueName":"search_term_string"}}],"inLanguage":"tr"},{"@type":"Organization","@id":"https:\/\/erginellaw.com\/#organization","name":"Erginellaw.Com | Advocates and Legal Consultants","url":"https:\/\/erginellaw.com\/","logo":{"@type":"ImageObject","inLanguage":"tr","@id":"https:\/\/erginellaw.com\/#\/schema\/logo\/image\/","url":"https:\/\/erginellaw.com\/wp-content\/uploads\/2025\/11\/ergdfgh-1.jpeg","contentUrl":"https:\/\/erginellaw.com\/wp-content\/uploads\/2025\/11\/ergdfgh-1.jpeg","width":2048,"height":1365,"caption":"Erginellaw.Com | Advocates and Legal Consultants"},"image":{"@id":"https:\/\/erginellaw.com\/#\/schema\/logo\/image\/"},"sameAs":["https:\/\/www.facebook.com\/erginellaw","https:\/\/instagram.com\/erginel.law.cyprus","https:\/\/www.linkedin.com\/company\/erginel-law"]}]}},"_links":{"self":[{"href":"https:\/\/erginellaw.com\/tr\/wp-json\/wp\/v2\/pages\/886","targetHints":{"allow":["GET"]}}],"collection":[{"href":"https:\/\/erginellaw.com\/tr\/wp-json\/wp\/v2\/pages"}],"about":[{"href":"https:\/\/erginellaw.com\/tr\/wp-json\/wp\/v2\/types\/page"}],"author":[{"embeddable":true,"href":"https:\/\/erginellaw.com\/tr\/wp-json\/wp\/v2\/users\/1"}],"replies":[{"embeddable":true,"href":"https:\/\/erginellaw.com\/tr\/wp-json\/wp\/v2\/comments?post=886"}],"version-history":[{"count":0,"href":"https:\/\/erginellaw.com\/tr\/wp-json\/wp\/v2\/pages\/886\/revisions"}],"wp:attachment":[{"href":"https:\/\/erginellaw.com\/tr\/wp-json\/wp\/v2\/media?parent=886"}],"curies":[{"name":"wp","href":"https:\/\/api.w.org\/{rel}","templated":true}]}}