{"id":847,"date":"2025-11-11T11:29:33","date_gmt":"2025-11-11T08:29:33","guid":{"rendered":"https:\/\/bababilgisayar.com\/new\/civil-litigation\/"},"modified":"2025-11-13T11:15:21","modified_gmt":"2025-11-13T08:15:21","slug":"hukuk-davalari","status":"publish","type":"page","link":"https:\/\/erginellaw.com\/tr\/hukuk-davalari\/","title":{"rendered":"Hukuk Davalar\u0131"},"content":{"rendered":"\t\t<div data-elementor-type=\"wp-page\" data-elementor-id=\"847\" class=\"elementor elementor-847 elementor-72\">\n\t\t\t\t<div class=\"wd-negative-gap elementor-element elementor-element-9f3d721 e-flex e-con-boxed e-con e-parent\" data-id=\"9f3d721\" data-element_type=\"container\">\n\t\t\t\t\t<div class=\"e-con-inner\">\n\t\t<div class=\"elementor-element elementor-element-6f32435 e-con-full e-flex e-con e-child\" data-id=\"6f32435\" data-element_type=\"container\">\n\t\t\t\t<div class=\"elementor-element elementor-element-c90e92e elementor-widget elementor-widget-wd_text_block\" data-id=\"c90e92e\" data-element_type=\"widget\" data-widget_type=\"wd_text_block.default\">\n\t\t\t\t<div class=\"elementor-widget-container\">\n\t\t\t\t\t\t\t<div class=\"wd-text-block reset-last-child text-left\">\n\t\t\t\n\t\t\t<p>Anla\u015fmazl\u0131klar modern d\u00fcnyan\u0131n do\u011fal par\u00e7alar\u0131d\u0131r. Herhangi bir anla\u015fmazl\u0131\u011f\u0131 en uygun maliyetle ve pratik bir \u015fekilde \u00e7\u00f6zmek ve benzer sorunlar\u0131n gelecekte \u00f6nlenip \u00f6nlenemeyece\u011fini g\u00f6rmek i\u00e7in mevcut anla\u015fmazl\u0131\u011f\u0131n \u00f6tesine bakmak \u00f6nemlidir.<\/p><p>Ticari a\u00e7\u0131dan bilin\u00e7li m\u00fc\u015fteriler, problemlerinin \u00e7\u00f6z\u00fcm\u00fcnde alternatif ve yarat\u0131c\u0131 yakla\u015f\u0131mlar beklemektedirler. Erginel Hukuk\u2019ta, m\u00fcvekkillerimizin hedeflerini en ba\u015f\u0131ndan belirlemeyi ve stratejimizi her bir konunun detaylar\u0131na ba\u011fl\u0131 olarak belirlemeyi hedefliyoruz. Her sorunun bir \u00e7\u00f6z\u00fcm\u00fc vard\u0131r ve \u00e7o\u011fu zaman anla\u015fmazl\u0131klar mahkemeye gitmeden \u00e7\u00f6z\u00fclebilir.<\/p>\n\t\t\t\t\t<\/div>\n\t\t\t\t\t\t<\/div>\n\t\t\t\t<\/div>\n\t\t\t\t<\/div>\n\t\t<div class=\"elementor-element elementor-element-06e9abe e-con-full e-flex e-con e-child\" data-id=\"06e9abe\" data-element_type=\"container\">\n\t\t\t\t<div class=\"elementor-element elementor-element-04c6836 elementor-widget elementor-widget-wd_text_block\" data-id=\"04c6836\" data-element_type=\"widget\" data-widget_type=\"wd_text_block.default\">\n\t\t\t\t<div class=\"elementor-widget-container\">\n\t\t\t\t\t\t\t<div class=\"wd-text-block reset-last-child text-left\">\n\t\t\t\n\t\t\t<p><span style=\"color: rgb(74, 74, 74); font-family: Montserrat; font-size: 13px; font-style: normal; font-variant-ligatures: normal; font-variant-caps: normal; font-weight: 400; white-space-collapse: collapse;\">Bununla birlikte, mahkemeda dava a\u00e7mak en uygun yakla\u015f\u0131msa, ekibimiz, tazminat\u0131n en iyi \u015fekilde nas\u0131l g\u00fcvence alt\u0131na al\u0131naca\u011f\u0131 da dahil olmak \u00fczere mahkeme s\u00fcrecinde m\u00fcvekkillerimize yard\u0131mc\u0131 olacak ve yol g\u00f6sterecek edecek donan\u0131ma sahiptir. M\u00fc\u015fterilerimizi ba\u015far\u0131l\u0131 bir \u015fekilde temsil etme konusunda g\u00fc\u00e7l\u00fc bir ge\u00e7mi\u015fe sahibiz ve \u00e7ok \u00e7e\u015fitli konularda d\u00fczenli olarak tavsiyelerde bulunuyoruz.<\/span><\/p>\n\t\t\t\t\t<\/div>\n\t\t\t\t\t\t<\/div>\n\t\t\t\t<\/div>\n\t\t\t\t<\/div>\n\t\t\t\t\t<\/div>\n\t\t\t\t<\/div>\n\t\t\t\t<\/div>\n\t\t","protected":false},"excerpt":{"rendered":"<p>Anla\u015fmazl\u0131klar modern d\u00fcnyan\u0131n do\u011fal par\u00e7alar\u0131d\u0131r. Herhangi bir anla\u015fmazl\u0131\u011f\u0131 en uygun maliyetle ve pratik bir \u015fekilde \u00e7\u00f6zmek ve benzer sorunlar\u0131n gelecekte<\/p>\n","protected":false},"author":1,"featured_media":0,"parent":0,"menu_order":0,"comment_status":"closed","ping_status":"closed","template":"elementor_header_footer","meta":{"footnotes":""},"class_list":["post-847","page","type-page","status-publish","hentry"],"yoast_head":"<!-- This site is optimized with the Yoast SEO plugin v26.5 - https:\/\/yoast.com\/wordpress\/plugins\/seo\/ -->\n<title>Hukuk Davalar\u0131 - Erginel Law | Advocates &amp; Legal Consultants<\/title>\n<meta name=\"robots\" content=\"index, follow, max-snippet:-1, max-image-preview:large, max-video-preview:-1\" \/>\n<link rel=\"canonical\" href=\"https:\/\/erginellaw.com\/civil-litigation\/\" \/>\n<meta property=\"og:locale\" content=\"tr_TR\" \/>\n<meta property=\"og:type\" content=\"article\" \/>\n<meta property=\"og:title\" content=\"Hukuk Davalar\u0131 - Erginel Law | Advocates &amp; Legal Consultants\" \/>\n<meta property=\"og:description\" content=\"Anla\u015fmazl\u0131klar modern d\u00fcnyan\u0131n do\u011fal par\u00e7alar\u0131d\u0131r. Herhangi bir anla\u015fmazl\u0131\u011f\u0131 en uygun maliyetle ve pratik bir \u015fekilde \u00e7\u00f6zmek ve benzer sorunlar\u0131n gelecekte\" \/>\n<meta property=\"og:url\" content=\"https:\/\/erginellaw.com\/civil-litigation\/\" \/>\n<meta property=\"og:site_name\" content=\"Erginel Law | Advocates &amp; Legal Consultants\" \/>\n<meta property=\"article:publisher\" content=\"https:\/\/www.facebook.com\/erginellaw\" \/>\n<meta property=\"article:modified_time\" content=\"2025-11-13T08:15:21+00:00\" \/>\n<meta name=\"twitter:card\" content=\"summary_large_image\" \/>\n<meta name=\"twitter:label1\" content=\"Tahmini okuma s\u00fcresi\" \/>\n\t<meta name=\"twitter:data1\" content=\"1 dakika\" \/>\n<script type=\"application\/ld+json\" class=\"yoast-schema-graph\">{\"@context\":\"https:\/\/schema.org\",\"@graph\":[{\"@type\":\"WebPage\",\"@id\":\"https:\/\/erginellaw.com\/civil-litigation\/\",\"url\":\"https:\/\/erginellaw.com\/civil-litigation\/\",\"name\":\"Hukuk Davalar\u0131 - Erginel Law | Advocates &amp; Legal Consultants\",\"isPartOf\":{\"@id\":\"https:\/\/erginellaw.com\/#website\"},\"datePublished\":\"2025-11-11T08:29:33+00:00\",\"dateModified\":\"2025-11-13T08:15:21+00:00\",\"breadcrumb\":{\"@id\":\"https:\/\/erginellaw.com\/civil-litigation\/#breadcrumb\"},\"inLanguage\":\"tr\",\"potentialAction\":[{\"@type\":\"ReadAction\",\"target\":[\"https:\/\/erginellaw.com\/civil-litigation\/\"]}]},{\"@type\":\"BreadcrumbList\",\"@id\":\"https:\/\/erginellaw.com\/civil-litigation\/#breadcrumb\",\"itemListElement\":[{\"@type\":\"ListItem\",\"position\":1,\"name\":\"Home\",\"item\":\"https:\/\/erginellaw.com\/tr\/\"},{\"@type\":\"ListItem\",\"position\":2,\"name\":\"Hukuk Davalar\u0131\"}]},{\"@type\":\"WebSite\",\"@id\":\"https:\/\/erginellaw.com\/#website\",\"url\":\"https:\/\/erginellaw.com\/\",\"name\":\"Erginellaw.Com | Advocates and Legal Consultants\",\"description\":\"\",\"publisher\":{\"@id\":\"https:\/\/erginellaw.com\/#organization\"},\"potentialAction\":[{\"@type\":\"SearchAction\",\"target\":{\"@type\":\"EntryPoint\",\"urlTemplate\":\"https:\/\/erginellaw.com\/?s={search_term_string}\"},\"query-input\":{\"@type\":\"PropertyValueSpecification\",\"valueRequired\":true,\"valueName\":\"search_term_string\"}}],\"inLanguage\":\"tr\"},{\"@type\":\"Organization\",\"@id\":\"https:\/\/erginellaw.com\/#organization\",\"name\":\"Erginellaw.Com | Advocates and Legal Consultants\",\"url\":\"https:\/\/erginellaw.com\/\",\"logo\":{\"@type\":\"ImageObject\",\"inLanguage\":\"tr\",\"@id\":\"https:\/\/erginellaw.com\/#\/schema\/logo\/image\/\",\"url\":\"https:\/\/erginellaw.com\/wp-content\/uploads\/2025\/11\/ergdfgh-1.jpeg\",\"contentUrl\":\"https:\/\/erginellaw.com\/wp-content\/uploads\/2025\/11\/ergdfgh-1.jpeg\",\"width\":2048,\"height\":1365,\"caption\":\"Erginellaw.Com | Advocates and Legal Consultants\"},\"image\":{\"@id\":\"https:\/\/erginellaw.com\/#\/schema\/logo\/image\/\"},\"sameAs\":[\"https:\/\/www.facebook.com\/erginellaw\",\"https:\/\/instagram.com\/erginel.law.cyprus\",\"https:\/\/www.linkedin.com\/company\/erginel-law\"]}]}<\/script>\n<!-- \/ Yoast SEO plugin. -->","yoast_head_json":{"title":"Hukuk Davalar\u0131 - Erginel Law | Advocates &amp; Legal Consultants","robots":{"index":"index","follow":"follow","max-snippet":"max-snippet:-1","max-image-preview":"max-image-preview:large","max-video-preview":"max-video-preview:-1"},"canonical":"https:\/\/erginellaw.com\/civil-litigation\/","og_locale":"tr_TR","og_type":"article","og_title":"Hukuk Davalar\u0131 - Erginel Law | Advocates &amp; Legal Consultants","og_description":"Anla\u015fmazl\u0131klar modern d\u00fcnyan\u0131n do\u011fal par\u00e7alar\u0131d\u0131r. Herhangi bir anla\u015fmazl\u0131\u011f\u0131 en uygun maliyetle ve pratik bir \u015fekilde \u00e7\u00f6zmek ve benzer sorunlar\u0131n gelecekte","og_url":"https:\/\/erginellaw.com\/civil-litigation\/","og_site_name":"Erginel Law | Advocates &amp; Legal Consultants","article_publisher":"https:\/\/www.facebook.com\/erginellaw","article_modified_time":"2025-11-13T08:15:21+00:00","twitter_card":"summary_large_image","twitter_misc":{"Tahmini okuma s\u00fcresi":"1 dakika"},"schema":{"@context":"https:\/\/schema.org","@graph":[{"@type":"WebPage","@id":"https:\/\/erginellaw.com\/civil-litigation\/","url":"https:\/\/erginellaw.com\/civil-litigation\/","name":"Hukuk Davalar\u0131 - Erginel Law | Advocates &amp; Legal Consultants","isPartOf":{"@id":"https:\/\/erginellaw.com\/#website"},"datePublished":"2025-11-11T08:29:33+00:00","dateModified":"2025-11-13T08:15:21+00:00","breadcrumb":{"@id":"https:\/\/erginellaw.com\/civil-litigation\/#breadcrumb"},"inLanguage":"tr","potentialAction":[{"@type":"ReadAction","target":["https:\/\/erginellaw.com\/civil-litigation\/"]}]},{"@type":"BreadcrumbList","@id":"https:\/\/erginellaw.com\/civil-litigation\/#breadcrumb","itemListElement":[{"@type":"ListItem","position":1,"name":"Home","item":"https:\/\/erginellaw.com\/tr\/"},{"@type":"ListItem","position":2,"name":"Hukuk Davalar\u0131"}]},{"@type":"WebSite","@id":"https:\/\/erginellaw.com\/#website","url":"https:\/\/erginellaw.com\/","name":"Erginellaw.Com | Advocates and Legal Consultants","description":"","publisher":{"@id":"https:\/\/erginellaw.com\/#organization"},"potentialAction":[{"@type":"SearchAction","target":{"@type":"EntryPoint","urlTemplate":"https:\/\/erginellaw.com\/?s={search_term_string}"},"query-input":{"@type":"PropertyValueSpecification","valueRequired":true,"valueName":"search_term_string"}}],"inLanguage":"tr"},{"@type":"Organization","@id":"https:\/\/erginellaw.com\/#organization","name":"Erginellaw.Com | Advocates and Legal Consultants","url":"https:\/\/erginellaw.com\/","logo":{"@type":"ImageObject","inLanguage":"tr","@id":"https:\/\/erginellaw.com\/#\/schema\/logo\/image\/","url":"https:\/\/erginellaw.com\/wp-content\/uploads\/2025\/11\/ergdfgh-1.jpeg","contentUrl":"https:\/\/erginellaw.com\/wp-content\/uploads\/2025\/11\/ergdfgh-1.jpeg","width":2048,"height":1365,"caption":"Erginellaw.Com | Advocates and Legal Consultants"},"image":{"@id":"https:\/\/erginellaw.com\/#\/schema\/logo\/image\/"},"sameAs":["https:\/\/www.facebook.com\/erginellaw","https:\/\/instagram.com\/erginel.law.cyprus","https:\/\/www.linkedin.com\/company\/erginel-law"]}]}},"_links":{"self":[{"href":"https:\/\/erginellaw.com\/tr\/wp-json\/wp\/v2\/pages\/847","targetHints":{"allow":["GET"]}}],"collection":[{"href":"https:\/\/erginellaw.com\/tr\/wp-json\/wp\/v2\/pages"}],"about":[{"href":"https:\/\/erginellaw.com\/tr\/wp-json\/wp\/v2\/types\/page"}],"author":[{"embeddable":true,"href":"https:\/\/erginellaw.com\/tr\/wp-json\/wp\/v2\/users\/1"}],"replies":[{"embeddable":true,"href":"https:\/\/erginellaw.com\/tr\/wp-json\/wp\/v2\/comments?post=847"}],"version-history":[{"count":0,"href":"https:\/\/erginellaw.com\/tr\/wp-json\/wp\/v2\/pages\/847\/revisions"}],"wp:attachment":[{"href":"https:\/\/erginellaw.com\/tr\/wp-json\/wp\/v2\/media?parent=847"}],"curies":[{"name":"wp","href":"https:\/\/api.w.org\/{rel}","templated":true}]}}