{"id":807,"date":"2025-11-11T11:47:07","date_gmt":"2025-11-11T08:47:07","guid":{"rendered":"https:\/\/bababilgisayar.com\/new\/immovable-property-commission-disputes\/"},"modified":"2025-11-13T11:10:55","modified_gmt":"2025-11-13T08:10:55","slug":"tasinmaz-mal-komisyonu","status":"publish","type":"page","link":"https:\/\/erginellaw.com\/tr\/tasinmaz-mal-komisyonu\/","title":{"rendered":"Ta\u015f\u0131nmaz Mal Komisyonu"},"content":{"rendered":"\t\t<div data-elementor-type=\"wp-page\" data-elementor-id=\"807\" class=\"elementor elementor-807 elementor-124\">\n\t\t\t\t<div class=\"wd-negative-gap elementor-element elementor-element-d6047c6 e-flex e-con-boxed e-con e-parent\" data-id=\"d6047c6\" data-element_type=\"container\">\n\t\t\t\t\t<div class=\"e-con-inner\">\n\t\t<div class=\"elementor-element elementor-element-53060b9 e-con-full e-flex e-con e-child\" data-id=\"53060b9\" data-element_type=\"container\">\n\t\t\t\t<div class=\"elementor-element elementor-element-b672e14 elementor-widget elementor-widget-wd_text_block\" data-id=\"b672e14\" data-element_type=\"widget\" data-widget_type=\"wd_text_block.default\">\n\t\t\t\t<div class=\"elementor-widget-container\">\n\t\t\t\t\t\t\t<div class=\"wd-text-block reset-last-child text-left\">\n\t\t\t\n\t\t\t<p>Ta\u015f\u0131nmaz Mal Komisyonu (TMK), Temmuz 1974\u2019ten \u00f6nce K\u0131br\u0131sl\u0131 Rumlara ait olan KKTC\u2019deki arazi ve \/ veya m\u00fclkle ilgili talep ve tazminat taleplerini ele almak \u00fczere 2005 y\u0131l\u0131nda kurulmu\u015ftur. TMK, Avrupa \u0130nsan Haklar\u0131 Mahkemesi taraf\u0131ndan onaylanm\u0131\u015ft\u0131r ve Mart 2006\u2019dan beri tam olarak faaliyettedir.<\/p>\n\t\t\t\t\t<\/div>\n\t\t\t\t\t\t<\/div>\n\t\t\t\t<\/div>\n\t\t\t\t<\/div>\n\t\t<div class=\"elementor-element elementor-element-3603096 e-con-full e-flex e-con e-child\" data-id=\"3603096\" data-element_type=\"container\">\n\t\t\t\t<div class=\"elementor-element elementor-element-d25010b elementor-widget elementor-widget-wd_text_block\" data-id=\"d25010b\" data-element_type=\"widget\" data-widget_type=\"wd_text_block.default\">\n\t\t\t\t<div class=\"elementor-widget-container\">\n\t\t\t\t\t\t\t<div class=\"wd-text-block reset-last-child text-left\">\n\t\t\t\n\t\t\t<p><em>Komisyon, ta\u015f\u0131nmaz mallar i\u00e7in iade, tazminat ve takas emri verme yetkisine sahiptir. Ayr\u0131ca, kullan\u0131m kayb\u0131 ve manevi zararlar i\u00e7in de tazminat talep edilebilir.\u00a0 TMK K\u0131br\u0131s T\u00fcrk toplumunun haklar\u0131na halel getirmeksizin me\u015fru talepleri kar\u015f\u0131lamaya \u00e7al\u0131\u015f\u0131r.<\/em><\/p>\n\t\t\t\t\t<\/div>\n\t\t\t\t\t\t<\/div>\n\t\t\t\t<\/div>\n\t\t\t\t<\/div>\n\t\t\t\t\t<\/div>\n\t\t\t\t<\/div>\n\t\t\t\t<\/div>\n\t\t","protected":false},"excerpt":{"rendered":"<p>Ta\u015f\u0131nmaz Mal Komisyonu (TMK), Temmuz 1974\u2019ten \u00f6nce K\u0131br\u0131sl\u0131 Rumlara ait olan KKTC\u2019deki arazi ve \/ veya m\u00fclkle ilgili talep ve<\/p>\n","protected":false},"author":1,"featured_media":0,"parent":0,"menu_order":0,"comment_status":"closed","ping_status":"closed","template":"elementor_header_footer","meta":{"footnotes":""},"class_list":["post-807","page","type-page","status-publish","hentry"],"yoast_head":"<!-- This site is optimized with the Yoast SEO plugin v26.5 - https:\/\/yoast.com\/wordpress\/plugins\/seo\/ -->\n<title>Ta\u015f\u0131nmaz Mal Komisyonu - Erginel Law | Advocates &amp; Legal Consultants<\/title>\n<meta name=\"robots\" content=\"index, follow, max-snippet:-1, max-image-preview:large, max-video-preview:-1\" \/>\n<link rel=\"canonical\" href=\"https:\/\/erginellaw.com\/immovable-property-commission-disputes\/\" \/>\n<meta property=\"og:locale\" content=\"tr_TR\" \/>\n<meta property=\"og:type\" content=\"article\" \/>\n<meta property=\"og:title\" content=\"Ta\u015f\u0131nmaz Mal Komisyonu - Erginel Law | Advocates &amp; Legal Consultants\" \/>\n<meta property=\"og:description\" content=\"Ta\u015f\u0131nmaz Mal Komisyonu (TMK), Temmuz 1974\u2019ten \u00f6nce K\u0131br\u0131sl\u0131 Rumlara ait olan KKTC\u2019deki arazi ve \/ veya m\u00fclkle ilgili talep ve\" \/>\n<meta property=\"og:url\" content=\"https:\/\/erginellaw.com\/immovable-property-commission-disputes\/\" \/>\n<meta property=\"og:site_name\" content=\"Erginel Law | Advocates &amp; Legal Consultants\" \/>\n<meta property=\"article:publisher\" content=\"https:\/\/www.facebook.com\/erginellaw\" \/>\n<meta property=\"article:modified_time\" content=\"2025-11-13T08:10:55+00:00\" \/>\n<meta name=\"twitter:card\" content=\"summary_large_image\" \/>\n<script type=\"application\/ld+json\" class=\"yoast-schema-graph\">{\"@context\":\"https:\/\/schema.org\",\"@graph\":[{\"@type\":\"WebPage\",\"@id\":\"https:\/\/erginellaw.com\/immovable-property-commission-disputes\/\",\"url\":\"https:\/\/erginellaw.com\/immovable-property-commission-disputes\/\",\"name\":\"Ta\u015f\u0131nmaz Mal Komisyonu - Erginel Law | Advocates &amp; Legal Consultants\",\"isPartOf\":{\"@id\":\"https:\/\/erginellaw.com\/#website\"},\"datePublished\":\"2025-11-11T08:47:07+00:00\",\"dateModified\":\"2025-11-13T08:10:55+00:00\",\"breadcrumb\":{\"@id\":\"https:\/\/erginellaw.com\/immovable-property-commission-disputes\/#breadcrumb\"},\"inLanguage\":\"tr\",\"potentialAction\":[{\"@type\":\"ReadAction\",\"target\":[\"https:\/\/erginellaw.com\/immovable-property-commission-disputes\/\"]}]},{\"@type\":\"BreadcrumbList\",\"@id\":\"https:\/\/erginellaw.com\/immovable-property-commission-disputes\/#breadcrumb\",\"itemListElement\":[{\"@type\":\"ListItem\",\"position\":1,\"name\":\"Home\",\"item\":\"https:\/\/erginellaw.com\/tr\/\"},{\"@type\":\"ListItem\",\"position\":2,\"name\":\"Ta\u015f\u0131nmaz Mal Komisyonu\"}]},{\"@type\":\"WebSite\",\"@id\":\"https:\/\/erginellaw.com\/#website\",\"url\":\"https:\/\/erginellaw.com\/\",\"name\":\"Erginellaw.Com | Advocates and Legal Consultants\",\"description\":\"\",\"publisher\":{\"@id\":\"https:\/\/erginellaw.com\/#organization\"},\"potentialAction\":[{\"@type\":\"SearchAction\",\"target\":{\"@type\":\"EntryPoint\",\"urlTemplate\":\"https:\/\/erginellaw.com\/?s={search_term_string}\"},\"query-input\":{\"@type\":\"PropertyValueSpecification\",\"valueRequired\":true,\"valueName\":\"search_term_string\"}}],\"inLanguage\":\"tr\"},{\"@type\":\"Organization\",\"@id\":\"https:\/\/erginellaw.com\/#organization\",\"name\":\"Erginellaw.Com | Advocates and Legal Consultants\",\"url\":\"https:\/\/erginellaw.com\/\",\"logo\":{\"@type\":\"ImageObject\",\"inLanguage\":\"tr\",\"@id\":\"https:\/\/erginellaw.com\/#\/schema\/logo\/image\/\",\"url\":\"https:\/\/erginellaw.com\/wp-content\/uploads\/2025\/11\/ergdfgh-1.jpeg\",\"contentUrl\":\"https:\/\/erginellaw.com\/wp-content\/uploads\/2025\/11\/ergdfgh-1.jpeg\",\"width\":2048,\"height\":1365,\"caption\":\"Erginellaw.Com | Advocates and Legal Consultants\"},\"image\":{\"@id\":\"https:\/\/erginellaw.com\/#\/schema\/logo\/image\/\"},\"sameAs\":[\"https:\/\/www.facebook.com\/erginellaw\",\"https:\/\/instagram.com\/erginel.law.cyprus\",\"https:\/\/www.linkedin.com\/company\/erginel-law\"]}]}<\/script>\n<!-- \/ Yoast SEO plugin. -->","yoast_head_json":{"title":"Ta\u015f\u0131nmaz Mal Komisyonu - Erginel Law | Advocates &amp; Legal Consultants","robots":{"index":"index","follow":"follow","max-snippet":"max-snippet:-1","max-image-preview":"max-image-preview:large","max-video-preview":"max-video-preview:-1"},"canonical":"https:\/\/erginellaw.com\/immovable-property-commission-disputes\/","og_locale":"tr_TR","og_type":"article","og_title":"Ta\u015f\u0131nmaz Mal Komisyonu - Erginel Law | Advocates &amp; Legal Consultants","og_description":"Ta\u015f\u0131nmaz Mal Komisyonu (TMK), Temmuz 1974\u2019ten \u00f6nce K\u0131br\u0131sl\u0131 Rumlara ait olan KKTC\u2019deki arazi ve \/ veya m\u00fclkle ilgili talep ve","og_url":"https:\/\/erginellaw.com\/immovable-property-commission-disputes\/","og_site_name":"Erginel Law | Advocates &amp; Legal Consultants","article_publisher":"https:\/\/www.facebook.com\/erginellaw","article_modified_time":"2025-11-13T08:10:55+00:00","twitter_card":"summary_large_image","schema":{"@context":"https:\/\/schema.org","@graph":[{"@type":"WebPage","@id":"https:\/\/erginellaw.com\/immovable-property-commission-disputes\/","url":"https:\/\/erginellaw.com\/immovable-property-commission-disputes\/","name":"Ta\u015f\u0131nmaz Mal Komisyonu - Erginel Law | Advocates &amp; Legal Consultants","isPartOf":{"@id":"https:\/\/erginellaw.com\/#website"},"datePublished":"2025-11-11T08:47:07+00:00","dateModified":"2025-11-13T08:10:55+00:00","breadcrumb":{"@id":"https:\/\/erginellaw.com\/immovable-property-commission-disputes\/#breadcrumb"},"inLanguage":"tr","potentialAction":[{"@type":"ReadAction","target":["https:\/\/erginellaw.com\/immovable-property-commission-disputes\/"]}]},{"@type":"BreadcrumbList","@id":"https:\/\/erginellaw.com\/immovable-property-commission-disputes\/#breadcrumb","itemListElement":[{"@type":"ListItem","position":1,"name":"Home","item":"https:\/\/erginellaw.com\/tr\/"},{"@type":"ListItem","position":2,"name":"Ta\u015f\u0131nmaz Mal Komisyonu"}]},{"@type":"WebSite","@id":"https:\/\/erginellaw.com\/#website","url":"https:\/\/erginellaw.com\/","name":"Erginellaw.Com | Advocates and Legal Consultants","description":"","publisher":{"@id":"https:\/\/erginellaw.com\/#organization"},"potentialAction":[{"@type":"SearchAction","target":{"@type":"EntryPoint","urlTemplate":"https:\/\/erginellaw.com\/?s={search_term_string}"},"query-input":{"@type":"PropertyValueSpecification","valueRequired":true,"valueName":"search_term_string"}}],"inLanguage":"tr"},{"@type":"Organization","@id":"https:\/\/erginellaw.com\/#organization","name":"Erginellaw.Com | Advocates and Legal Consultants","url":"https:\/\/erginellaw.com\/","logo":{"@type":"ImageObject","inLanguage":"tr","@id":"https:\/\/erginellaw.com\/#\/schema\/logo\/image\/","url":"https:\/\/erginellaw.com\/wp-content\/uploads\/2025\/11\/ergdfgh-1.jpeg","contentUrl":"https:\/\/erginellaw.com\/wp-content\/uploads\/2025\/11\/ergdfgh-1.jpeg","width":2048,"height":1365,"caption":"Erginellaw.Com | Advocates and Legal Consultants"},"image":{"@id":"https:\/\/erginellaw.com\/#\/schema\/logo\/image\/"},"sameAs":["https:\/\/www.facebook.com\/erginellaw","https:\/\/instagram.com\/erginel.law.cyprus","https:\/\/www.linkedin.com\/company\/erginel-law"]}]}},"_links":{"self":[{"href":"https:\/\/erginellaw.com\/tr\/wp-json\/wp\/v2\/pages\/807","targetHints":{"allow":["GET"]}}],"collection":[{"href":"https:\/\/erginellaw.com\/tr\/wp-json\/wp\/v2\/pages"}],"about":[{"href":"https:\/\/erginellaw.com\/tr\/wp-json\/wp\/v2\/types\/page"}],"author":[{"embeddable":true,"href":"https:\/\/erginellaw.com\/tr\/wp-json\/wp\/v2\/users\/1"}],"replies":[{"embeddable":true,"href":"https:\/\/erginellaw.com\/tr\/wp-json\/wp\/v2\/comments?post=807"}],"version-history":[{"count":0,"href":"https:\/\/erginellaw.com\/tr\/wp-json\/wp\/v2\/pages\/807\/revisions"}],"wp:attachment":[{"href":"https:\/\/erginellaw.com\/tr\/wp-json\/wp\/v2\/media?parent=807"}],"curies":[{"name":"wp","href":"https:\/\/api.w.org\/{rel}","templated":true}]}}