{"id":782,"date":"2025-11-11T11:33:46","date_gmt":"2025-11-11T08:33:46","guid":{"rendered":"https:\/\/bababilgisayar.com\/new\/family-law\/"},"modified":"2025-11-13T11:04:17","modified_gmt":"2025-11-13T08:04:17","slug":"aile-hukuku","status":"publish","type":"page","link":"https:\/\/erginellaw.com\/tr\/aile-hukuku\/","title":{"rendered":"Aile Hukuku"},"content":{"rendered":"\t\t<div data-elementor-type=\"wp-page\" data-elementor-id=\"782\" class=\"elementor elementor-782 elementor-84\">\n\t\t\t\t<div class=\"wd-negative-gap elementor-element elementor-element-df16006 e-flex e-con-boxed e-con e-parent\" data-id=\"df16006\" data-element_type=\"container\">\n\t\t\t\t\t<div class=\"e-con-inner\">\n\t\t<div class=\"elementor-element elementor-element-18fb2a8 e-con-full e-flex e-con e-child\" data-id=\"18fb2a8\" data-element_type=\"container\">\n\t\t\t\t<div class=\"elementor-element elementor-element-ba0888b elementor-widget elementor-widget-wd_text_block\" data-id=\"ba0888b\" data-element_type=\"widget\" data-widget_type=\"wd_text_block.default\">\n\t\t\t\t<div class=\"elementor-widget-container\">\n\t\t\t\t\t\t\t<div class=\"wd-text-block reset-last-child text-left\">\n\t\t\t\n\t\t\t<p>Avukatlar\u0131m\u0131z Kuzey K\u0131br\u0131s\u2019taki aile davalar\u0131 konusunda geni\u015f deneyime sahiptir. Bo\u015fanman\u0131n veya ayr\u0131l\u0131\u011f\u0131n duygusal gerginli\u011fini ve \u00e7ocuklar\u0131n velayeti ve bak\u0131m\u0131 konusundaki anla\u015fmazl\u0131klar\u0131 iyi anl\u0131yoruz ve bu sorunlar\u0131 \u00e7\u00f6zmede deneyimliyiz.<\/p><p>Evlili\u011fin bozulmas\u0131ndan kaynaklanan mallar\u0131n m\u00fclkiyeti ilgili anla\u015fmazl\u0131klarda yard\u0131mc\u0131 olabiliriz. Nafaka hakk\u0131 ve mali destek konusunda da tavsiyelerde bulunabiliriz.<\/p>\n\t\t\t\t\t<\/div>\n\t\t\t\t\t\t<\/div>\n\t\t\t\t<\/div>\n\t\t\t\t<\/div>\n\t\t<div class=\"elementor-element elementor-element-11b05da e-con-full e-flex e-con e-child\" data-id=\"11b05da\" data-element_type=\"container\">\n\t\t\t\t<div class=\"elementor-element elementor-element-334abf2 elementor-widget elementor-widget-wd_text_block\" data-id=\"334abf2\" data-element_type=\"widget\" data-widget_type=\"wd_text_block.default\">\n\t\t\t\t<div class=\"elementor-widget-container\">\n\t\t\t\t\t\t\t<div class=\"wd-text-block reset-last-child text-left\">\n\t\t\t\n\t\t\t<p><em>Sorunlar\u0131 dostane bir \u015fekilde \u00e7\u00f6zmek i\u00e7in m\u00fczakereler ba\u015flatmay\u0131 tercih ediyoruz, ancak gerekti\u011finde, \u00f6zellikle aile i\u00e7i \u015fiddet veya acil durum tedbirleri i\u00e7eren durumlarda m\u00fcvekkillerimizi mahkemelerde temsil edip savunmaktay\u0131z.<\/em><\/p>\n\t\t\t\t\t<\/div>\n\t\t\t\t\t\t<\/div>\n\t\t\t\t<\/div>\n\t\t\t\t<\/div>\n\t\t\t\t\t<\/div>\n\t\t\t\t<\/div>\n\t\t\t\t<\/div>\n\t\t","protected":false},"excerpt":{"rendered":"<p>Avukatlar\u0131m\u0131z Kuzey K\u0131br\u0131s\u2019taki aile davalar\u0131 konusunda geni\u015f deneyime sahiptir. Bo\u015fanman\u0131n veya ayr\u0131l\u0131\u011f\u0131n duygusal gerginli\u011fini ve \u00e7ocuklar\u0131n velayeti ve bak\u0131m\u0131 konusundaki<\/p>\n","protected":false},"author":1,"featured_media":0,"parent":0,"menu_order":0,"comment_status":"closed","ping_status":"closed","template":"elementor_header_footer","meta":{"footnotes":""},"class_list":["post-782","page","type-page","status-publish","hentry"],"yoast_head":"<!-- This site is optimized with the Yoast SEO plugin v26.5 - https:\/\/yoast.com\/wordpress\/plugins\/seo\/ -->\n<title>Aile Hukuku - Erginel Law | Advocates &amp; Legal Consultants<\/title>\n<meta name=\"robots\" content=\"index, follow, max-snippet:-1, max-image-preview:large, max-video-preview:-1\" \/>\n<link rel=\"canonical\" href=\"https:\/\/erginellaw.com\/family-law\/\" \/>\n<meta property=\"og:locale\" content=\"tr_TR\" \/>\n<meta property=\"og:type\" content=\"article\" \/>\n<meta property=\"og:title\" content=\"Aile Hukuku - Erginel Law | Advocates &amp; Legal Consultants\" \/>\n<meta property=\"og:description\" content=\"Avukatlar\u0131m\u0131z Kuzey K\u0131br\u0131s\u2019taki aile davalar\u0131 konusunda geni\u015f deneyime sahiptir. Bo\u015fanman\u0131n veya ayr\u0131l\u0131\u011f\u0131n duygusal gerginli\u011fini ve \u00e7ocuklar\u0131n velayeti ve bak\u0131m\u0131 konusundaki\" \/>\n<meta property=\"og:url\" content=\"https:\/\/erginellaw.com\/family-law\/\" \/>\n<meta property=\"og:site_name\" content=\"Erginel Law | Advocates &amp; Legal Consultants\" \/>\n<meta property=\"article:publisher\" content=\"https:\/\/www.facebook.com\/erginellaw\" \/>\n<meta property=\"article:modified_time\" content=\"2025-11-13T08:04:17+00:00\" \/>\n<meta name=\"twitter:card\" content=\"summary_large_image\" \/>\n<meta name=\"twitter:label1\" content=\"Tahmini okuma s\u00fcresi\" \/>\n\t<meta name=\"twitter:data1\" content=\"1 dakika\" \/>\n<script type=\"application\/ld+json\" class=\"yoast-schema-graph\">{\"@context\":\"https:\/\/schema.org\",\"@graph\":[{\"@type\":\"WebPage\",\"@id\":\"https:\/\/erginellaw.com\/family-law\/\",\"url\":\"https:\/\/erginellaw.com\/family-law\/\",\"name\":\"Aile Hukuku - Erginel Law | Advocates &amp; Legal Consultants\",\"isPartOf\":{\"@id\":\"https:\/\/erginellaw.com\/#website\"},\"datePublished\":\"2025-11-11T08:33:46+00:00\",\"dateModified\":\"2025-11-13T08:04:17+00:00\",\"breadcrumb\":{\"@id\":\"https:\/\/erginellaw.com\/family-law\/#breadcrumb\"},\"inLanguage\":\"tr\",\"potentialAction\":[{\"@type\":\"ReadAction\",\"target\":[\"https:\/\/erginellaw.com\/family-law\/\"]}]},{\"@type\":\"BreadcrumbList\",\"@id\":\"https:\/\/erginellaw.com\/family-law\/#breadcrumb\",\"itemListElement\":[{\"@type\":\"ListItem\",\"position\":1,\"name\":\"Home\",\"item\":\"https:\/\/erginellaw.com\/tr\/\"},{\"@type\":\"ListItem\",\"position\":2,\"name\":\"Aile Hukuku\"}]},{\"@type\":\"WebSite\",\"@id\":\"https:\/\/erginellaw.com\/#website\",\"url\":\"https:\/\/erginellaw.com\/\",\"name\":\"Erginellaw.Com | Advocates and Legal Consultants\",\"description\":\"\",\"publisher\":{\"@id\":\"https:\/\/erginellaw.com\/#organization\"},\"potentialAction\":[{\"@type\":\"SearchAction\",\"target\":{\"@type\":\"EntryPoint\",\"urlTemplate\":\"https:\/\/erginellaw.com\/?s={search_term_string}\"},\"query-input\":{\"@type\":\"PropertyValueSpecification\",\"valueRequired\":true,\"valueName\":\"search_term_string\"}}],\"inLanguage\":\"tr\"},{\"@type\":\"Organization\",\"@id\":\"https:\/\/erginellaw.com\/#organization\",\"name\":\"Erginellaw.Com | Advocates and Legal Consultants\",\"url\":\"https:\/\/erginellaw.com\/\",\"logo\":{\"@type\":\"ImageObject\",\"inLanguage\":\"tr\",\"@id\":\"https:\/\/erginellaw.com\/#\/schema\/logo\/image\/\",\"url\":\"https:\/\/erginellaw.com\/wp-content\/uploads\/2025\/11\/ergdfgh-1.jpeg\",\"contentUrl\":\"https:\/\/erginellaw.com\/wp-content\/uploads\/2025\/11\/ergdfgh-1.jpeg\",\"width\":2048,\"height\":1365,\"caption\":\"Erginellaw.Com | Advocates and Legal Consultants\"},\"image\":{\"@id\":\"https:\/\/erginellaw.com\/#\/schema\/logo\/image\/\"},\"sameAs\":[\"https:\/\/www.facebook.com\/erginellaw\",\"https:\/\/instagram.com\/erginel.law.cyprus\",\"https:\/\/www.linkedin.com\/company\/erginel-law\"]}]}<\/script>\n<!-- \/ Yoast SEO plugin. -->","yoast_head_json":{"title":"Aile Hukuku - Erginel Law | Advocates &amp; Legal Consultants","robots":{"index":"index","follow":"follow","max-snippet":"max-snippet:-1","max-image-preview":"max-image-preview:large","max-video-preview":"max-video-preview:-1"},"canonical":"https:\/\/erginellaw.com\/family-law\/","og_locale":"tr_TR","og_type":"article","og_title":"Aile Hukuku - Erginel Law | Advocates &amp; Legal Consultants","og_description":"Avukatlar\u0131m\u0131z Kuzey K\u0131br\u0131s\u2019taki aile davalar\u0131 konusunda geni\u015f deneyime sahiptir. Bo\u015fanman\u0131n veya ayr\u0131l\u0131\u011f\u0131n duygusal gerginli\u011fini ve \u00e7ocuklar\u0131n velayeti ve bak\u0131m\u0131 konusundaki","og_url":"https:\/\/erginellaw.com\/family-law\/","og_site_name":"Erginel Law | Advocates &amp; Legal Consultants","article_publisher":"https:\/\/www.facebook.com\/erginellaw","article_modified_time":"2025-11-13T08:04:17+00:00","twitter_card":"summary_large_image","twitter_misc":{"Tahmini okuma s\u00fcresi":"1 dakika"},"schema":{"@context":"https:\/\/schema.org","@graph":[{"@type":"WebPage","@id":"https:\/\/erginellaw.com\/family-law\/","url":"https:\/\/erginellaw.com\/family-law\/","name":"Aile Hukuku - Erginel Law | Advocates &amp; Legal Consultants","isPartOf":{"@id":"https:\/\/erginellaw.com\/#website"},"datePublished":"2025-11-11T08:33:46+00:00","dateModified":"2025-11-13T08:04:17+00:00","breadcrumb":{"@id":"https:\/\/erginellaw.com\/family-law\/#breadcrumb"},"inLanguage":"tr","potentialAction":[{"@type":"ReadAction","target":["https:\/\/erginellaw.com\/family-law\/"]}]},{"@type":"BreadcrumbList","@id":"https:\/\/erginellaw.com\/family-law\/#breadcrumb","itemListElement":[{"@type":"ListItem","position":1,"name":"Home","item":"https:\/\/erginellaw.com\/tr\/"},{"@type":"ListItem","position":2,"name":"Aile Hukuku"}]},{"@type":"WebSite","@id":"https:\/\/erginellaw.com\/#website","url":"https:\/\/erginellaw.com\/","name":"Erginellaw.Com | Advocates and Legal Consultants","description":"","publisher":{"@id":"https:\/\/erginellaw.com\/#organization"},"potentialAction":[{"@type":"SearchAction","target":{"@type":"EntryPoint","urlTemplate":"https:\/\/erginellaw.com\/?s={search_term_string}"},"query-input":{"@type":"PropertyValueSpecification","valueRequired":true,"valueName":"search_term_string"}}],"inLanguage":"tr"},{"@type":"Organization","@id":"https:\/\/erginellaw.com\/#organization","name":"Erginellaw.Com | Advocates and Legal Consultants","url":"https:\/\/erginellaw.com\/","logo":{"@type":"ImageObject","inLanguage":"tr","@id":"https:\/\/erginellaw.com\/#\/schema\/logo\/image\/","url":"https:\/\/erginellaw.com\/wp-content\/uploads\/2025\/11\/ergdfgh-1.jpeg","contentUrl":"https:\/\/erginellaw.com\/wp-content\/uploads\/2025\/11\/ergdfgh-1.jpeg","width":2048,"height":1365,"caption":"Erginellaw.Com | Advocates and Legal Consultants"},"image":{"@id":"https:\/\/erginellaw.com\/#\/schema\/logo\/image\/"},"sameAs":["https:\/\/www.facebook.com\/erginellaw","https:\/\/instagram.com\/erginel.law.cyprus","https:\/\/www.linkedin.com\/company\/erginel-law"]}]}},"_links":{"self":[{"href":"https:\/\/erginellaw.com\/tr\/wp-json\/wp\/v2\/pages\/782","targetHints":{"allow":["GET"]}}],"collection":[{"href":"https:\/\/erginellaw.com\/tr\/wp-json\/wp\/v2\/pages"}],"about":[{"href":"https:\/\/erginellaw.com\/tr\/wp-json\/wp\/v2\/types\/page"}],"author":[{"embeddable":true,"href":"https:\/\/erginellaw.com\/tr\/wp-json\/wp\/v2\/users\/1"}],"replies":[{"embeddable":true,"href":"https:\/\/erginellaw.com\/tr\/wp-json\/wp\/v2\/comments?post=782"}],"version-history":[{"count":0,"href":"https:\/\/erginellaw.com\/tr\/wp-json\/wp\/v2\/pages\/782\/revisions"}],"wp:attachment":[{"href":"https:\/\/erginellaw.com\/tr\/wp-json\/wp\/v2\/media?parent=782"}],"curies":[{"name":"wp","href":"https:\/\/api.w.org\/{rel}","templated":true}]}}