{"id":770,"date":"2025-11-11T11:18:42","date_gmt":"2025-11-11T08:18:42","guid":{"rendered":"https:\/\/bababilgisayar.com\/new\/wills-probates-and-administration-of-estates\/"},"modified":"2025-11-13T11:00:48","modified_gmt":"2025-11-13T08:00:48","slug":"miras-hukuku","status":"publish","type":"page","link":"https:\/\/erginellaw.com\/tr\/miras-hukuku\/","title":{"rendered":"Miras Hukuku"},"content":{"rendered":"\t\t<div data-elementor-type=\"wp-page\" data-elementor-id=\"770\" class=\"elementor elementor-770 elementor-48\">\n\t\t\t\t<div class=\"wd-negative-gap elementor-element elementor-element-c6fab5f wd-section-stretch e-flex e-con-boxed e-con e-parent\" data-id=\"c6fab5f\" data-element_type=\"container\">\n\t\t\t\t\t<div class=\"e-con-inner\">\n\t\t<div class=\"elementor-element elementor-element-a1b8403 e-con-full e-flex e-con e-child\" data-id=\"a1b8403\" data-element_type=\"container\">\n\t\t\t\t<div class=\"elementor-element elementor-element-84ac76b elementor-widget elementor-widget-wd_text_block\" data-id=\"84ac76b\" data-element_type=\"widget\" data-widget_type=\"wd_text_block.default\">\n\t\t\t\t<div class=\"elementor-widget-container\">\n\t\t\t\t\t\t\t<div class=\"wd-text-block reset-last-child text-left\">\n\t\t\t\n\t\t\t<p>KTC\u2019de bir tan\u015f\u0131nmaz mal\u0131n\u0131z varsa veya burada bir ta\u015f\u0131n\u0131r malvarl\u0131\u011f\u0131n\u0131z varsa (\u00f6rne\u011fin bir banka hesab\u0131), KKTC\u2019de kendi ad\u0131n\u0131za bir vasiyetname haz\u0131rlaman\u0131z\u0131 tavsiye ederiz. Ba\u015fka bir yerde bir vasiyetnameniz olsa bile, KKTC\u2019de de, \u00f6zellikle buradaki varl\u0131klar\u0131n\u0131z\u0131 teminat alt\u0131na almak i\u00e7in bir vasiyetname haz\u0131rlaman\u0131z \u00e7ok faydal\u0131 olacakt\u0131r.<\/p>\n\t\t\t\t\t<\/div>\n\t\t\t\t\t\t<\/div>\n\t\t\t\t<\/div>\n\t\t\t\t<\/div>\n\t\t<div class=\"elementor-element elementor-element-6d97d01 e-con-full e-flex e-con e-child\" data-id=\"6d97d01\" data-element_type=\"container\">\n\t\t\t\t<div class=\"elementor-element elementor-element-03d4c04 elementor-widget elementor-widget-wd_text_block\" data-id=\"03d4c04\" data-element_type=\"widget\" data-widget_type=\"wd_text_block.default\">\n\t\t\t\t<div class=\"elementor-widget-container\">\n\t\t\t\t\t\t\t<div class=\"wd-text-block reset-last-child text-left\">\n\t\t\t\n\t\t\t<p><em>Kuzey K\u0131br\u0131s yasalar\u0131na g\u00f6re, bir ki\u015fi \u00f6ld\u00fc\u011f\u00fcnde, terekesinin kurulmas\u0131 uzun bir s\u00fcre\u00e7 olabilir. Ancak deneyimli personelimiz, merhumun terekesi ile ilgili \u00a0gerekli t\u00fcm ad\u0131mlar\u0131n takip edilmesi, tereke emrinin al\u0131nmas\u0131 ve merhumun mallar\u0131n\u0131n miras\u00e7\u0131lar\u0131na da\u011f\u0131t\u0131lmas\u0131 konular\u0131nda hizmet vermektedir.<\/em><\/p>\n\t\t\t\t\t<\/div>\n\t\t\t\t\t\t<\/div>\n\t\t\t\t<\/div>\n\t\t\t\t<\/div>\n\t\t\t\t\t<\/div>\n\t\t\t\t<\/div>\n\t\t\t\t<\/div>\n\t\t","protected":false},"excerpt":{"rendered":"<p>KTC\u2019de bir tan\u015f\u0131nmaz mal\u0131n\u0131z varsa veya burada bir ta\u015f\u0131n\u0131r malvarl\u0131\u011f\u0131n\u0131z varsa (\u00f6rne\u011fin bir banka hesab\u0131), KKTC\u2019de kendi ad\u0131n\u0131za bir vasiyetname<\/p>\n","protected":false},"author":1,"featured_media":0,"parent":0,"menu_order":0,"comment_status":"closed","ping_status":"closed","template":"elementor_header_footer","meta":{"footnotes":""},"class_list":["post-770","page","type-page","status-publish","hentry"],"yoast_head":"<!-- This site is optimized with the Yoast SEO plugin v26.5 - https:\/\/yoast.com\/wordpress\/plugins\/seo\/ -->\n<title>Miras Hukuku - Erginel Law | Advocates &amp; Legal Consultants<\/title>\n<meta name=\"robots\" content=\"index, follow, max-snippet:-1, max-image-preview:large, max-video-preview:-1\" \/>\n<link rel=\"canonical\" href=\"https:\/\/erginellaw.com\/wills-probates-and-administration-of-estates\/\" \/>\n<meta property=\"og:locale\" content=\"tr_TR\" \/>\n<meta property=\"og:type\" content=\"article\" \/>\n<meta property=\"og:title\" content=\"Miras Hukuku - Erginel Law | Advocates &amp; Legal Consultants\" \/>\n<meta property=\"og:description\" content=\"KTC\u2019de bir tan\u015f\u0131nmaz mal\u0131n\u0131z varsa veya burada bir ta\u015f\u0131n\u0131r malvarl\u0131\u011f\u0131n\u0131z varsa (\u00f6rne\u011fin bir banka hesab\u0131), KKTC\u2019de kendi ad\u0131n\u0131za bir vasiyetname\" \/>\n<meta property=\"og:url\" content=\"https:\/\/erginellaw.com\/wills-probates-and-administration-of-estates\/\" \/>\n<meta property=\"og:site_name\" content=\"Erginel Law | Advocates &amp; Legal Consultants\" \/>\n<meta property=\"article:publisher\" content=\"https:\/\/www.facebook.com\/erginellaw\" \/>\n<meta property=\"article:modified_time\" content=\"2025-11-13T08:00:48+00:00\" \/>\n<meta name=\"twitter:card\" content=\"summary_large_image\" \/>\n<meta name=\"twitter:label1\" content=\"Tahmini okuma s\u00fcresi\" \/>\n\t<meta name=\"twitter:data1\" content=\"1 dakika\" \/>\n<script type=\"application\/ld+json\" class=\"yoast-schema-graph\">{\"@context\":\"https:\/\/schema.org\",\"@graph\":[{\"@type\":\"WebPage\",\"@id\":\"https:\/\/erginellaw.com\/wills-probates-and-administration-of-estates\/\",\"url\":\"https:\/\/erginellaw.com\/wills-probates-and-administration-of-estates\/\",\"name\":\"Miras Hukuku - Erginel Law | Advocates &amp; Legal Consultants\",\"isPartOf\":{\"@id\":\"https:\/\/erginellaw.com\/#website\"},\"datePublished\":\"2025-11-11T08:18:42+00:00\",\"dateModified\":\"2025-11-13T08:00:48+00:00\",\"breadcrumb\":{\"@id\":\"https:\/\/erginellaw.com\/wills-probates-and-administration-of-estates\/#breadcrumb\"},\"inLanguage\":\"tr\",\"potentialAction\":[{\"@type\":\"ReadAction\",\"target\":[\"https:\/\/erginellaw.com\/wills-probates-and-administration-of-estates\/\"]}]},{\"@type\":\"BreadcrumbList\",\"@id\":\"https:\/\/erginellaw.com\/wills-probates-and-administration-of-estates\/#breadcrumb\",\"itemListElement\":[{\"@type\":\"ListItem\",\"position\":1,\"name\":\"Home\",\"item\":\"https:\/\/erginellaw.com\/tr\/\"},{\"@type\":\"ListItem\",\"position\":2,\"name\":\"Miras Hukuku\"}]},{\"@type\":\"WebSite\",\"@id\":\"https:\/\/erginellaw.com\/#website\",\"url\":\"https:\/\/erginellaw.com\/\",\"name\":\"Erginellaw.Com | Advocates and Legal Consultants\",\"description\":\"\",\"publisher\":{\"@id\":\"https:\/\/erginellaw.com\/#organization\"},\"potentialAction\":[{\"@type\":\"SearchAction\",\"target\":{\"@type\":\"EntryPoint\",\"urlTemplate\":\"https:\/\/erginellaw.com\/?s={search_term_string}\"},\"query-input\":{\"@type\":\"PropertyValueSpecification\",\"valueRequired\":true,\"valueName\":\"search_term_string\"}}],\"inLanguage\":\"tr\"},{\"@type\":\"Organization\",\"@id\":\"https:\/\/erginellaw.com\/#organization\",\"name\":\"Erginellaw.Com | Advocates and Legal Consultants\",\"url\":\"https:\/\/erginellaw.com\/\",\"logo\":{\"@type\":\"ImageObject\",\"inLanguage\":\"tr\",\"@id\":\"https:\/\/erginellaw.com\/#\/schema\/logo\/image\/\",\"url\":\"https:\/\/erginellaw.com\/wp-content\/uploads\/2025\/11\/ergdfgh-1.jpeg\",\"contentUrl\":\"https:\/\/erginellaw.com\/wp-content\/uploads\/2025\/11\/ergdfgh-1.jpeg\",\"width\":2048,\"height\":1365,\"caption\":\"Erginellaw.Com | Advocates and Legal Consultants\"},\"image\":{\"@id\":\"https:\/\/erginellaw.com\/#\/schema\/logo\/image\/\"},\"sameAs\":[\"https:\/\/www.facebook.com\/erginellaw\",\"https:\/\/instagram.com\/erginel.law.cyprus\",\"https:\/\/www.linkedin.com\/company\/erginel-law\"]}]}<\/script>\n<!-- \/ Yoast SEO plugin. -->","yoast_head_json":{"title":"Miras Hukuku - Erginel Law | Advocates &amp; Legal Consultants","robots":{"index":"index","follow":"follow","max-snippet":"max-snippet:-1","max-image-preview":"max-image-preview:large","max-video-preview":"max-video-preview:-1"},"canonical":"https:\/\/erginellaw.com\/wills-probates-and-administration-of-estates\/","og_locale":"tr_TR","og_type":"article","og_title":"Miras Hukuku - Erginel Law | Advocates &amp; Legal Consultants","og_description":"KTC\u2019de bir tan\u015f\u0131nmaz mal\u0131n\u0131z varsa veya burada bir ta\u015f\u0131n\u0131r malvarl\u0131\u011f\u0131n\u0131z varsa (\u00f6rne\u011fin bir banka hesab\u0131), KKTC\u2019de kendi ad\u0131n\u0131za bir vasiyetname","og_url":"https:\/\/erginellaw.com\/wills-probates-and-administration-of-estates\/","og_site_name":"Erginel Law | Advocates &amp; Legal Consultants","article_publisher":"https:\/\/www.facebook.com\/erginellaw","article_modified_time":"2025-11-13T08:00:48+00:00","twitter_card":"summary_large_image","twitter_misc":{"Tahmini okuma s\u00fcresi":"1 dakika"},"schema":{"@context":"https:\/\/schema.org","@graph":[{"@type":"WebPage","@id":"https:\/\/erginellaw.com\/wills-probates-and-administration-of-estates\/","url":"https:\/\/erginellaw.com\/wills-probates-and-administration-of-estates\/","name":"Miras Hukuku - Erginel Law | Advocates &amp; Legal Consultants","isPartOf":{"@id":"https:\/\/erginellaw.com\/#website"},"datePublished":"2025-11-11T08:18:42+00:00","dateModified":"2025-11-13T08:00:48+00:00","breadcrumb":{"@id":"https:\/\/erginellaw.com\/wills-probates-and-administration-of-estates\/#breadcrumb"},"inLanguage":"tr","potentialAction":[{"@type":"ReadAction","target":["https:\/\/erginellaw.com\/wills-probates-and-administration-of-estates\/"]}]},{"@type":"BreadcrumbList","@id":"https:\/\/erginellaw.com\/wills-probates-and-administration-of-estates\/#breadcrumb","itemListElement":[{"@type":"ListItem","position":1,"name":"Home","item":"https:\/\/erginellaw.com\/tr\/"},{"@type":"ListItem","position":2,"name":"Miras Hukuku"}]},{"@type":"WebSite","@id":"https:\/\/erginellaw.com\/#website","url":"https:\/\/erginellaw.com\/","name":"Erginellaw.Com | Advocates and Legal Consultants","description":"","publisher":{"@id":"https:\/\/erginellaw.com\/#organization"},"potentialAction":[{"@type":"SearchAction","target":{"@type":"EntryPoint","urlTemplate":"https:\/\/erginellaw.com\/?s={search_term_string}"},"query-input":{"@type":"PropertyValueSpecification","valueRequired":true,"valueName":"search_term_string"}}],"inLanguage":"tr"},{"@type":"Organization","@id":"https:\/\/erginellaw.com\/#organization","name":"Erginellaw.Com | Advocates and Legal Consultants","url":"https:\/\/erginellaw.com\/","logo":{"@type":"ImageObject","inLanguage":"tr","@id":"https:\/\/erginellaw.com\/#\/schema\/logo\/image\/","url":"https:\/\/erginellaw.com\/wp-content\/uploads\/2025\/11\/ergdfgh-1.jpeg","contentUrl":"https:\/\/erginellaw.com\/wp-content\/uploads\/2025\/11\/ergdfgh-1.jpeg","width":2048,"height":1365,"caption":"Erginellaw.Com | Advocates and Legal Consultants"},"image":{"@id":"https:\/\/erginellaw.com\/#\/schema\/logo\/image\/"},"sameAs":["https:\/\/www.facebook.com\/erginellaw","https:\/\/instagram.com\/erginel.law.cyprus","https:\/\/www.linkedin.com\/company\/erginel-law"]}]}},"_links":{"self":[{"href":"https:\/\/erginellaw.com\/tr\/wp-json\/wp\/v2\/pages\/770","targetHints":{"allow":["GET"]}}],"collection":[{"href":"https:\/\/erginellaw.com\/tr\/wp-json\/wp\/v2\/pages"}],"about":[{"href":"https:\/\/erginellaw.com\/tr\/wp-json\/wp\/v2\/types\/page"}],"author":[{"embeddable":true,"href":"https:\/\/erginellaw.com\/tr\/wp-json\/wp\/v2\/users\/1"}],"replies":[{"embeddable":true,"href":"https:\/\/erginellaw.com\/tr\/wp-json\/wp\/v2\/comments?post=770"}],"version-history":[{"count":0,"href":"https:\/\/erginellaw.com\/tr\/wp-json\/wp\/v2\/pages\/770\/revisions"}],"wp:attachment":[{"href":"https:\/\/erginellaw.com\/tr\/wp-json\/wp\/v2\/media?parent=770"}],"curies":[{"name":"wp","href":"https:\/\/api.w.org\/{rel}","templated":true}]}}