{"id":755,"date":"2025-11-11T11:35:27","date_gmt":"2025-11-11T08:35:27","guid":{"rendered":"https:\/\/bababilgisayar.com\/new\/residence-permits-and-immigration\/"},"modified":"2025-11-13T10:57:18","modified_gmt":"2025-11-13T07:57:18","slug":"ikamet-izinleri-ve-vizeler","status":"publish","type":"page","link":"https:\/\/erginellaw.com\/tr\/ikamet-izinleri-ve-vizeler\/","title":{"rendered":"Ikamet Izinleri ve Vizeler"},"content":{"rendered":"\t\t<div data-elementor-type=\"wp-page\" data-elementor-id=\"755\" class=\"elementor elementor-755 elementor-90\">\n\t\t\t\t<div class=\"wd-negative-gap elementor-element elementor-element-eb425c4 e-flex e-con-boxed e-con e-parent\" data-id=\"eb425c4\" data-element_type=\"container\">\n\t\t\t\t\t<div class=\"e-con-inner\">\n\t\t<div class=\"elementor-element elementor-element-0be17ad e-con-full e-flex e-con e-child\" data-id=\"0be17ad\" data-element_type=\"container\">\n\t\t\t\t<div class=\"elementor-element elementor-element-122fbdd elementor-widget elementor-widget-wd_text_block\" data-id=\"122fbdd\" data-element_type=\"widget\" data-widget_type=\"wd_text_block.default\">\n\t\t\t\t<div class=\"elementor-widget-container\">\n\t\t\t\t\t\t\t<div class=\"wd-text-block reset-last-child text-left\">\n\t\t\t\n\t\t\t<p>Ermenistan Cumhuriyeti, Nijerya Federal Cumhuriyeti ve Suriye Arap Cumhuriyeti d\u0131\u015f\u0131ndaki t\u00fcm \u00fclkelerin vatanda\u015flar\u0131 KKTC\u2019ye gelmeden \u00f6nce vize alma zorunlulu\u011fundan muaft\u0131r. Vizenin ge\u00e7erlilik s\u00fcresi ziyaretin amac\u0131na ba\u011fl\u0131d\u0131r. Yeni Oturma \u0130zni ve Vizeler Y\u00f6netmeli\u011fi (105\/2019) uyar\u0131nca, Kuzey K\u0131br\u0131s limanlar\u0131 ve ge\u00e7i\u015f noktalar\u0131ndaki g\u00f6\u00e7menlik makamlar\u0131 KKTC\u2019ye giri\u015f yapan yabanc\u0131lara verilen vizelerin g\u00fcn say\u0131s\u0131n\u0131 belirleme yetkisine sahiptir (vizeler daha \u00f6nce oldu\u011fu gibi otomatik olarak 90 g\u00fcnl\u00fc\u011f\u00fcne verilmiyor).<\/p>\n\t\t\t\t\t<\/div>\n\t\t\t\t\t\t<\/div>\n\t\t\t\t<\/div>\n\t\t\t\t<\/div>\n\t\t<div class=\"elementor-element elementor-element-f97e443 e-con-full e-flex e-con e-child\" data-id=\"f97e443\" data-element_type=\"container\">\n\t\t\t\t<div class=\"elementor-element elementor-element-059eea8 elementor-widget elementor-widget-wd_text_block\" data-id=\"059eea8\" data-element_type=\"widget\" data-widget_type=\"wd_text_block.default\">\n\t\t\t\t<div class=\"elementor-widget-container\">\n\t\t\t\t\t\t\t<div class=\"wd-text-block reset-last-child text-left\">\n\t\t\t\n\t\t\t<p>KKTC\u2019de ikamet etmek istiyorsan\u0131z, ge\u00e7ici oturma izni ba\u015fvurusunda bulunmal\u0131s\u0131n\u0131z. Ba\u015fvuru sahibinin KKTC\u2019de ta\u015f\u0131nmaz mala sahip olmas\u0131, aile, \u00f6\u011frencilik gibi\u00a0 nedenlerle verilen farkl\u0131 oturma izin t\u00fcrleri vard\u0131r. Bir yabanc\u0131n\u0131n oturma izni ba\u015fvurusunda bulunabilece\u011fi birka\u00e7 kategori vard\u0131r.<\/p>\n\t\t\t\t\t<\/div>\n\t\t\t\t\t\t<\/div>\n\t\t\t\t<\/div>\n\t\t\t\t<\/div>\n\t\t\t\t\t<\/div>\n\t\t\t\t<\/div>\n\t\t\t\t<\/div>\n\t\t","protected":false},"excerpt":{"rendered":"<p>Ermenistan Cumhuriyeti, Nijerya Federal Cumhuriyeti ve Suriye Arap Cumhuriyeti d\u0131\u015f\u0131ndaki t\u00fcm \u00fclkelerin vatanda\u015flar\u0131 KKTC\u2019ye gelmeden \u00f6nce vize alma zorunlulu\u011fundan muaft\u0131r.<\/p>\n","protected":false},"author":1,"featured_media":0,"parent":0,"menu_order":0,"comment_status":"closed","ping_status":"closed","template":"elementor_header_footer","meta":{"footnotes":""},"class_list":["post-755","page","type-page","status-publish","hentry"],"yoast_head":"<!-- This site is optimized with the Yoast SEO plugin v26.5 - https:\/\/yoast.com\/wordpress\/plugins\/seo\/ -->\n<title>Ikamet Izinleri ve Vizeler - Erginel Law | Advocates &amp; Legal Consultants<\/title>\n<meta name=\"robots\" content=\"index, follow, max-snippet:-1, max-image-preview:large, max-video-preview:-1\" \/>\n<link rel=\"canonical\" href=\"https:\/\/erginellaw.com\/residence-permits-and-immigration\/\" \/>\n<meta property=\"og:locale\" content=\"tr_TR\" \/>\n<meta property=\"og:type\" content=\"article\" \/>\n<meta property=\"og:title\" content=\"Ikamet Izinleri ve Vizeler - Erginel Law | Advocates &amp; Legal Consultants\" \/>\n<meta property=\"og:description\" content=\"Ermenistan Cumhuriyeti, Nijerya Federal Cumhuriyeti ve Suriye Arap Cumhuriyeti d\u0131\u015f\u0131ndaki t\u00fcm \u00fclkelerin vatanda\u015flar\u0131 KKTC\u2019ye gelmeden \u00f6nce vize alma zorunlulu\u011fundan muaft\u0131r.\" \/>\n<meta property=\"og:url\" content=\"https:\/\/erginellaw.com\/residence-permits-and-immigration\/\" \/>\n<meta property=\"og:site_name\" content=\"Erginel Law | Advocates &amp; Legal Consultants\" \/>\n<meta property=\"article:publisher\" content=\"https:\/\/www.facebook.com\/erginellaw\" \/>\n<meta property=\"article:modified_time\" content=\"2025-11-13T07:57:18+00:00\" \/>\n<meta name=\"twitter:card\" content=\"summary_large_image\" \/>\n<meta name=\"twitter:label1\" content=\"Tahmini okuma s\u00fcresi\" \/>\n\t<meta name=\"twitter:data1\" content=\"1 dakika\" \/>\n<script type=\"application\/ld+json\" class=\"yoast-schema-graph\">{\"@context\":\"https:\/\/schema.org\",\"@graph\":[{\"@type\":\"WebPage\",\"@id\":\"https:\/\/erginellaw.com\/residence-permits-and-immigration\/\",\"url\":\"https:\/\/erginellaw.com\/residence-permits-and-immigration\/\",\"name\":\"Ikamet Izinleri ve Vizeler - Erginel Law | Advocates &amp; Legal Consultants\",\"isPartOf\":{\"@id\":\"https:\/\/erginellaw.com\/#website\"},\"datePublished\":\"2025-11-11T08:35:27+00:00\",\"dateModified\":\"2025-11-13T07:57:18+00:00\",\"breadcrumb\":{\"@id\":\"https:\/\/erginellaw.com\/residence-permits-and-immigration\/#breadcrumb\"},\"inLanguage\":\"tr\",\"potentialAction\":[{\"@type\":\"ReadAction\",\"target\":[\"https:\/\/erginellaw.com\/residence-permits-and-immigration\/\"]}]},{\"@type\":\"BreadcrumbList\",\"@id\":\"https:\/\/erginellaw.com\/residence-permits-and-immigration\/#breadcrumb\",\"itemListElement\":[{\"@type\":\"ListItem\",\"position\":1,\"name\":\"Home\",\"item\":\"https:\/\/erginellaw.com\/tr\/\"},{\"@type\":\"ListItem\",\"position\":2,\"name\":\"Ikamet Izinleri ve Vizeler\"}]},{\"@type\":\"WebSite\",\"@id\":\"https:\/\/erginellaw.com\/#website\",\"url\":\"https:\/\/erginellaw.com\/\",\"name\":\"Erginellaw.Com | Advocates and Legal Consultants\",\"description\":\"\",\"publisher\":{\"@id\":\"https:\/\/erginellaw.com\/#organization\"},\"potentialAction\":[{\"@type\":\"SearchAction\",\"target\":{\"@type\":\"EntryPoint\",\"urlTemplate\":\"https:\/\/erginellaw.com\/?s={search_term_string}\"},\"query-input\":{\"@type\":\"PropertyValueSpecification\",\"valueRequired\":true,\"valueName\":\"search_term_string\"}}],\"inLanguage\":\"tr\"},{\"@type\":\"Organization\",\"@id\":\"https:\/\/erginellaw.com\/#organization\",\"name\":\"Erginellaw.Com | Advocates and Legal Consultants\",\"url\":\"https:\/\/erginellaw.com\/\",\"logo\":{\"@type\":\"ImageObject\",\"inLanguage\":\"tr\",\"@id\":\"https:\/\/erginellaw.com\/#\/schema\/logo\/image\/\",\"url\":\"https:\/\/erginellaw.com\/wp-content\/uploads\/2025\/11\/ergdfgh-1.jpeg\",\"contentUrl\":\"https:\/\/erginellaw.com\/wp-content\/uploads\/2025\/11\/ergdfgh-1.jpeg\",\"width\":2048,\"height\":1365,\"caption\":\"Erginellaw.Com | Advocates and Legal Consultants\"},\"image\":{\"@id\":\"https:\/\/erginellaw.com\/#\/schema\/logo\/image\/\"},\"sameAs\":[\"https:\/\/www.facebook.com\/erginellaw\",\"https:\/\/instagram.com\/erginel.law.cyprus\",\"https:\/\/www.linkedin.com\/company\/erginel-law\"]}]}<\/script>\n<!-- \/ Yoast SEO plugin. -->","yoast_head_json":{"title":"Ikamet Izinleri ve Vizeler - Erginel Law | Advocates &amp; Legal Consultants","robots":{"index":"index","follow":"follow","max-snippet":"max-snippet:-1","max-image-preview":"max-image-preview:large","max-video-preview":"max-video-preview:-1"},"canonical":"https:\/\/erginellaw.com\/residence-permits-and-immigration\/","og_locale":"tr_TR","og_type":"article","og_title":"Ikamet Izinleri ve Vizeler - Erginel Law | Advocates &amp; Legal Consultants","og_description":"Ermenistan Cumhuriyeti, Nijerya Federal Cumhuriyeti ve Suriye Arap Cumhuriyeti d\u0131\u015f\u0131ndaki t\u00fcm \u00fclkelerin vatanda\u015flar\u0131 KKTC\u2019ye gelmeden \u00f6nce vize alma zorunlulu\u011fundan muaft\u0131r.","og_url":"https:\/\/erginellaw.com\/residence-permits-and-immigration\/","og_site_name":"Erginel Law | Advocates &amp; Legal Consultants","article_publisher":"https:\/\/www.facebook.com\/erginellaw","article_modified_time":"2025-11-13T07:57:18+00:00","twitter_card":"summary_large_image","twitter_misc":{"Tahmini okuma s\u00fcresi":"1 dakika"},"schema":{"@context":"https:\/\/schema.org","@graph":[{"@type":"WebPage","@id":"https:\/\/erginellaw.com\/residence-permits-and-immigration\/","url":"https:\/\/erginellaw.com\/residence-permits-and-immigration\/","name":"Ikamet Izinleri ve Vizeler - Erginel Law | Advocates &amp; Legal Consultants","isPartOf":{"@id":"https:\/\/erginellaw.com\/#website"},"datePublished":"2025-11-11T08:35:27+00:00","dateModified":"2025-11-13T07:57:18+00:00","breadcrumb":{"@id":"https:\/\/erginellaw.com\/residence-permits-and-immigration\/#breadcrumb"},"inLanguage":"tr","potentialAction":[{"@type":"ReadAction","target":["https:\/\/erginellaw.com\/residence-permits-and-immigration\/"]}]},{"@type":"BreadcrumbList","@id":"https:\/\/erginellaw.com\/residence-permits-and-immigration\/#breadcrumb","itemListElement":[{"@type":"ListItem","position":1,"name":"Home","item":"https:\/\/erginellaw.com\/tr\/"},{"@type":"ListItem","position":2,"name":"Ikamet Izinleri ve Vizeler"}]},{"@type":"WebSite","@id":"https:\/\/erginellaw.com\/#website","url":"https:\/\/erginellaw.com\/","name":"Erginellaw.Com | Advocates and Legal Consultants","description":"","publisher":{"@id":"https:\/\/erginellaw.com\/#organization"},"potentialAction":[{"@type":"SearchAction","target":{"@type":"EntryPoint","urlTemplate":"https:\/\/erginellaw.com\/?s={search_term_string}"},"query-input":{"@type":"PropertyValueSpecification","valueRequired":true,"valueName":"search_term_string"}}],"inLanguage":"tr"},{"@type":"Organization","@id":"https:\/\/erginellaw.com\/#organization","name":"Erginellaw.Com | Advocates and Legal Consultants","url":"https:\/\/erginellaw.com\/","logo":{"@type":"ImageObject","inLanguage":"tr","@id":"https:\/\/erginellaw.com\/#\/schema\/logo\/image\/","url":"https:\/\/erginellaw.com\/wp-content\/uploads\/2025\/11\/ergdfgh-1.jpeg","contentUrl":"https:\/\/erginellaw.com\/wp-content\/uploads\/2025\/11\/ergdfgh-1.jpeg","width":2048,"height":1365,"caption":"Erginellaw.Com | Advocates and Legal Consultants"},"image":{"@id":"https:\/\/erginellaw.com\/#\/schema\/logo\/image\/"},"sameAs":["https:\/\/www.facebook.com\/erginellaw","https:\/\/instagram.com\/erginel.law.cyprus","https:\/\/www.linkedin.com\/company\/erginel-law"]}]}},"_links":{"self":[{"href":"https:\/\/erginellaw.com\/tr\/wp-json\/wp\/v2\/pages\/755","targetHints":{"allow":["GET"]}}],"collection":[{"href":"https:\/\/erginellaw.com\/tr\/wp-json\/wp\/v2\/pages"}],"about":[{"href":"https:\/\/erginellaw.com\/tr\/wp-json\/wp\/v2\/types\/page"}],"author":[{"embeddable":true,"href":"https:\/\/erginellaw.com\/tr\/wp-json\/wp\/v2\/users\/1"}],"replies":[{"embeddable":true,"href":"https:\/\/erginellaw.com\/tr\/wp-json\/wp\/v2\/comments?post=755"}],"version-history":[{"count":0,"href":"https:\/\/erginellaw.com\/tr\/wp-json\/wp\/v2\/pages\/755\/revisions"}],"wp:attachment":[{"href":"https:\/\/erginellaw.com\/tr\/wp-json\/wp\/v2\/media?parent=755"}],"curies":[{"name":"wp","href":"https:\/\/api.w.org\/{rel}","templated":true}]}}