{"id":743,"date":"2025-11-11T11:31:12","date_gmt":"2025-11-11T08:31:12","guid":{"rendered":"https:\/\/bababilgisayar.com\/new\/property-matters-purchase-sale-tenancy-and-conveyancing\/"},"modified":"2025-11-13T10:51:32","modified_gmt":"2025-11-13T07:51:32","slug":"tasinmaz-mal-hukuku","status":"publish","type":"page","link":"https:\/\/erginellaw.com\/tr\/tasinmaz-mal-hukuku\/","title":{"rendered":"Ta\u015f\u0131nmaz Mal Hukuku"},"content":{"rendered":"\t\t<div data-elementor-type=\"wp-page\" data-elementor-id=\"743\" class=\"elementor elementor-743 elementor-78\">\n\t\t\t\t<div class=\"wd-negative-gap elementor-element elementor-element-4eafba8 e-flex e-con-boxed e-con e-parent\" data-id=\"4eafba8\" data-element_type=\"container\">\n\t\t\t\t\t<div class=\"e-con-inner\">\n\t\t<div class=\"elementor-element elementor-element-4e9547c e-con-full e-flex e-con e-child\" data-id=\"4e9547c\" data-element_type=\"container\">\n\t\t\t\t<div class=\"elementor-element elementor-element-cd045a1 elementor-widget elementor-widget-wd_text_block\" data-id=\"cd045a1\" data-element_type=\"widget\" data-widget_type=\"wd_text_block.default\">\n\t\t\t\t<div class=\"elementor-widget-container\">\n\t\t\t\t\t\t\t<div class=\"wd-text-block reset-last-child text-left\">\n\t\t\t\n\t\t\t<p>Herhangi bir yerde ta\u015f\u0131nmaz mal sat\u0131n almak veya satmak zorluklar i\u00e7erebilir. KKTC h\u00fck\u00fcmeti son y\u0131llarda riskleri azaltmak i\u00e7in bir\u00e7ok yasa ge\u00e7irdi. Ancak Kuzey K\u0131br\u0131s\u2019ta idari sistemin, i\u015f k\u00fclt\u00fcr\u00fc ve uygulamalar\u0131n\u0131n ve t\u00fcketici haklar\u0131n\u0131n kendi \u00fclkenizdekilerden farkl\u0131 olabilece\u011finin fark\u0131nda olmak gerekiyor.<\/p>\n\t\t\t\t\t<\/div>\n\t\t\t\t\t\t<\/div>\n\t\t\t\t<\/div>\n\t\t\t\t<\/div>\n\t\t<div class=\"elementor-element elementor-element-db7ae5b e-con-full e-flex e-con e-child\" data-id=\"db7ae5b\" data-element_type=\"container\">\n\t\t\t\t<div class=\"elementor-element elementor-element-776e690 elementor-widget elementor-widget-wd_text_block\" data-id=\"776e690\" data-element_type=\"widget\" data-widget_type=\"wd_text_block.default\">\n\t\t\t\t<div class=\"elementor-widget-container\">\n\t\t\t\t\t\t\t<div class=\"wd-text-block reset-last-child text-left\">\n\t\t\t\n\t\t\t<p><em>Erginel Hukuk B\u00fcrosu\u2019nda, m\u00fcvekkillerimize her t\u00fcrl\u00fc ta\u015f\u0131nmaz mal\u0131n al\u0131m ve sat\u0131m\u0131nda yol g\u00f6sterme konusunda zengin bir deneyime sahibiz ve m\u00fcvekkillerimize i\u015flemlerinin m\u00fcmk\u00fcn oldu\u011funca sorunsuz ve h\u0131zl\u0131 ilerlemesini sa\u011flamak i\u00e7in eksiksiz ve verimli bir hizmet sa\u011fl\u0131yoruz.<\/em><\/p>\n\t\t\t\t\t<\/div>\n\t\t\t\t\t\t<\/div>\n\t\t\t\t<\/div>\n\t\t\t\t<\/div>\n\t\t\t\t\t<\/div>\n\t\t\t\t<\/div>\n\t\t\t\t<\/div>\n\t\t","protected":false},"excerpt":{"rendered":"<p>Herhangi bir yerde ta\u015f\u0131nmaz mal sat\u0131n almak veya satmak zorluklar i\u00e7erebilir. KKTC h\u00fck\u00fcmeti son y\u0131llarda riskleri azaltmak i\u00e7in bir\u00e7ok yasa<\/p>\n","protected":false},"author":1,"featured_media":0,"parent":0,"menu_order":0,"comment_status":"closed","ping_status":"closed","template":"elementor_header_footer","meta":{"footnotes":""},"class_list":["post-743","page","type-page","status-publish","hentry"],"yoast_head":"<!-- This site is optimized with the Yoast SEO plugin v26.5 - https:\/\/yoast.com\/wordpress\/plugins\/seo\/ -->\n<title>Ta\u015f\u0131nmaz Mal Hukuku - Erginel Law | Advocates &amp; Legal Consultants<\/title>\n<meta name=\"robots\" content=\"index, follow, max-snippet:-1, max-image-preview:large, max-video-preview:-1\" \/>\n<link rel=\"canonical\" href=\"https:\/\/erginellaw.com\/property-matters-purchase-sale-tenancy-and-conveyancing\/\" \/>\n<meta property=\"og:locale\" content=\"tr_TR\" \/>\n<meta property=\"og:type\" content=\"article\" \/>\n<meta property=\"og:title\" content=\"Ta\u015f\u0131nmaz Mal Hukuku - Erginel Law | Advocates &amp; Legal Consultants\" \/>\n<meta property=\"og:description\" content=\"Herhangi bir yerde ta\u015f\u0131nmaz mal sat\u0131n almak veya satmak zorluklar i\u00e7erebilir. KKTC h\u00fck\u00fcmeti son y\u0131llarda riskleri azaltmak i\u00e7in bir\u00e7ok yasa\" \/>\n<meta property=\"og:url\" content=\"https:\/\/erginellaw.com\/property-matters-purchase-sale-tenancy-and-conveyancing\/\" \/>\n<meta property=\"og:site_name\" content=\"Erginel Law | Advocates &amp; Legal Consultants\" \/>\n<meta property=\"article:publisher\" content=\"https:\/\/www.facebook.com\/erginellaw\" \/>\n<meta property=\"article:modified_time\" content=\"2025-11-13T07:51:32+00:00\" \/>\n<meta name=\"twitter:card\" content=\"summary_large_image\" \/>\n<meta name=\"twitter:label1\" content=\"Tahmini okuma s\u00fcresi\" \/>\n\t<meta name=\"twitter:data1\" content=\"1 dakika\" \/>\n<script type=\"application\/ld+json\" class=\"yoast-schema-graph\">{\"@context\":\"https:\/\/schema.org\",\"@graph\":[{\"@type\":\"WebPage\",\"@id\":\"https:\/\/erginellaw.com\/property-matters-purchase-sale-tenancy-and-conveyancing\/\",\"url\":\"https:\/\/erginellaw.com\/property-matters-purchase-sale-tenancy-and-conveyancing\/\",\"name\":\"Ta\u015f\u0131nmaz Mal Hukuku - Erginel Law | Advocates &amp; Legal Consultants\",\"isPartOf\":{\"@id\":\"https:\/\/erginellaw.com\/#website\"},\"datePublished\":\"2025-11-11T08:31:12+00:00\",\"dateModified\":\"2025-11-13T07:51:32+00:00\",\"breadcrumb\":{\"@id\":\"https:\/\/erginellaw.com\/property-matters-purchase-sale-tenancy-and-conveyancing\/#breadcrumb\"},\"inLanguage\":\"tr\",\"potentialAction\":[{\"@type\":\"ReadAction\",\"target\":[\"https:\/\/erginellaw.com\/property-matters-purchase-sale-tenancy-and-conveyancing\/\"]}]},{\"@type\":\"BreadcrumbList\",\"@id\":\"https:\/\/erginellaw.com\/property-matters-purchase-sale-tenancy-and-conveyancing\/#breadcrumb\",\"itemListElement\":[{\"@type\":\"ListItem\",\"position\":1,\"name\":\"Home\",\"item\":\"https:\/\/erginellaw.com\/tr\/\"},{\"@type\":\"ListItem\",\"position\":2,\"name\":\"Ta\u015f\u0131nmaz Mal Hukuku\"}]},{\"@type\":\"WebSite\",\"@id\":\"https:\/\/erginellaw.com\/#website\",\"url\":\"https:\/\/erginellaw.com\/\",\"name\":\"Erginellaw.Com | Advocates and Legal Consultants\",\"description\":\"\",\"publisher\":{\"@id\":\"https:\/\/erginellaw.com\/#organization\"},\"potentialAction\":[{\"@type\":\"SearchAction\",\"target\":{\"@type\":\"EntryPoint\",\"urlTemplate\":\"https:\/\/erginellaw.com\/?s={search_term_string}\"},\"query-input\":{\"@type\":\"PropertyValueSpecification\",\"valueRequired\":true,\"valueName\":\"search_term_string\"}}],\"inLanguage\":\"tr\"},{\"@type\":\"Organization\",\"@id\":\"https:\/\/erginellaw.com\/#organization\",\"name\":\"Erginellaw.Com | Advocates and Legal Consultants\",\"url\":\"https:\/\/erginellaw.com\/\",\"logo\":{\"@type\":\"ImageObject\",\"inLanguage\":\"tr\",\"@id\":\"https:\/\/erginellaw.com\/#\/schema\/logo\/image\/\",\"url\":\"https:\/\/erginellaw.com\/wp-content\/uploads\/2025\/11\/ergdfgh-1.jpeg\",\"contentUrl\":\"https:\/\/erginellaw.com\/wp-content\/uploads\/2025\/11\/ergdfgh-1.jpeg\",\"width\":2048,\"height\":1365,\"caption\":\"Erginellaw.Com | Advocates and Legal Consultants\"},\"image\":{\"@id\":\"https:\/\/erginellaw.com\/#\/schema\/logo\/image\/\"},\"sameAs\":[\"https:\/\/www.facebook.com\/erginellaw\",\"https:\/\/instagram.com\/erginel.law.cyprus\",\"https:\/\/www.linkedin.com\/company\/erginel-law\"]}]}<\/script>\n<!-- \/ Yoast SEO plugin. -->","yoast_head_json":{"title":"Ta\u015f\u0131nmaz Mal Hukuku - Erginel Law | Advocates &amp; Legal Consultants","robots":{"index":"index","follow":"follow","max-snippet":"max-snippet:-1","max-image-preview":"max-image-preview:large","max-video-preview":"max-video-preview:-1"},"canonical":"https:\/\/erginellaw.com\/property-matters-purchase-sale-tenancy-and-conveyancing\/","og_locale":"tr_TR","og_type":"article","og_title":"Ta\u015f\u0131nmaz Mal Hukuku - Erginel Law | Advocates &amp; Legal Consultants","og_description":"Herhangi bir yerde ta\u015f\u0131nmaz mal sat\u0131n almak veya satmak zorluklar i\u00e7erebilir. KKTC h\u00fck\u00fcmeti son y\u0131llarda riskleri azaltmak i\u00e7in bir\u00e7ok yasa","og_url":"https:\/\/erginellaw.com\/property-matters-purchase-sale-tenancy-and-conveyancing\/","og_site_name":"Erginel Law | Advocates &amp; Legal Consultants","article_publisher":"https:\/\/www.facebook.com\/erginellaw","article_modified_time":"2025-11-13T07:51:32+00:00","twitter_card":"summary_large_image","twitter_misc":{"Tahmini okuma s\u00fcresi":"1 dakika"},"schema":{"@context":"https:\/\/schema.org","@graph":[{"@type":"WebPage","@id":"https:\/\/erginellaw.com\/property-matters-purchase-sale-tenancy-and-conveyancing\/","url":"https:\/\/erginellaw.com\/property-matters-purchase-sale-tenancy-and-conveyancing\/","name":"Ta\u015f\u0131nmaz Mal Hukuku - Erginel Law | Advocates &amp; Legal Consultants","isPartOf":{"@id":"https:\/\/erginellaw.com\/#website"},"datePublished":"2025-11-11T08:31:12+00:00","dateModified":"2025-11-13T07:51:32+00:00","breadcrumb":{"@id":"https:\/\/erginellaw.com\/property-matters-purchase-sale-tenancy-and-conveyancing\/#breadcrumb"},"inLanguage":"tr","potentialAction":[{"@type":"ReadAction","target":["https:\/\/erginellaw.com\/property-matters-purchase-sale-tenancy-and-conveyancing\/"]}]},{"@type":"BreadcrumbList","@id":"https:\/\/erginellaw.com\/property-matters-purchase-sale-tenancy-and-conveyancing\/#breadcrumb","itemListElement":[{"@type":"ListItem","position":1,"name":"Home","item":"https:\/\/erginellaw.com\/tr\/"},{"@type":"ListItem","position":2,"name":"Ta\u015f\u0131nmaz Mal Hukuku"}]},{"@type":"WebSite","@id":"https:\/\/erginellaw.com\/#website","url":"https:\/\/erginellaw.com\/","name":"Erginellaw.Com | Advocates and Legal Consultants","description":"","publisher":{"@id":"https:\/\/erginellaw.com\/#organization"},"potentialAction":[{"@type":"SearchAction","target":{"@type":"EntryPoint","urlTemplate":"https:\/\/erginellaw.com\/?s={search_term_string}"},"query-input":{"@type":"PropertyValueSpecification","valueRequired":true,"valueName":"search_term_string"}}],"inLanguage":"tr"},{"@type":"Organization","@id":"https:\/\/erginellaw.com\/#organization","name":"Erginellaw.Com | Advocates and Legal Consultants","url":"https:\/\/erginellaw.com\/","logo":{"@type":"ImageObject","inLanguage":"tr","@id":"https:\/\/erginellaw.com\/#\/schema\/logo\/image\/","url":"https:\/\/erginellaw.com\/wp-content\/uploads\/2025\/11\/ergdfgh-1.jpeg","contentUrl":"https:\/\/erginellaw.com\/wp-content\/uploads\/2025\/11\/ergdfgh-1.jpeg","width":2048,"height":1365,"caption":"Erginellaw.Com | Advocates and Legal Consultants"},"image":{"@id":"https:\/\/erginellaw.com\/#\/schema\/logo\/image\/"},"sameAs":["https:\/\/www.facebook.com\/erginellaw","https:\/\/instagram.com\/erginel.law.cyprus","https:\/\/www.linkedin.com\/company\/erginel-law"]}]}},"_links":{"self":[{"href":"https:\/\/erginellaw.com\/tr\/wp-json\/wp\/v2\/pages\/743","targetHints":{"allow":["GET"]}}],"collection":[{"href":"https:\/\/erginellaw.com\/tr\/wp-json\/wp\/v2\/pages"}],"about":[{"href":"https:\/\/erginellaw.com\/tr\/wp-json\/wp\/v2\/types\/page"}],"author":[{"embeddable":true,"href":"https:\/\/erginellaw.com\/tr\/wp-json\/wp\/v2\/users\/1"}],"replies":[{"embeddable":true,"href":"https:\/\/erginellaw.com\/tr\/wp-json\/wp\/v2\/comments?post=743"}],"version-history":[{"count":0,"href":"https:\/\/erginellaw.com\/tr\/wp-json\/wp\/v2\/pages\/743\/revisions"}],"wp:attachment":[{"href":"https:\/\/erginellaw.com\/tr\/wp-json\/wp\/v2\/media?parent=743"}],"curies":[{"name":"wp","href":"https:\/\/api.w.org\/{rel}","templated":true}]}}