{"id":731,"date":"2025-11-11T15:35:39","date_gmt":"2025-11-11T13:35:39","guid":{"rendered":"https:\/\/bababilgisayar.com\/new\/about-us\/"},"modified":"2025-11-13T10:46:41","modified_gmt":"2025-11-13T07:46:41","slug":"hakkimizda","status":"publish","type":"page","link":"https:\/\/erginellaw.com\/tr\/hakkimizda\/","title":{"rendered":"Hakk\u0131m\u0131zda"},"content":{"rendered":"\t\t<div data-elementor-type=\"wp-page\" data-elementor-id=\"731\" class=\"elementor elementor-731 elementor-226\">\n\t\t\t\t<div class=\"wd-negative-gap elementor-element elementor-element-5b2f120 e-flex e-con-boxed e-con e-parent\" data-id=\"5b2f120\" data-element_type=\"container\">\n\t\t\t\t\t<div class=\"e-con-inner\">\n\t\t<div class=\"elementor-element elementor-element-539e528 e-con-full e-flex e-con e-child\" data-id=\"539e528\" data-element_type=\"container\">\n\t\t\t\t<div class=\"elementor-element elementor-element-99262e8 elementor-widget elementor-widget-wd_text_block\" data-id=\"99262e8\" data-element_type=\"widget\" data-widget_type=\"wd_text_block.default\">\n\t\t\t\t<div class=\"elementor-widget-container\">\n\t\t\t\t\t\t\t<div class=\"wd-text-block reset-last-child text-left\">\n\t\t\t\n\t\t\t<p>Herhangi bir yabanc\u0131 i\u00e7in, yeni bir \u00fclkenin y\u00f6netmelik ve yasalar\u0131n\u0131 kabul etmek yap\u0131lmas\u0131 gereken en zor ayarlamalardan biridir. Peyman Erginel Hukuk B\u00fcrosu, Kuzey K\u0131br\u0131s hukuk firmalar\u0131 aras\u0131nda en sayg\u0131n olanlardan biridir ve Peyman Erginel\u2019in kendisi uzun zamand\u0131r KKTC\u2019nin en iyi avukatlar\u0131ndan biri olarak kabul edilmektedir.<\/p><p>Peyman Erginel, firman\u0131n y\u00f6netici orta\u011f\u0131 olarak, K\u0131br\u0131s\u2019taki \u0130ngiliz Y\u00fcksek Komiserli\u011fi\u2019nin fahri hukuk dan\u0131\u015fman\u0131d\u0131r.<\/p>\n\t\t\t\t\t<\/div>\n\t\t\t\t\t\t<\/div>\n\t\t\t\t<\/div>\n\t\t\t\t<\/div>\n\t\t<div class=\"elementor-element elementor-element-d4ebf5b e-con-full e-flex e-con e-child\" data-id=\"d4ebf5b\" data-element_type=\"container\">\n\t\t\t\t<div class=\"elementor-element elementor-element-c92a1c7 elementor-widget elementor-widget-wd_text_block\" data-id=\"c92a1c7\" data-element_type=\"widget\" data-widget_type=\"wd_text_block.default\">\n\t\t\t\t<div class=\"elementor-widget-container\">\n\t\t\t\t\t\t\t<div class=\"wd-text-block reset-last-child text-left\">\n\t\t\t\n\t\t\t<p>B\u00fcromuz, tapu devrinden \u015firket kurulumuna, ta\u015f\u0131nmaz mal i\u015flemlerinden terekeye kadar geni\u015f bir yelpazede son derece deneyimlidir. Ekibimiz T\u00fcrk\u00e7e, \u0130ngilizce ve Rus\u00e7a hizmet vermektedir. B\u00fcromuzda ayn\u0131 zamanda Almanca, Frans\u0131zca ve Yunanca da konu\u015fulmaktad\u0131r.<\/p>\n\t\t\t\t\t<\/div>\n\t\t\t\t\t\t<\/div>\n\t\t\t\t<\/div>\n\t\t\t\t<\/div>\n\t\t\t\t\t<\/div>\n\t\t\t\t<\/div>\n\t\t<div class=\"elementor-element elementor-element-15e3d36 e-con-full wd-section-stretch e-flex e-con e-parent\" data-id=\"15e3d36\" data-element_type=\"container\" data-settings=\"{&quot;background_background&quot;:&quot;classic&quot;}\">\n\t\t\t\t<div class=\"elementor-element elementor-element-c630ca1 elementor-widget elementor-widget-wd_text_block\" data-id=\"c630ca1\" data-element_type=\"widget\" data-widget_type=\"wd_text_block.default\">\n\t\t\t\t<div class=\"elementor-widget-container\">\n\t\t\t\t\t\t\t<div class=\"wd-text-block reset-last-child text-left\">\n\t\t\t\n\t\t\t<h3 style=\"text-align: center;\"><span style=\"color: #ffffff;\">MISYONUMUZ<\/span><\/h3><p style=\"text-align: center;\"><span style=\"color: #ffffff;\">Erginel Hukuk olarak misyonumuz, m\u00fcvekkillerimize KKTC\u2019deki hukuk sistemi i\u00e7inde yol g\u00f6stermek ve hak ettikleri adaleti sa\u011flamalar\u0131na yard\u0131mc\u0131 olmakt\u0131r. M\u00fcvekkillerimizin g\u00fcvenli\u011fini temin etmek ve onlar\u0131 korumak bizim \u00f6nceliklerimizden biri.\u00a0 Bir davan\u0131n b\u00fcy\u00fck veya k\u00fc\u00e7\u00fck olmas\u0131na bakmaks\u0131z\u0131n t\u00fcm m\u00fc\u015fterilerimize e\u015fit davranmaya ve her vakaya ayn\u0131 d\u00fczeyde \u00f6zen g\u00f6stermeye kararl\u0131y\u0131z.<\/span><\/p><p style=\"text-align: center;\"><span style=\"color: #ffffff;\">Proaktif bir duru\u015f sergiliyoruz, ba\u011flant\u0131lar\u0131m\u0131z\u0131 koruyoruz, mektuplar\u0131 ve telefon g\u00f6r\u00fc\u015fmelerini takip ediyoruz ve s\u00fcratle toplant\u0131lar\u0131m\u0131z\u0131 yap\u0131yoruz. B\u00f6ylece her m\u00fc\u015fterimiz sorunlar\u0131n\u0131 ciddiye ald\u0131\u011f\u0131m\u0131zdan ve menfaatlerini dikkate ald\u0131\u011f\u0131m\u0131zdan emin olabilir.<\/span><\/p><p style=\"text-align: center;\"><span style=\"color: #ffffff;\">Hizmet kalitesini sa\u011flamak i\u00e7in her zaman \u201cfazladan yol kat edece\u011fiz\u201d.\u00a0 Stajyer Avukat program\u0131m\u0131z arac\u0131l\u0131\u011f\u0131yla, Kuzey K\u0131br\u0131s\u2019taki yeni, gen\u00e7 avukatlar\u0131 ayn\u0131 tutumu benimsemeye te\u015fvik etmeye kararl\u0131y\u0131z.<\/span><\/p>\n\t\t\t\t\t<\/div>\n\t\t\t\t\t\t<\/div>\n\t\t\t\t<\/div>\n\t\t\t\t<\/div>\n\t\t<div class=\"wd-negative-gap elementor-element elementor-element-6fe5ece e-flex e-con-boxed e-con e-parent\" data-id=\"6fe5ece\" data-element_type=\"container\">\n\t\t\t\t\t<div class=\"e-con-inner\">\n\t\t<div class=\"elementor-element elementor-element-3152adc e-con-full e-flex e-con e-child\" data-id=\"3152adc\" data-element_type=\"container\">\n\t\t\t\t<div class=\"elementor-element elementor-element-9e0ec9c elementor-widget elementor-widget-wd_infobox\" data-id=\"9e0ec9c\" data-element_type=\"widget\" data-widget_type=\"wd_infobox.default\">\n\t\t\t\t<div class=\"elementor-widget-container\">\n\t\t\t\t\t\t\t<div class=\"info-box-wrapper\">\n\t\t\t<div class=\"wd-info-box text-center box-icon-align-top box-style-bg-hover color-scheme- color-scheme-hover-light\">\n\t\t\t\t\n\t\t\t\t<div class=\"info-box-content\">\n\t\t\t\t\t\n\t\t\t\t\t\t\t\t\t\t\t<h4\t\t\t\t\t\tclass=\"info-box-title title box-title-style-default wd-fontsize-m\" data-elementor-setting-key=\"title\">\n\t\t\t\t\t\t\t\tTEREKE \u0130\u015eLEMLERI\t\t\t\t\t\t<\/h4>\n\t\t\t\t\t\n\t\t\t\t\t<div class=\"info-box-inner reset-last-child\"data-elementor-setting-key=\"content\"><p>Avukatlar\u0131m\u0131z m\u00fcvekkillerimize KKTC\u2019de veraset konusunda tavsiyeler vermetedir ve en komplike durumlara ili\u015fkin hukuki hizmet vermeye haz\u0131rd\u0131r.<\/p>\n<\/div>\n\n\t\t\t\t\t\t\t\t\t<\/div>\n\n\t\t\t\t\t\t\t<\/div>\n\t\t<\/div>\n\t\t\t\t\t\t<\/div>\n\t\t\t\t<\/div>\n\t\t\t\t<div class=\"elementor-element elementor-element-342bcd6 elementor-widget elementor-widget-wd_text_block\" data-id=\"342bcd6\" data-element_type=\"widget\" data-widget_type=\"wd_text_block.default\">\n\t\t\t\t<div class=\"elementor-widget-container\">\n\t\t\t\t\t\t\t<div class=\"wd-text-block reset-last-child text-left\">\n\t\t\t\n\t\t\t<ul><li><span class=\"vamtam-font-style-2\" style=\"color: #cca876;\">Vasiyetname haz\u0131rlama<br \/><\/span><\/li><li><span class=\"vamtam-font-style-2\" style=\"color: #cca876;\">Vasiyetnamelerin mahkemeye kayd<br \/><\/span><\/li><li><span class=\"vamtam-font-style-2\" style=\"color: #cca876;\">Tereke i\u015flemleri (vasiyetnameli)<br \/><\/span><\/li><li><span class=\"vamtam-font-style-2\" style=\"color: #cca876;\">Tereke i\u015flemleri (vasiyetnamesiz)<\/span><\/li><li><span class=\"vamtam-font-style-2\" style=\"color: #cca876;\">Tereke idaresi<br \/><\/span><\/li><li><span class=\"vamtam-font-style-2\" style=\"color: #cca876;\">\u00d6l\u00fcm belgesi alma<br \/><\/span><\/li><li><span class=\"vamtam-font-style-2\" style=\"color: #cca876;\">\u0130lgili anla\u015fmazl\u0131klar\u0131n \u00e7\u00f6z\u00fcm\u00fc<\/span><\/li><\/ul>\n\t\t\t\t\t<\/div>\n\t\t\t\t\t\t<\/div>\n\t\t\t\t<\/div>\n\t\t\t\t<\/div>\n\t\t<div class=\"elementor-element elementor-element-7771c05 e-con-full e-flex e-con e-child\" data-id=\"7771c05\" data-element_type=\"container\">\n\t\t\t\t<div class=\"elementor-element elementor-element-62ccec8 elementor-widget elementor-widget-wd_infobox\" data-id=\"62ccec8\" data-element_type=\"widget\" data-widget_type=\"wd_infobox.default\">\n\t\t\t\t<div class=\"elementor-widget-container\">\n\t\t\t\t\t\t\t<div class=\"info-box-wrapper\">\n\t\t\t<div class=\"wd-info-box text-center box-icon-align-top box-style-bg-hover color-scheme- color-scheme-hover-light\">\n\t\t\t\t\n\t\t\t\t<div class=\"info-box-content\">\n\t\t\t\t\t\n\t\t\t\t\t\t\t\t\t\t\t<h4\t\t\t\t\t\tclass=\"info-box-title title box-title-style-default wd-fontsize-m\" data-elementor-setting-key=\"title\">\n\t\t\t\t\t\t\t\tTA\u015eINMAZ MAL \u0130\u015eLEMLERI\t\t\t\t\t\t<\/h4>\n\t\t\t\t\t\n\t\t\t\t\t<div class=\"info-box-inner reset-last-child\"data-elementor-setting-key=\"content\"><p>45 y\u0131l\u0131 a\u015fk\u0131n bir s\u00fcredir Erginel Hukuk B\u00fcrosu olarak, m\u00fcvekkillerimize de\u011fi\u015fik t\u00fcr ta\u015f\u0131nmaz mallar\u0131n al\u0131m\u0131 ve sat\u0131m\u0131 konusunda yard\u0131mc\u0131 oluyor, bu konularda g\u00fcvenli ve etkili bir hizmet sunuyoruz.<\/p>\n<\/div>\n\n\t\t\t\t\t\t\t\t\t<\/div>\n\n\t\t\t\t\t\t\t<\/div>\n\t\t<\/div>\n\t\t\t\t\t\t<\/div>\n\t\t\t\t<\/div>\n\t\t\t\t<div class=\"elementor-element elementor-element-a38a550 elementor-widget elementor-widget-wd_text_block\" data-id=\"a38a550\" data-element_type=\"widget\" data-widget_type=\"wd_text_block.default\">\n\t\t\t\t<div class=\"elementor-widget-container\">\n\t\t\t\t\t\t\t<div class=\"wd-text-block reset-last-child text-left\">\n\t\t\t\n\t\t\t<ul><li><span class=\"vamtam-font-style-2\" style=\"color: #cca876;\">Sat\u0131\u015f s\u00f6zle\u015fmeleri<br \/><\/span><\/li><li><span class=\"vamtam-font-style-2\" style=\"color: #cca876;\">Ta\u015f\u0131nmaz mal i\u015flemler<br \/><\/span><\/li><li><span class=\"vamtam-font-style-2\" style=\"color: #cca876;\">Sat\u0131\u015f s\u00f6zle\u015fmelerinin kayd\u0131<\/span><\/li><li><span class=\"vamtam-font-style-2\" style=\"color: #cca876;\">Ta\u015f\u0131nmaz mal sat\u0131n alma izin ba\u015fvurular<br \/><\/span><\/li><li><span class=\"vamtam-font-style-2\" style=\"color: #cca876;\">Emlak vergileri<br \/><\/span><\/li><li><span class=\"vamtam-font-style-2\" style=\"color: #cca876;\">Tapu devirleri<br \/><\/span><\/li><li><span class=\"vamtam-font-style-2\" style=\"color: #cca876;\">Evsahibi ve kirac\u0131 ili\u015fkileri<\/span><\/li><li><span class=\"vamtam-font-style-2\" style=\"color: #cca876;\">Ta\u015f\u0131nmaz mal sorunlar\u0131<\/span><\/li><li><span class=\"vamtam-font-style-2\" style=\"color: #cca876;\">Belediyelerin hukuki d\u00fczenlemeleri<\/span><\/li><li><span class=\"vamtam-font-style-2\" style=\"color: #cca876;\">Ta\u015f\u0131nmaz mallar\u0131n y\u00f6netimi<\/span><\/li><li>\u00a0<\/li><\/ul>\n\t\t\t\t\t<\/div>\n\t\t\t\t\t\t<\/div>\n\t\t\t\t<\/div>\n\t\t\t\t<\/div>\n\t\t<div class=\"elementor-element elementor-element-f829897 e-con-full e-flex e-con e-child\" data-id=\"f829897\" data-element_type=\"container\">\n\t\t\t\t<div class=\"elementor-element elementor-element-e30c5cd elementor-widget elementor-widget-wd_infobox\" data-id=\"e30c5cd\" data-element_type=\"widget\" data-widget_type=\"wd_infobox.default\">\n\t\t\t\t<div class=\"elementor-widget-container\">\n\t\t\t\t\t\t\t<div class=\"info-box-wrapper\">\n\t\t\t<div class=\"wd-info-box text-center box-icon-align-top box-style-bg-hover color-scheme- color-scheme-hover-light\">\n\t\t\t\t\n\t\t\t\t<div class=\"info-box-content\">\n\t\t\t\t\t\n\t\t\t\t\t\t\t\t\t\t\t<h4\t\t\t\t\t\tclass=\"info-box-title title box-title-style-default wd-fontsize-m\" data-elementor-setting-key=\"title\">\n\t\t\t\t\t\t\t\tDI\u011eER ALANLAR\t\t\t\t\t\t<\/h4>\n\t\t\t\t\t\n\t\t\t\t\t<div class=\"info-box-inner reset-last-child\"data-elementor-setting-key=\"content\"><p>Erginel Hukuk B\u00fcrosu bir\u00e7ok alanda hizmet veren tam te\u015fekk\u00fcll\u00fc bir b\u00fcrodur.\u00a0 Avukat ve hukuk dan\u0131\u015fmanlar\u0131m\u0131z\u0131n geni\u015f tecr\u00fcbeleri vard\u0131r.<\/p>\n<\/div>\n\n\t\t\t\t\t\t\t\t\t<\/div>\n\n\t\t\t\t\t\t\t<\/div>\n\t\t<\/div>\n\t\t\t\t\t\t<\/div>\n\t\t\t\t<\/div>\n\t\t\t\t<div class=\"elementor-element elementor-element-4d83e1b elementor-widget elementor-widget-wd_text_block\" data-id=\"4d83e1b\" data-element_type=\"widget\" data-widget_type=\"wd_text_block.default\">\n\t\t\t\t<div class=\"elementor-widget-container\">\n\t\t\t\t\t\t\t<div class=\"wd-text-block reset-last-child text-left\">\n\t\t\t\n\t\t\t<ul><li><span class=\"vamtam-font-style-2\" style=\"color: #cca876;\">Aile davalar\u0131<\/span><\/li><li><span class=\"vamtam-font-style-2\" style=\"color: #cca876;\">\u0130kamet izinleri ve vatanda\u015fl\u0131k<\/span><\/li><li><span class=\"vamtam-font-style-2\" style=\"color: #cca876;\">Ticari marka kay\u0131tlar\u0131<\/span><\/li><li><span class=\"vamtam-font-style-2\" style=\"color: #cca876;\">Hukuk davalar\u0131<\/span><\/li><li><span class=\"vamtam-font-style-2\" style=\"color: #cca876;\">Ticaret davalar\u0131<\/span><\/li><li><span class=\"vamtam-font-style-2\" style=\"color: #cca876;\">Deniz hukuku<\/span><\/li><li><span class=\"vamtam-font-style-2\" style=\"color: #cca876;\">Avrupa Birli\u011fi hukuku<\/span><\/li><li>\u00a0<\/li><\/ul>\n\t\t\t\t\t<\/div>\n\t\t\t\t\t\t<\/div>\n\t\t\t\t<\/div>\n\t\t\t\t<\/div>\n\t\t\t\t\t<\/div>\n\t\t\t\t<\/div>\n\t\t<div class=\"elementor-element elementor-element-87ff31d e-con-full wd-section-stretch e-flex e-con e-parent\" data-id=\"87ff31d\" data-element_type=\"container\" data-settings=\"{&quot;background_background&quot;:&quot;classic&quot;}\">\n\t\t\t\t<div class=\"elementor-element elementor-element-6705c32 elementor-widget elementor-widget-wd_text_block\" data-id=\"6705c32\" data-element_type=\"widget\" data-widget_type=\"wd_text_block.default\">\n\t\t\t\t<div class=\"elementor-widget-container\">\n\t\t\t\t\t\t\t<div class=\"wd-text-block reset-last-child text-left\">\n\t\t\t\n\t\t\t<div class=\"row \"><div id=\"wpv-column-396942ff076c8c9b57a1460eeddff095\" class=\"wpv-grid grid-1-1 first unextended\"><h3 style=\"text-align: center;\"><span style=\"color: #ffffff;\">HEDEFLER VE PRO BONO<\/span><\/h3><p style=\"text-align: center;\"><span style=\"color: #ffffff;\">Erginel Hukuk\u2019ta topluma kar\u015f\u0131 bir sorumlulu\u011fumuz oldu\u011funa inan\u0131yoruz ve hay\u0131r kurumlar\u0131na, STK\u2019lara, kul\u00fcplere ve derneklere pro bono \u00e7al\u0131\u015fma dahil hizmetlerimizden gurur duyuyoruz.<\/span><\/p><p style=\"text-align: center;\"><span style=\"color: #ffffff;\">Peyman Erginel\u2019in 1975 y\u0131l\u0131nda firmay\u0131 kurmas\u0131ndan bu yana, KKTC\u2019nin en iyi bilinen bir\u00e7ok hay\u0131r kurumuna ve derneklerine ve \u00e7e\u015fitli k\u00fc\u00e7\u00fck derneklere yard\u0131m ettik. Pratik ihtiya\u00e7lar\u0131n\u0131 ve finansal k\u0131s\u0131tlamalar\u0131n\u0131 anl\u0131yoruz ve buna g\u00f6re uzman tavsiyesi sunabiliriz.<\/span><\/p><\/div><\/div>\n\t\t\t\t\t<\/div>\n\t\t\t\t\t\t<\/div>\n\t\t\t\t<\/div>\n\t\t\t\t<\/div>\n\t\t<div class=\"wd-negative-gap elementor-element elementor-element-29b06ed e-flex e-con-boxed e-con e-parent\" data-id=\"29b06ed\" data-element_type=\"container\">\n\t\t\t\t\t<div class=\"e-con-inner\">\n\t\t<div class=\"elementor-element elementor-element-0aaed04 e-con-full e-flex e-con e-child\" data-id=\"0aaed04\" data-element_type=\"container\">\n\t\t\t\t<div class=\"elementor-element elementor-element-8f88190 elementor-widget elementor-widget-wd_text_block\" data-id=\"8f88190\" data-element_type=\"widget\" data-widget_type=\"wd_text_block.default\">\n\t\t\t\t<div class=\"elementor-widget-container\">\n\t\t\t\t\t\t\t<div class=\"wd-text-block reset-last-child text-left\">\n\t\t\t\n\t\t\t<h3>B\u0130Z\u0130M TAKIM<\/h3><div class=\"push\">\u00a0<\/div><p><strong>M\u00fcd\u00fcrler<\/strong><\/p><ul><li>Peyman Erginel<\/li><li>Erdem Erginel<\/li><li>Taner Erginel<\/li><\/ul><p><strong>Avukatlar\u0131m\u0131z<\/strong><\/p><ul><li>Rabia Aslan<\/li><li>G\u00fcnperi \u015ei\u015fman<\/li><\/ul><p><strong>Destek Kadromuz<\/strong><\/p><ul><li>Liliia Trushko<\/li><li>Maureen Jennings<\/li><li>Handan\u00a0Ar\u0131ko\u011flu<\/li><\/ul><ul><li>\u00a0<\/li><\/ul>\n\t\t\t\t\t<\/div>\n\t\t\t\t\t\t<\/div>\n\t\t\t\t<\/div>\n\t\t\t\t<\/div>\n\t\t<div class=\"elementor-element elementor-element-8032e74 e-con-full e-flex e-con e-child\" data-id=\"8032e74\" data-element_type=\"container\">\n\t\t\t\t<div class=\"elementor-element elementor-element-9c75cf9 elementor-widget elementor-widget-wd_text_block\" data-id=\"9c75cf9\" data-element_type=\"widget\" data-widget_type=\"wd_text_block.default\">\n\t\t\t\t<div class=\"elementor-widget-container\">\n\t\t\t\t\t\t\t<div class=\"wd-text-block reset-last-child text-left\">\n\t\t\t\n\t\t\t<h3>ULUSLARARASI MUHAB\u0130RLER\u0130M\u0130Z<\/h3><p>Erginel Hukuk\u2019ta a\u015fa\u011f\u0131daki uluslararas\u0131 firmalarla \u00e7al\u0131\u015fma ili\u015fkimiz var::<\/p><p>\u2022 John Fowlers Solicitors, Birle\u015fik Krall\u0131k<br \/>\u2022 Kennedys, Birle\u015fik Krall\u0131k<br \/>\u2022 Hegarty Horgan Solicitors, Irland<br \/>\u2022 Bowman &amp; Co, Litigation Solicitors, Birle\u015fik Krall\u0131k<br \/>\u2022 Russell &amp; Co, Birle\u015fik Krall\u0131k<br \/>\u2022 Owen Kenny Solicitors, Birle\u015fik Krall\u0131k<br \/>\u2022 Warners Solicitors, Birle\u015fik Krall\u0131k<br \/>\u2022 Clarke Willmott, Birle\u015fik Krall\u0131k<br \/>\u2022 Wilmerhale, Birle\u015fik Krall\u0131k<br \/>\u2022 Hogan Lovells SL &amp; Cia, Ispanya<br \/>\u2022 Pillsbury, Winthropshaw, Pittman LLP, USA<br \/>\u2022 Baron Grey, Birle\u015fik Krall\u0131k<br \/>\u2022 Ian Parry, Birle\u015fik Krall\u0131k<br \/>\u2022 Pekin &amp; Bayar Law Firm, T\u00fcrkiye<br \/>\u2022 Ala\u00e7ay\u0131r Law Firm, T\u00fcrkiye<br \/>\u2022 Seeger, Frick &amp; Partner AG, Lihten\u015ftayn<br \/>\u2022 Barker, Booth &amp; Eastwood, Birle\u015fik Krall\u0131k<br \/>\u2022 Advocate Bureau of Lesia Dubchak , Ukrayna<\/p>\n\t\t\t\t\t<\/div>\n\t\t\t\t\t\t<\/div>\n\t\t\t\t<\/div>\n\t\t\t\t<\/div>\n\t\t\t\t\t<\/div>\n\t\t\t\t<\/div>\n\t\t\t\t<\/div>\n\t\t","protected":false},"excerpt":{"rendered":"<p>Herhangi bir yabanc\u0131 i\u00e7in, yeni bir \u00fclkenin y\u00f6netmelik ve yasalar\u0131n\u0131 kabul etmek yap\u0131lmas\u0131 gereken en zor ayarlamalardan biridir. Peyman Erginel<\/p>\n","protected":false},"author":1,"featured_media":0,"parent":0,"menu_order":0,"comment_status":"closed","ping_status":"closed","template":"elementor_header_footer","meta":{"footnotes":""},"class_list":["post-731","page","type-page","status-publish","hentry"],"yoast_head":"<!-- This site is optimized with the Yoast SEO plugin v26.5 - https:\/\/yoast.com\/wordpress\/plugins\/seo\/ -->\n<title>Hakk\u0131m\u0131zda - Erginel Law | Advocates &amp; Legal Consultants<\/title>\n<meta name=\"robots\" content=\"index, follow, max-snippet:-1, max-image-preview:large, max-video-preview:-1\" \/>\n<link rel=\"canonical\" href=\"https:\/\/erginellaw.com\/about-us\/\" \/>\n<meta property=\"og:locale\" content=\"tr_TR\" \/>\n<meta property=\"og:type\" content=\"article\" \/>\n<meta property=\"og:title\" content=\"Hakk\u0131m\u0131zda - Erginel Law | Advocates &amp; Legal Consultants\" \/>\n<meta property=\"og:description\" content=\"Herhangi bir yabanc\u0131 i\u00e7in, yeni bir \u00fclkenin y\u00f6netmelik ve yasalar\u0131n\u0131 kabul etmek yap\u0131lmas\u0131 gereken en zor ayarlamalardan biridir. Peyman Erginel\" \/>\n<meta property=\"og:url\" content=\"https:\/\/erginellaw.com\/about-us\/\" \/>\n<meta property=\"og:site_name\" content=\"Erginel Law | Advocates &amp; Legal Consultants\" \/>\n<meta property=\"article:publisher\" content=\"https:\/\/www.facebook.com\/erginellaw\" \/>\n<meta property=\"article:modified_time\" content=\"2025-11-13T07:46:41+00:00\" \/>\n<meta name=\"twitter:card\" content=\"summary_large_image\" \/>\n<meta name=\"twitter:label1\" content=\"Tahmini okuma s\u00fcresi\" \/>\n\t<meta name=\"twitter:data1\" content=\"4 dakika\" \/>\n<script type=\"application\/ld+json\" class=\"yoast-schema-graph\">{\"@context\":\"https:\/\/schema.org\",\"@graph\":[{\"@type\":\"WebPage\",\"@id\":\"https:\/\/erginellaw.com\/about-us\/\",\"url\":\"https:\/\/erginellaw.com\/about-us\/\",\"name\":\"Hakk\u0131m\u0131zda - Erginel Law | Advocates &amp; Legal Consultants\",\"isPartOf\":{\"@id\":\"https:\/\/erginellaw.com\/#website\"},\"datePublished\":\"2025-11-11T13:35:39+00:00\",\"dateModified\":\"2025-11-13T07:46:41+00:00\",\"breadcrumb\":{\"@id\":\"https:\/\/erginellaw.com\/about-us\/#breadcrumb\"},\"inLanguage\":\"tr\",\"potentialAction\":[{\"@type\":\"ReadAction\",\"target\":[\"https:\/\/erginellaw.com\/about-us\/\"]}]},{\"@type\":\"BreadcrumbList\",\"@id\":\"https:\/\/erginellaw.com\/about-us\/#breadcrumb\",\"itemListElement\":[{\"@type\":\"ListItem\",\"position\":1,\"name\":\"Home\",\"item\":\"https:\/\/erginellaw.com\/tr\/\"},{\"@type\":\"ListItem\",\"position\":2,\"name\":\"Hakk\u0131m\u0131zda\"}]},{\"@type\":\"WebSite\",\"@id\":\"https:\/\/erginellaw.com\/#website\",\"url\":\"https:\/\/erginellaw.com\/\",\"name\":\"Erginellaw.Com | Advocates and Legal Consultants\",\"description\":\"\",\"publisher\":{\"@id\":\"https:\/\/erginellaw.com\/#organization\"},\"potentialAction\":[{\"@type\":\"SearchAction\",\"target\":{\"@type\":\"EntryPoint\",\"urlTemplate\":\"https:\/\/erginellaw.com\/?s={search_term_string}\"},\"query-input\":{\"@type\":\"PropertyValueSpecification\",\"valueRequired\":true,\"valueName\":\"search_term_string\"}}],\"inLanguage\":\"tr\"},{\"@type\":\"Organization\",\"@id\":\"https:\/\/erginellaw.com\/#organization\",\"name\":\"Erginellaw.Com | Advocates and Legal Consultants\",\"url\":\"https:\/\/erginellaw.com\/\",\"logo\":{\"@type\":\"ImageObject\",\"inLanguage\":\"tr\",\"@id\":\"https:\/\/erginellaw.com\/#\/schema\/logo\/image\/\",\"url\":\"https:\/\/erginellaw.com\/wp-content\/uploads\/2025\/11\/ergdfgh-1.jpeg\",\"contentUrl\":\"https:\/\/erginellaw.com\/wp-content\/uploads\/2025\/11\/ergdfgh-1.jpeg\",\"width\":2048,\"height\":1365,\"caption\":\"Erginellaw.Com | Advocates and Legal Consultants\"},\"image\":{\"@id\":\"https:\/\/erginellaw.com\/#\/schema\/logo\/image\/\"},\"sameAs\":[\"https:\/\/www.facebook.com\/erginellaw\",\"https:\/\/instagram.com\/erginel.law.cyprus\",\"https:\/\/www.linkedin.com\/company\/erginel-law\"]}]}<\/script>\n<!-- \/ Yoast SEO plugin. -->","yoast_head_json":{"title":"Hakk\u0131m\u0131zda - Erginel Law | Advocates &amp; Legal Consultants","robots":{"index":"index","follow":"follow","max-snippet":"max-snippet:-1","max-image-preview":"max-image-preview:large","max-video-preview":"max-video-preview:-1"},"canonical":"https:\/\/erginellaw.com\/about-us\/","og_locale":"tr_TR","og_type":"article","og_title":"Hakk\u0131m\u0131zda - Erginel Law | Advocates &amp; Legal Consultants","og_description":"Herhangi bir yabanc\u0131 i\u00e7in, yeni bir \u00fclkenin y\u00f6netmelik ve yasalar\u0131n\u0131 kabul etmek yap\u0131lmas\u0131 gereken en zor ayarlamalardan biridir. Peyman Erginel","og_url":"https:\/\/erginellaw.com\/about-us\/","og_site_name":"Erginel Law | Advocates &amp; Legal Consultants","article_publisher":"https:\/\/www.facebook.com\/erginellaw","article_modified_time":"2025-11-13T07:46:41+00:00","twitter_card":"summary_large_image","twitter_misc":{"Tahmini okuma s\u00fcresi":"4 dakika"},"schema":{"@context":"https:\/\/schema.org","@graph":[{"@type":"WebPage","@id":"https:\/\/erginellaw.com\/about-us\/","url":"https:\/\/erginellaw.com\/about-us\/","name":"Hakk\u0131m\u0131zda - Erginel Law | Advocates &amp; Legal Consultants","isPartOf":{"@id":"https:\/\/erginellaw.com\/#website"},"datePublished":"2025-11-11T13:35:39+00:00","dateModified":"2025-11-13T07:46:41+00:00","breadcrumb":{"@id":"https:\/\/erginellaw.com\/about-us\/#breadcrumb"},"inLanguage":"tr","potentialAction":[{"@type":"ReadAction","target":["https:\/\/erginellaw.com\/about-us\/"]}]},{"@type":"BreadcrumbList","@id":"https:\/\/erginellaw.com\/about-us\/#breadcrumb","itemListElement":[{"@type":"ListItem","position":1,"name":"Home","item":"https:\/\/erginellaw.com\/tr\/"},{"@type":"ListItem","position":2,"name":"Hakk\u0131m\u0131zda"}]},{"@type":"WebSite","@id":"https:\/\/erginellaw.com\/#website","url":"https:\/\/erginellaw.com\/","name":"Erginellaw.Com | Advocates and Legal Consultants","description":"","publisher":{"@id":"https:\/\/erginellaw.com\/#organization"},"potentialAction":[{"@type":"SearchAction","target":{"@type":"EntryPoint","urlTemplate":"https:\/\/erginellaw.com\/?s={search_term_string}"},"query-input":{"@type":"PropertyValueSpecification","valueRequired":true,"valueName":"search_term_string"}}],"inLanguage":"tr"},{"@type":"Organization","@id":"https:\/\/erginellaw.com\/#organization","name":"Erginellaw.Com | Advocates and Legal Consultants","url":"https:\/\/erginellaw.com\/","logo":{"@type":"ImageObject","inLanguage":"tr","@id":"https:\/\/erginellaw.com\/#\/schema\/logo\/image\/","url":"https:\/\/erginellaw.com\/wp-content\/uploads\/2025\/11\/ergdfgh-1.jpeg","contentUrl":"https:\/\/erginellaw.com\/wp-content\/uploads\/2025\/11\/ergdfgh-1.jpeg","width":2048,"height":1365,"caption":"Erginellaw.Com | Advocates and Legal Consultants"},"image":{"@id":"https:\/\/erginellaw.com\/#\/schema\/logo\/image\/"},"sameAs":["https:\/\/www.facebook.com\/erginellaw","https:\/\/instagram.com\/erginel.law.cyprus","https:\/\/www.linkedin.com\/company\/erginel-law"]}]}},"_links":{"self":[{"href":"https:\/\/erginellaw.com\/tr\/wp-json\/wp\/v2\/pages\/731","targetHints":{"allow":["GET"]}}],"collection":[{"href":"https:\/\/erginellaw.com\/tr\/wp-json\/wp\/v2\/pages"}],"about":[{"href":"https:\/\/erginellaw.com\/tr\/wp-json\/wp\/v2\/types\/page"}],"author":[{"embeddable":true,"href":"https:\/\/erginellaw.com\/tr\/wp-json\/wp\/v2\/users\/1"}],"replies":[{"embeddable":true,"href":"https:\/\/erginellaw.com\/tr\/wp-json\/wp\/v2\/comments?post=731"}],"version-history":[{"count":0,"href":"https:\/\/erginellaw.com\/tr\/wp-json\/wp\/v2\/pages\/731\/revisions"}],"wp:attachment":[{"href":"https:\/\/erginellaw.com\/tr\/wp-json\/wp\/v2\/media?parent=731"}],"curies":[{"name":"wp","href":"https:\/\/api.w.org\/{rel}","templated":true}]}}