{"id":994,"date":"2025-11-11T17:38:14","date_gmt":"2025-11-11T14:38:14","guid":{"rendered":"https:\/\/bababilgisayar.com\/new\/gunperi-sisman\/"},"modified":"2025-11-11T17:38:14","modified_gmt":"2025-11-11T14:38:14","slug":"gunperi-sisman","status":"publish","type":"page","link":"https:\/\/erginellaw.com\/ru\/gunperi-sisman\/","title":{"rendered":"G\u00fcnperi \u015ei\u015fman"},"content":{"rendered":"\t\t<div data-elementor-type=\"wp-page\" data-elementor-id=\"994\" class=\"elementor elementor-994 elementor-364\">\n\t\t\t\t<div class=\"wd-negative-gap elementor-element elementor-element-81772c2 e-flex e-con-boxed e-con e-parent\" data-id=\"81772c2\" data-element_type=\"container\">\n\t\t\t\t\t<div class=\"e-con-inner\">\n\t\t\t\t<div class=\"elementor-element elementor-element-b2f7b21 wd-width-100 elementor-widget elementor-widget-wd_title\" data-id=\"b2f7b21\" data-element_type=\"widget\" data-widget_type=\"wd_title.default\">\n\t\t\t\t<div class=\"elementor-widget-container\">\n\t\t\t\t\t\t\t<div class=\"title-wrapper wd-set-mb reset-last-child wd-title-color-default wd-title-style-default wd-title-size-default text-center\">\n\n\t\t\t\n\t\t\t<div class=\"liner-continer\">\n\t\t\t\t<h4 class=\"woodmart-title-container title wd-fontsize-l\">G\u00fcnperi \u015ei\u015fman<br \/>\n<\/h4> \n\t\t\t\t\t\t\t<\/div>\n\n\t\t\t\t\t\t\t<div class=\"title-after_title reset-last-child wd-fontsize-xs\">\n\t\t\t\t\t<p>\u2013Corporate &amp; Company Law\u2013<\/p>\t\t\t\t<\/div>\n\t\t\t\t\t<\/div>\n\t\t\t\t\t\t<\/div>\n\t\t\t\t<\/div>\n\t\t\t\t\t<\/div>\n\t\t\t\t<\/div>\n\t\t<div class=\"wd-negative-gap elementor-element elementor-element-3d254e0 e-flex e-con-boxed e-con e-parent\" data-id=\"3d254e0\" data-element_type=\"container\">\n\t\t\t\t\t<div class=\"e-con-inner\">\n\t\t<div class=\"elementor-element elementor-element-57008d9 e-con-full e-flex e-con e-child\" data-id=\"57008d9\" data-element_type=\"container\">\n\t\t\t\t<div class=\"elementor-element elementor-element-ae98712 elementor-widget elementor-widget-wd_image_or_svg\" data-id=\"ae98712\" data-element_type=\"widget\" data-widget_type=\"wd_image_or_svg.default\">\n\t\t\t\t<div class=\"elementor-widget-container\">\n\t\t\t\t\t\n\t\t<div class=\"wd-image text-left\">\n\t\t\t\t\t\t\t\t<img fetchpriority=\"high\" decoding=\"async\" width=\"2048\" height=\"1365\" src=\"https:\/\/erginellaw.com\/wp-content\/uploads\/2025\/11\/py-42.jpg\" class=\"attachment-full size-full\" alt=\"\" srcset=\"https:\/\/erginellaw.com\/wp-content\/uploads\/2025\/11\/py-42.jpg 2048w, https:\/\/erginellaw.com\/wp-content\/uploads\/2025\/11\/py-42-300x200.jpg 300w, https:\/\/erginellaw.com\/wp-content\/uploads\/2025\/11\/py-42-1024x683.jpg 1024w, https:\/\/erginellaw.com\/wp-content\/uploads\/2025\/11\/py-42-768x512.jpg 768w, https:\/\/erginellaw.com\/wp-content\/uploads\/2025\/11\/py-42-1536x1024.jpg 1536w\" sizes=\"(max-width: 2048px) 100vw, 2048px\" \/>\t\t\t\t\t<\/div>\n\n\t\t\t\t\t\t<\/div>\n\t\t\t\t<\/div>\n\t\t\t\t<\/div>\n\t\t<div class=\"elementor-element elementor-element-7ad3f02 e-con-full e-flex e-con e-child\" data-id=\"7ad3f02\" data-element_type=\"container\">\n\t\t\t\t<div class=\"elementor-element elementor-element-747eabe elementor-widget elementor-widget-wd_text_block\" data-id=\"747eabe\" data-element_type=\"widget\" data-widget_type=\"wd_text_block.default\">\n\t\t\t\t<div class=\"elementor-widget-container\">\n\t\t\t\t\t\t\t<div class=\"wd-text-block reset-last-child text-left\">\n\t\t\t\n\t\t\t<p>G\u00fcnperi \u015ei\u015fman joined Erginel Law in 2017 as our latest Trainee Lawyer. \u00a0She graduated from Girne American University with an LLB (Hons) degree, while also having studied in the UK and USA, gaining an MSc in Politics &amp; Government in the European Union from the London School of Economics and a BA in International Studies with Economics from the American University in Washington DC.<\/p><p>She is a member of Sigma Iota Rho (the Honour Society for International Relations). \u00a0G\u00fcnperi is fluent in Turkish and English, and speaks conversational German.\u00a0 Currently, she concentrates on contract law, intellectual property, trademarks and competition law, as well as banking and civil disputes.<\/p>\n\t\t\t\t\t<\/div>\n\t\t\t\t\t\t<\/div>\n\t\t\t\t<\/div>\n\t\t\t\t<\/div>\n\t\t\t\t\t<\/div>\n\t\t\t\t<\/div>\n\t\t\t\t<\/div>\n\t\t","protected":false},"excerpt":{"rendered":"<p>G\u00fcnperi \u015ei\u015fman \u2013Corporate &amp; Company Law\u2013 G\u00fcnperi \u015ei\u015fman joined Erginel Law in 2017 as our latest Trainee Lawyer. \u00a0She graduated<\/p>\n","protected":false},"author":1,"featured_media":0,"parent":0,"menu_order":0,"comment_status":"closed","ping_status":"closed","template":"elementor_header_footer","meta":{"footnotes":""},"class_list":["post-994","page","type-page","status-publish","hentry"],"yoast_head":"<!-- This site is optimized with the Yoast SEO plugin v26.5 - https:\/\/yoast.com\/wordpress\/plugins\/seo\/ -->\n<title>G\u00fcnperi \u015ei\u015fman - Erginel Law | Advocates &amp; Legal Consultants<\/title>\n<meta name=\"robots\" content=\"index, follow, max-snippet:-1, max-image-preview:large, max-video-preview:-1\" \/>\n<link rel=\"canonical\" href=\"https:\/\/erginellaw.com\/gunperi-sisman\/\" \/>\n<meta property=\"og:locale\" content=\"ru_RU\" \/>\n<meta property=\"og:type\" content=\"article\" \/>\n<meta property=\"og:title\" content=\"G\u00fcnperi \u015ei\u015fman - Erginel Law | Advocates &amp; Legal Consultants\" \/>\n<meta property=\"og:description\" content=\"G\u00fcnperi \u015ei\u015fman \u2013Corporate &amp; Company Law\u2013 G\u00fcnperi \u015ei\u015fman joined Erginel Law in 2017 as our latest Trainee Lawyer. \u00a0She graduated\" \/>\n<meta property=\"og:url\" content=\"https:\/\/erginellaw.com\/gunperi-sisman\/\" \/>\n<meta property=\"og:site_name\" content=\"Erginel Law | Advocates &amp; Legal Consultants\" \/>\n<meta property=\"article:publisher\" content=\"https:\/\/www.facebook.com\/erginellaw\" \/>\n<meta property=\"og:image\" content=\"https:\/\/bababilgisayar.com\/new\/wp-content\/uploads\/2025\/11\/py-42.jpg\" \/>\n<meta name=\"twitter:card\" content=\"summary_large_image\" \/>\n<meta name=\"twitter:label1\" content=\"\u041f\u0440\u0438\u043c\u0435\u0440\u043d\u043e\u0435 \u0432\u0440\u0435\u043c\u044f \u0434\u043b\u044f \u0447\u0442\u0435\u043d\u0438\u044f\" \/>\n\t<meta name=\"twitter:data1\" content=\"1 \u043c\u0438\u043d\u0443\u0442\u0430\" \/>\n<script type=\"application\/ld+json\" class=\"yoast-schema-graph\">{\"@context\":\"https:\/\/schema.org\",\"@graph\":[{\"@type\":\"WebPage\",\"@id\":\"https:\/\/erginellaw.com\/gunperi-sisman\/\",\"url\":\"https:\/\/erginellaw.com\/gunperi-sisman\/\",\"name\":\"G\u00fcnperi \u015ei\u015fman - Erginel Law | Advocates &amp; Legal Consultants\",\"isPartOf\":{\"@id\":\"https:\/\/erginellaw.com\/#website\"},\"primaryImageOfPage\":{\"@id\":\"https:\/\/erginellaw.com\/gunperi-sisman\/#primaryimage\"},\"image\":{\"@id\":\"https:\/\/erginellaw.com\/gunperi-sisman\/#primaryimage\"},\"thumbnailUrl\":\"https:\/\/bababilgisayar.com\/new\/wp-content\/uploads\/2025\/11\/py-42.jpg\",\"datePublished\":\"2025-11-11T14:38:14+00:00\",\"breadcrumb\":{\"@id\":\"https:\/\/erginellaw.com\/gunperi-sisman\/#breadcrumb\"},\"inLanguage\":\"ru-RU\",\"potentialAction\":[{\"@type\":\"ReadAction\",\"target\":[\"https:\/\/erginellaw.com\/gunperi-sisman\/\"]}]},{\"@type\":\"ImageObject\",\"inLanguage\":\"ru-RU\",\"@id\":\"https:\/\/erginellaw.com\/gunperi-sisman\/#primaryimage\",\"url\":\"https:\/\/bababilgisayar.com\/new\/wp-content\/uploads\/2025\/11\/py-42.jpg\",\"contentUrl\":\"https:\/\/bababilgisayar.com\/new\/wp-content\/uploads\/2025\/11\/py-42.jpg\"},{\"@type\":\"BreadcrumbList\",\"@id\":\"https:\/\/erginellaw.com\/gunperi-sisman\/#breadcrumb\",\"itemListElement\":[{\"@type\":\"ListItem\",\"position\":1,\"name\":\"Home\",\"item\":\"https:\/\/erginellaw.com\/ru\/\"},{\"@type\":\"ListItem\",\"position\":2,\"name\":\"G\u00fcnperi \u015ei\u015fman\"}]},{\"@type\":\"WebSite\",\"@id\":\"https:\/\/erginellaw.com\/#website\",\"url\":\"https:\/\/erginellaw.com\/\",\"name\":\"Erginellaw.Com | Advocates and Legal Consultants\",\"description\":\"\",\"publisher\":{\"@id\":\"https:\/\/erginellaw.com\/#organization\"},\"potentialAction\":[{\"@type\":\"SearchAction\",\"target\":{\"@type\":\"EntryPoint\",\"urlTemplate\":\"https:\/\/erginellaw.com\/?s={search_term_string}\"},\"query-input\":{\"@type\":\"PropertyValueSpecification\",\"valueRequired\":true,\"valueName\":\"search_term_string\"}}],\"inLanguage\":\"ru-RU\"},{\"@type\":\"Organization\",\"@id\":\"https:\/\/erginellaw.com\/#organization\",\"name\":\"Erginellaw.Com | Advocates and Legal Consultants\",\"url\":\"https:\/\/erginellaw.com\/\",\"logo\":{\"@type\":\"ImageObject\",\"inLanguage\":\"ru-RU\",\"@id\":\"https:\/\/erginellaw.com\/#\/schema\/logo\/image\/\",\"url\":\"https:\/\/erginellaw.com\/wp-content\/uploads\/2025\/11\/ergdfgh-1.jpeg\",\"contentUrl\":\"https:\/\/erginellaw.com\/wp-content\/uploads\/2025\/11\/ergdfgh-1.jpeg\",\"width\":2048,\"height\":1365,\"caption\":\"Erginellaw.Com | Advocates and Legal Consultants\"},\"image\":{\"@id\":\"https:\/\/erginellaw.com\/#\/schema\/logo\/image\/\"},\"sameAs\":[\"https:\/\/www.facebook.com\/erginellaw\",\"https:\/\/instagram.com\/erginel.law.cyprus\",\"https:\/\/www.linkedin.com\/company\/erginel-law\"]}]}<\/script>\n<!-- \/ Yoast SEO plugin. -->","yoast_head_json":{"title":"G\u00fcnperi \u015ei\u015fman - Erginel Law | Advocates &amp; Legal Consultants","robots":{"index":"index","follow":"follow","max-snippet":"max-snippet:-1","max-image-preview":"max-image-preview:large","max-video-preview":"max-video-preview:-1"},"canonical":"https:\/\/erginellaw.com\/gunperi-sisman\/","og_locale":"ru_RU","og_type":"article","og_title":"G\u00fcnperi \u015ei\u015fman - Erginel Law | Advocates &amp; Legal Consultants","og_description":"G\u00fcnperi \u015ei\u015fman \u2013Corporate &amp; Company Law\u2013 G\u00fcnperi \u015ei\u015fman joined Erginel Law in 2017 as our latest Trainee Lawyer. \u00a0She graduated","og_url":"https:\/\/erginellaw.com\/gunperi-sisman\/","og_site_name":"Erginel Law | Advocates &amp; Legal Consultants","article_publisher":"https:\/\/www.facebook.com\/erginellaw","og_image":[{"url":"https:\/\/bababilgisayar.com\/new\/wp-content\/uploads\/2025\/11\/py-42.jpg","type":"","width":"","height":""}],"twitter_card":"summary_large_image","twitter_misc":{"\u041f\u0440\u0438\u043c\u0435\u0440\u043d\u043e\u0435 \u0432\u0440\u0435\u043c\u044f \u0434\u043b\u044f \u0447\u0442\u0435\u043d\u0438\u044f":"1 \u043c\u0438\u043d\u0443\u0442\u0430"},"schema":{"@context":"https:\/\/schema.org","@graph":[{"@type":"WebPage","@id":"https:\/\/erginellaw.com\/gunperi-sisman\/","url":"https:\/\/erginellaw.com\/gunperi-sisman\/","name":"G\u00fcnperi \u015ei\u015fman - Erginel Law | Advocates &amp; Legal Consultants","isPartOf":{"@id":"https:\/\/erginellaw.com\/#website"},"primaryImageOfPage":{"@id":"https:\/\/erginellaw.com\/gunperi-sisman\/#primaryimage"},"image":{"@id":"https:\/\/erginellaw.com\/gunperi-sisman\/#primaryimage"},"thumbnailUrl":"https:\/\/bababilgisayar.com\/new\/wp-content\/uploads\/2025\/11\/py-42.jpg","datePublished":"2025-11-11T14:38:14+00:00","breadcrumb":{"@id":"https:\/\/erginellaw.com\/gunperi-sisman\/#breadcrumb"},"inLanguage":"ru-RU","potentialAction":[{"@type":"ReadAction","target":["https:\/\/erginellaw.com\/gunperi-sisman\/"]}]},{"@type":"ImageObject","inLanguage":"ru-RU","@id":"https:\/\/erginellaw.com\/gunperi-sisman\/#primaryimage","url":"https:\/\/bababilgisayar.com\/new\/wp-content\/uploads\/2025\/11\/py-42.jpg","contentUrl":"https:\/\/bababilgisayar.com\/new\/wp-content\/uploads\/2025\/11\/py-42.jpg"},{"@type":"BreadcrumbList","@id":"https:\/\/erginellaw.com\/gunperi-sisman\/#breadcrumb","itemListElement":[{"@type":"ListItem","position":1,"name":"Home","item":"https:\/\/erginellaw.com\/ru\/"},{"@type":"ListItem","position":2,"name":"G\u00fcnperi \u015ei\u015fman"}]},{"@type":"WebSite","@id":"https:\/\/erginellaw.com\/#website","url":"https:\/\/erginellaw.com\/","name":"Erginellaw.Com | Advocates and Legal Consultants","description":"","publisher":{"@id":"https:\/\/erginellaw.com\/#organization"},"potentialAction":[{"@type":"SearchAction","target":{"@type":"EntryPoint","urlTemplate":"https:\/\/erginellaw.com\/?s={search_term_string}"},"query-input":{"@type":"PropertyValueSpecification","valueRequired":true,"valueName":"search_term_string"}}],"inLanguage":"ru-RU"},{"@type":"Organization","@id":"https:\/\/erginellaw.com\/#organization","name":"Erginellaw.Com | Advocates and Legal Consultants","url":"https:\/\/erginellaw.com\/","logo":{"@type":"ImageObject","inLanguage":"ru-RU","@id":"https:\/\/erginellaw.com\/#\/schema\/logo\/image\/","url":"https:\/\/erginellaw.com\/wp-content\/uploads\/2025\/11\/ergdfgh-1.jpeg","contentUrl":"https:\/\/erginellaw.com\/wp-content\/uploads\/2025\/11\/ergdfgh-1.jpeg","width":2048,"height":1365,"caption":"Erginellaw.Com | Advocates and Legal Consultants"},"image":{"@id":"https:\/\/erginellaw.com\/#\/schema\/logo\/image\/"},"sameAs":["https:\/\/www.facebook.com\/erginellaw","https:\/\/instagram.com\/erginel.law.cyprus","https:\/\/www.linkedin.com\/company\/erginel-law"]}]}},"_links":{"self":[{"href":"https:\/\/erginellaw.com\/ru\/wp-json\/wp\/v2\/pages\/994","targetHints":{"allow":["GET"]}}],"collection":[{"href":"https:\/\/erginellaw.com\/ru\/wp-json\/wp\/v2\/pages"}],"about":[{"href":"https:\/\/erginellaw.com\/ru\/wp-json\/wp\/v2\/types\/page"}],"author":[{"embeddable":true,"href":"https:\/\/erginellaw.com\/ru\/wp-json\/wp\/v2\/users\/1"}],"replies":[{"embeddable":true,"href":"https:\/\/erginellaw.com\/ru\/wp-json\/wp\/v2\/comments?post=994"}],"version-history":[{"count":0,"href":"https:\/\/erginellaw.com\/ru\/wp-json\/wp\/v2\/pages\/994\/revisions"}],"wp:attachment":[{"href":"https:\/\/erginellaw.com\/ru\/wp-json\/wp\/v2\/media?parent=994"}],"curies":[{"name":"wp","href":"https:\/\/api.w.org\/{rel}","templated":true}]}}