{"id":985,"date":"2025-11-11T17:42:29","date_gmt":"2025-11-11T14:42:29","guid":{"rendered":"https:\/\/bababilgisayar.com\/new\/handan-arikoglu\/"},"modified":"2025-11-13T11:35:33","modified_gmt":"2025-11-13T08:35:33","slug":"handan-arikoglu","status":"publish","type":"page","link":"https:\/\/erginellaw.com\/ru\/handan-arikoglu\/","title":{"rendered":"Handan Ar\u0131ko\u011flu"},"content":{"rendered":"\t\t<div data-elementor-type=\"wp-page\" data-elementor-id=\"985\" class=\"elementor elementor-985 elementor-376\">\n\t\t\t\t<div class=\"wd-negative-gap elementor-element elementor-element-eef1990 e-flex e-con-boxed e-con e-parent\" data-id=\"eef1990\" data-element_type=\"container\">\n\t\t\t\t\t<div class=\"e-con-inner\">\n\t\t\t\t<div class=\"elementor-element elementor-element-cf567ba wd-width-100 elementor-widget elementor-widget-wd_title\" data-id=\"cf567ba\" data-element_type=\"widget\" data-widget_type=\"wd_title.default\">\n\t\t\t\t<div class=\"elementor-widget-container\">\n\t\t\t\t\t\t\t<div class=\"title-wrapper wd-set-mb reset-last-child wd-title-color-default wd-title-style-default wd-title-size-default text-center\">\n\n\t\t\t\n\t\t\t<div class=\"liner-continer\">\n\t\t\t\t<h4 class=\"woodmart-title-container title wd-fontsize-l\">Handan Ar\u0131ko\u011flu<br \/>\n<\/h4> \n\t\t\t\t\t\t\t<\/div>\n\n\t\t\t\t\t<\/div>\n\t\t\t\t\t\t<\/div>\n\t\t\t\t<\/div>\n\t\t\t\t\t<\/div>\n\t\t\t\t<\/div>\n\t\t<div class=\"wd-negative-gap elementor-element elementor-element-8fc3db6 e-flex e-con-boxed e-con e-parent\" data-id=\"8fc3db6\" data-element_type=\"container\">\n\t\t\t\t\t<div class=\"e-con-inner\">\n\t\t<div class=\"elementor-element elementor-element-92d2c3a e-con-full e-flex e-con e-child\" data-id=\"92d2c3a\" data-element_type=\"container\">\n\t\t\t\t<div class=\"elementor-element elementor-element-49586fb elementor-widget elementor-widget-wd_image_or_svg\" data-id=\"49586fb\" data-element_type=\"widget\" data-widget_type=\"wd_image_or_svg.default\">\n\t\t\t\t<div class=\"elementor-widget-container\">\n\t\t\t\t\t\n\t\t<div class=\"wd-image text-left\">\n\t\t\t\t\t\t\t\t<img fetchpriority=\"high\" decoding=\"async\" width=\"555\" height=\"370\" src=\"https:\/\/erginellaw.com\/wp-content\/uploads\/2025\/11\/IMG_9453-555x370-1.jpg\" class=\"attachment-full size-full\" alt=\"\" srcset=\"https:\/\/erginellaw.com\/wp-content\/uploads\/2025\/11\/IMG_9453-555x370-1.jpg 555w, https:\/\/erginellaw.com\/wp-content\/uploads\/2025\/11\/IMG_9453-555x370-1-300x200.jpg 300w\" sizes=\"(max-width: 555px) 100vw, 555px\" \/>\t\t\t\t\t<\/div>\n\n\t\t\t\t\t\t<\/div>\n\t\t\t\t<\/div>\n\t\t\t\t<\/div>\n\t\t<div class=\"elementor-element elementor-element-309baa5 e-con-full e-flex e-con e-child\" data-id=\"309baa5\" data-element_type=\"container\">\n\t\t\t\t<div class=\"elementor-element elementor-element-d451311 elementor-widget elementor-widget-wd_text_block\" data-id=\"d451311\" data-element_type=\"widget\" data-widget_type=\"wd_text_block.default\">\n\t\t\t\t<div class=\"elementor-widget-container\">\n\t\t\t\t\t\t\t<div class=\"wd-text-block reset-last-child text-left\">\n\t\t\t\n\t\t\t<p class=\"p1\">\u0411\u043e\u043b\u044c\u0448\u0430\u044f \u0447\u0430\u0441\u0442\u044c \u0435\u0435 \u0440\u0430\u0431\u043e\u0442\u044b \u0437\u0430\u043a\u043b\u044e\u0447\u0430\u0435\u0442\u0441\u044f \u0432 \u043f\u0440\u0435\u0434\u043e\u0441\u0442\u0430\u0432\u043b\u0435\u043d\u0438\u044f \u043f\u043e\u043c\u043e\u0449\u0438 \u0430\u0434\u0432\u043e\u043a\u0430\u0442\u0430\u043c. \u041a\u0440\u043e\u043c\u0435 \u0442\u043e\u0433\u043e, Handan \u044f\u0432\u043b\u044f\u0435\u0442\u0441\u044f \u043d\u0430\u0448\u0438\u043c \u0441\u0435\u043a\u0440\u0435\u0442\u0430\u0440\u0435\u043c \u043f\u043e \u044e\u0440\u0438\u0434\u0438\u0447\u0435\u0441\u043a\u0438\u043c \u0432\u043e\u043f\u0440\u043e\u0441\u0430\u043c \u0438 \u043e\u043a\u0430\u0437\u044b\u0432\u0430\u0435\u0442 \u0430\u0434\u043c\u0438\u043d\u0438\u0441\u0442\u0440\u0430\u0442\u0438\u0432\u043d\u0443\u044e \u043f\u043e\u0434\u0434\u0435\u0440\u0436\u043a\u0443 Erginel Law. \u041e\u043d\u0430 \u0441\u0432\u043e\u0431\u043e\u0434\u043d\u043e \u043e\u0431\u0449\u0430\u0435\u0442\u0441\u044f \u043d\u0430 \u0442\u0443\u0440\u0435\u0446\u043a\u043e\u043c \u0438 \u0430\u043d\u0433\u043b\u0438\u0439\u0441\u043a\u043e\u043c \u044f\u0437\u044b\u043a\u0430\u0445.<\/p><p>Handan \u043f\u0440\u0438\u0441\u043e\u0435\u0434\u0438\u043d\u0438\u043b\u0430\u0441\u044c \u043a \u00a0Erginel Law \u0432 2018.<\/p>\n\t\t\t\t\t<\/div>\n\t\t\t\t\t\t<\/div>\n\t\t\t\t<\/div>\n\t\t\t\t<\/div>\n\t\t\t\t\t<\/div>\n\t\t\t\t<\/div>\n\t\t\t\t<\/div>\n\t\t","protected":false},"excerpt":{"rendered":"<p>Handan Ar\u0131ko\u011flu \u0411\u043e\u043b\u044c\u0448\u0430\u044f \u0447\u0430\u0441\u0442\u044c \u0435\u0435 \u0440\u0430\u0431\u043e\u0442\u044b \u0437\u0430\u043a\u043b\u044e\u0447\u0430\u0435\u0442\u0441\u044f \u0432 \u043f\u0440\u0435\u0434\u043e\u0441\u0442\u0430\u0432\u043b\u0435\u043d\u0438\u044f \u043f\u043e\u043c\u043e\u0449\u0438 \u0430\u0434\u0432\u043e\u043a\u0430\u0442\u0430\u043c. \u041a\u0440\u043e\u043c\u0435 \u0442\u043e\u0433\u043e, Handan \u044f\u0432\u043b\u044f\u0435\u0442\u0441\u044f \u043d\u0430\u0448\u0438\u043c \u0441\u0435\u043a\u0440\u0435\u0442\u0430\u0440\u0435\u043c \u043f\u043e \u044e\u0440\u0438\u0434\u0438\u0447\u0435\u0441\u043a\u0438\u043c \u0432\u043e\u043f\u0440\u043e\u0441\u0430\u043c<\/p>\n","protected":false},"author":1,"featured_media":0,"parent":0,"menu_order":0,"comment_status":"closed","ping_status":"closed","template":"elementor_header_footer","meta":{"footnotes":""},"class_list":["post-985","page","type-page","status-publish","hentry"],"yoast_head":"<!-- This site is optimized with the Yoast SEO plugin v26.5 - https:\/\/yoast.com\/wordpress\/plugins\/seo\/ -->\n<title>Handan Ar\u0131ko\u011flu - Erginel Law | Advocates &amp; Legal Consultants<\/title>\n<meta name=\"robots\" content=\"index, follow, max-snippet:-1, max-image-preview:large, max-video-preview:-1\" \/>\n<link rel=\"canonical\" href=\"https:\/\/erginellaw.com\/handan-arikoglu\/\" \/>\n<meta property=\"og:locale\" content=\"ru_RU\" \/>\n<meta property=\"og:type\" content=\"article\" \/>\n<meta property=\"og:title\" content=\"Handan Ar\u0131ko\u011flu - Erginel Law | Advocates &amp; Legal Consultants\" \/>\n<meta property=\"og:description\" content=\"Handan Ar\u0131ko\u011flu \u0411\u043e\u043b\u044c\u0448\u0430\u044f \u0447\u0430\u0441\u0442\u044c \u0435\u0435 \u0440\u0430\u0431\u043e\u0442\u044b \u0437\u0430\u043a\u043b\u044e\u0447\u0430\u0435\u0442\u0441\u044f \u0432 \u043f\u0440\u0435\u0434\u043e\u0441\u0442\u0430\u0432\u043b\u0435\u043d\u0438\u044f \u043f\u043e\u043c\u043e\u0449\u0438 \u0430\u0434\u0432\u043e\u043a\u0430\u0442\u0430\u043c. \u041a\u0440\u043e\u043c\u0435 \u0442\u043e\u0433\u043e, Handan \u044f\u0432\u043b\u044f\u0435\u0442\u0441\u044f \u043d\u0430\u0448\u0438\u043c \u0441\u0435\u043a\u0440\u0435\u0442\u0430\u0440\u0435\u043c \u043f\u043e \u044e\u0440\u0438\u0434\u0438\u0447\u0435\u0441\u043a\u0438\u043c \u0432\u043e\u043f\u0440\u043e\u0441\u0430\u043c\" \/>\n<meta property=\"og:url\" content=\"https:\/\/erginellaw.com\/handan-arikoglu\/\" \/>\n<meta property=\"og:site_name\" content=\"Erginel Law | Advocates &amp; Legal Consultants\" \/>\n<meta property=\"article:publisher\" content=\"https:\/\/www.facebook.com\/erginellaw\" \/>\n<meta property=\"article:modified_time\" content=\"2025-11-13T08:35:33+00:00\" \/>\n<meta property=\"og:image\" content=\"https:\/\/bababilgisayar.com\/new\/wp-content\/uploads\/2025\/11\/IMG_9453-555x370-1.jpg\" \/>\n<meta name=\"twitter:card\" content=\"summary_large_image\" \/>\n<script type=\"application\/ld+json\" class=\"yoast-schema-graph\">{\"@context\":\"https:\/\/schema.org\",\"@graph\":[{\"@type\":\"WebPage\",\"@id\":\"https:\/\/erginellaw.com\/handan-arikoglu\/\",\"url\":\"https:\/\/erginellaw.com\/handan-arikoglu\/\",\"name\":\"Handan Ar\u0131ko\u011flu - Erginel Law | Advocates &amp; Legal Consultants\",\"isPartOf\":{\"@id\":\"https:\/\/erginellaw.com\/#website\"},\"primaryImageOfPage\":{\"@id\":\"https:\/\/erginellaw.com\/handan-arikoglu\/#primaryimage\"},\"image\":{\"@id\":\"https:\/\/erginellaw.com\/handan-arikoglu\/#primaryimage\"},\"thumbnailUrl\":\"https:\/\/bababilgisayar.com\/new\/wp-content\/uploads\/2025\/11\/IMG_9453-555x370-1.jpg\",\"datePublished\":\"2025-11-11T14:42:29+00:00\",\"dateModified\":\"2025-11-13T08:35:33+00:00\",\"breadcrumb\":{\"@id\":\"https:\/\/erginellaw.com\/handan-arikoglu\/#breadcrumb\"},\"inLanguage\":\"ru-RU\",\"potentialAction\":[{\"@type\":\"ReadAction\",\"target\":[\"https:\/\/erginellaw.com\/handan-arikoglu\/\"]}]},{\"@type\":\"ImageObject\",\"inLanguage\":\"ru-RU\",\"@id\":\"https:\/\/erginellaw.com\/handan-arikoglu\/#primaryimage\",\"url\":\"https:\/\/bababilgisayar.com\/new\/wp-content\/uploads\/2025\/11\/IMG_9453-555x370-1.jpg\",\"contentUrl\":\"https:\/\/bababilgisayar.com\/new\/wp-content\/uploads\/2025\/11\/IMG_9453-555x370-1.jpg\"},{\"@type\":\"BreadcrumbList\",\"@id\":\"https:\/\/erginellaw.com\/handan-arikoglu\/#breadcrumb\",\"itemListElement\":[{\"@type\":\"ListItem\",\"position\":1,\"name\":\"Home\",\"item\":\"https:\/\/erginellaw.com\/ru\/\"},{\"@type\":\"ListItem\",\"position\":2,\"name\":\"Handan Ar\u0131ko\u011flu\"}]},{\"@type\":\"WebSite\",\"@id\":\"https:\/\/erginellaw.com\/#website\",\"url\":\"https:\/\/erginellaw.com\/\",\"name\":\"Erginellaw.Com | Advocates and Legal Consultants\",\"description\":\"\",\"publisher\":{\"@id\":\"https:\/\/erginellaw.com\/#organization\"},\"potentialAction\":[{\"@type\":\"SearchAction\",\"target\":{\"@type\":\"EntryPoint\",\"urlTemplate\":\"https:\/\/erginellaw.com\/?s={search_term_string}\"},\"query-input\":{\"@type\":\"PropertyValueSpecification\",\"valueRequired\":true,\"valueName\":\"search_term_string\"}}],\"inLanguage\":\"ru-RU\"},{\"@type\":\"Organization\",\"@id\":\"https:\/\/erginellaw.com\/#organization\",\"name\":\"Erginellaw.Com | Advocates and Legal Consultants\",\"url\":\"https:\/\/erginellaw.com\/\",\"logo\":{\"@type\":\"ImageObject\",\"inLanguage\":\"ru-RU\",\"@id\":\"https:\/\/erginellaw.com\/#\/schema\/logo\/image\/\",\"url\":\"https:\/\/erginellaw.com\/wp-content\/uploads\/2025\/11\/ergdfgh-1.jpeg\",\"contentUrl\":\"https:\/\/erginellaw.com\/wp-content\/uploads\/2025\/11\/ergdfgh-1.jpeg\",\"width\":2048,\"height\":1365,\"caption\":\"Erginellaw.Com | Advocates and Legal Consultants\"},\"image\":{\"@id\":\"https:\/\/erginellaw.com\/#\/schema\/logo\/image\/\"},\"sameAs\":[\"https:\/\/www.facebook.com\/erginellaw\",\"https:\/\/instagram.com\/erginel.law.cyprus\",\"https:\/\/www.linkedin.com\/company\/erginel-law\"]}]}<\/script>\n<!-- \/ Yoast SEO plugin. -->","yoast_head_json":{"title":"Handan Ar\u0131ko\u011flu - Erginel Law | Advocates &amp; Legal Consultants","robots":{"index":"index","follow":"follow","max-snippet":"max-snippet:-1","max-image-preview":"max-image-preview:large","max-video-preview":"max-video-preview:-1"},"canonical":"https:\/\/erginellaw.com\/handan-arikoglu\/","og_locale":"ru_RU","og_type":"article","og_title":"Handan Ar\u0131ko\u011flu - Erginel Law | Advocates &amp; Legal Consultants","og_description":"Handan Ar\u0131ko\u011flu \u0411\u043e\u043b\u044c\u0448\u0430\u044f \u0447\u0430\u0441\u0442\u044c \u0435\u0435 \u0440\u0430\u0431\u043e\u0442\u044b \u0437\u0430\u043a\u043b\u044e\u0447\u0430\u0435\u0442\u0441\u044f \u0432 \u043f\u0440\u0435\u0434\u043e\u0441\u0442\u0430\u0432\u043b\u0435\u043d\u0438\u044f \u043f\u043e\u043c\u043e\u0449\u0438 \u0430\u0434\u0432\u043e\u043a\u0430\u0442\u0430\u043c. \u041a\u0440\u043e\u043c\u0435 \u0442\u043e\u0433\u043e, Handan \u044f\u0432\u043b\u044f\u0435\u0442\u0441\u044f \u043d\u0430\u0448\u0438\u043c \u0441\u0435\u043a\u0440\u0435\u0442\u0430\u0440\u0435\u043c \u043f\u043e \u044e\u0440\u0438\u0434\u0438\u0447\u0435\u0441\u043a\u0438\u043c \u0432\u043e\u043f\u0440\u043e\u0441\u0430\u043c","og_url":"https:\/\/erginellaw.com\/handan-arikoglu\/","og_site_name":"Erginel Law | Advocates &amp; Legal Consultants","article_publisher":"https:\/\/www.facebook.com\/erginellaw","article_modified_time":"2025-11-13T08:35:33+00:00","og_image":[{"url":"https:\/\/bababilgisayar.com\/new\/wp-content\/uploads\/2025\/11\/IMG_9453-555x370-1.jpg","type":"","width":"","height":""}],"twitter_card":"summary_large_image","schema":{"@context":"https:\/\/schema.org","@graph":[{"@type":"WebPage","@id":"https:\/\/erginellaw.com\/handan-arikoglu\/","url":"https:\/\/erginellaw.com\/handan-arikoglu\/","name":"Handan Ar\u0131ko\u011flu - Erginel Law | Advocates &amp; Legal Consultants","isPartOf":{"@id":"https:\/\/erginellaw.com\/#website"},"primaryImageOfPage":{"@id":"https:\/\/erginellaw.com\/handan-arikoglu\/#primaryimage"},"image":{"@id":"https:\/\/erginellaw.com\/handan-arikoglu\/#primaryimage"},"thumbnailUrl":"https:\/\/bababilgisayar.com\/new\/wp-content\/uploads\/2025\/11\/IMG_9453-555x370-1.jpg","datePublished":"2025-11-11T14:42:29+00:00","dateModified":"2025-11-13T08:35:33+00:00","breadcrumb":{"@id":"https:\/\/erginellaw.com\/handan-arikoglu\/#breadcrumb"},"inLanguage":"ru-RU","potentialAction":[{"@type":"ReadAction","target":["https:\/\/erginellaw.com\/handan-arikoglu\/"]}]},{"@type":"ImageObject","inLanguage":"ru-RU","@id":"https:\/\/erginellaw.com\/handan-arikoglu\/#primaryimage","url":"https:\/\/bababilgisayar.com\/new\/wp-content\/uploads\/2025\/11\/IMG_9453-555x370-1.jpg","contentUrl":"https:\/\/bababilgisayar.com\/new\/wp-content\/uploads\/2025\/11\/IMG_9453-555x370-1.jpg"},{"@type":"BreadcrumbList","@id":"https:\/\/erginellaw.com\/handan-arikoglu\/#breadcrumb","itemListElement":[{"@type":"ListItem","position":1,"name":"Home","item":"https:\/\/erginellaw.com\/ru\/"},{"@type":"ListItem","position":2,"name":"Handan Ar\u0131ko\u011flu"}]},{"@type":"WebSite","@id":"https:\/\/erginellaw.com\/#website","url":"https:\/\/erginellaw.com\/","name":"Erginellaw.Com | Advocates and Legal Consultants","description":"","publisher":{"@id":"https:\/\/erginellaw.com\/#organization"},"potentialAction":[{"@type":"SearchAction","target":{"@type":"EntryPoint","urlTemplate":"https:\/\/erginellaw.com\/?s={search_term_string}"},"query-input":{"@type":"PropertyValueSpecification","valueRequired":true,"valueName":"search_term_string"}}],"inLanguage":"ru-RU"},{"@type":"Organization","@id":"https:\/\/erginellaw.com\/#organization","name":"Erginellaw.Com | Advocates and Legal Consultants","url":"https:\/\/erginellaw.com\/","logo":{"@type":"ImageObject","inLanguage":"ru-RU","@id":"https:\/\/erginellaw.com\/#\/schema\/logo\/image\/","url":"https:\/\/erginellaw.com\/wp-content\/uploads\/2025\/11\/ergdfgh-1.jpeg","contentUrl":"https:\/\/erginellaw.com\/wp-content\/uploads\/2025\/11\/ergdfgh-1.jpeg","width":2048,"height":1365,"caption":"Erginellaw.Com | Advocates and Legal Consultants"},"image":{"@id":"https:\/\/erginellaw.com\/#\/schema\/logo\/image\/"},"sameAs":["https:\/\/www.facebook.com\/erginellaw","https:\/\/instagram.com\/erginel.law.cyprus","https:\/\/www.linkedin.com\/company\/erginel-law"]}]}},"_links":{"self":[{"href":"https:\/\/erginellaw.com\/ru\/wp-json\/wp\/v2\/pages\/985","targetHints":{"allow":["GET"]}}],"collection":[{"href":"https:\/\/erginellaw.com\/ru\/wp-json\/wp\/v2\/pages"}],"about":[{"href":"https:\/\/erginellaw.com\/ru\/wp-json\/wp\/v2\/types\/page"}],"author":[{"embeddable":true,"href":"https:\/\/erginellaw.com\/ru\/wp-json\/wp\/v2\/users\/1"}],"replies":[{"embeddable":true,"href":"https:\/\/erginellaw.com\/ru\/wp-json\/wp\/v2\/comments?post=985"}],"version-history":[{"count":0,"href":"https:\/\/erginellaw.com\/ru\/wp-json\/wp\/v2\/pages\/985\/revisions"}],"wp:attachment":[{"href":"https:\/\/erginellaw.com\/ru\/wp-json\/wp\/v2\/media?parent=985"}],"curies":[{"name":"wp","href":"https:\/\/api.w.org\/{rel}","templated":true}]}}