{"id":1000,"date":"2025-11-11T17:44:05","date_gmt":"2025-11-11T14:44:05","guid":{"rendered":"https:\/\/bababilgisayar.com\/new\/havva-sanliturk\/"},"modified":"2025-11-11T17:44:05","modified_gmt":"2025-11-11T14:44:05","slug":"havva-sanliturk","status":"publish","type":"page","link":"https:\/\/erginellaw.com\/ru\/havva-sanliturk\/","title":{"rendered":"Havva \u015eanl\u0131t\u00fcrk"},"content":{"rendered":"\t\t<div data-elementor-type=\"wp-page\" data-elementor-id=\"1000\" class=\"elementor elementor-1000 elementor-382\">\n\t\t\t\t<div class=\"wd-negative-gap elementor-element elementor-element-0f208f7 e-flex e-con-boxed e-con e-parent\" data-id=\"0f208f7\" data-element_type=\"container\">\n\t\t\t\t\t<div class=\"e-con-inner\">\n\t\t\t\t<div class=\"elementor-element elementor-element-430bade wd-width-100 elementor-widget elementor-widget-wd_title\" data-id=\"430bade\" data-element_type=\"widget\" data-widget_type=\"wd_title.default\">\n\t\t\t\t<div class=\"elementor-widget-container\">\n\t\t\t\t\t\t\t<div class=\"title-wrapper wd-set-mb reset-last-child wd-title-color-default wd-title-style-default wd-title-size-default text-center\">\n\n\t\t\t\t\t\t\t\t\t\t\t<div class=\"title-subtitle subtitle-color-default subtitle-style-default wd-fontsize-xs\">\n\t\t\t\t\t\u2013Senior Legal Secretary\u2013\t\t\t\t<\/div>\n\t\t\t\n\t\t\t<div class=\"liner-continer\">\n\t\t\t\t<h4 class=\"woodmart-title-container title wd-fontsize-l\">Havva \u015eanl\u0131t\u00fcrk<br \/>\n<\/h4> \n\t\t\t\t\t\t\t<\/div>\n\n\t\t\t\t\t<\/div>\n\t\t\t\t\t\t<\/div>\n\t\t\t\t<\/div>\n\t\t\t\t\t<\/div>\n\t\t\t\t<\/div>\n\t\t<div class=\"wd-negative-gap elementor-element elementor-element-2dd7b1a e-flex e-con-boxed e-con e-parent\" data-id=\"2dd7b1a\" data-element_type=\"container\">\n\t\t\t\t\t<div class=\"e-con-inner\">\n\t\t<div class=\"elementor-element elementor-element-8a1e8dc e-con-full e-flex e-con e-child\" data-id=\"8a1e8dc\" data-element_type=\"container\">\n\t\t\t\t<div class=\"elementor-element elementor-element-2e80ad3 elementor-widget elementor-widget-wd_image_or_svg\" data-id=\"2e80ad3\" data-element_type=\"widget\" data-widget_type=\"wd_image_or_svg.default\">\n\t\t\t\t<div class=\"elementor-widget-container\">\n\t\t\t\t\t\n\t\t<div class=\"wd-image text-left\">\n\t\t\t\t\t\t\t\t<img fetchpriority=\"high\" decoding=\"async\" width=\"2048\" height=\"1365\" src=\"https:\/\/erginellaw.com\/wp-content\/uploads\/2025\/11\/py-59.jpg\" class=\"attachment-full size-full\" alt=\"\" srcset=\"https:\/\/erginellaw.com\/wp-content\/uploads\/2025\/11\/py-59.jpg 2048w, https:\/\/erginellaw.com\/wp-content\/uploads\/2025\/11\/py-59-300x200.jpg 300w, https:\/\/erginellaw.com\/wp-content\/uploads\/2025\/11\/py-59-1024x683.jpg 1024w, https:\/\/erginellaw.com\/wp-content\/uploads\/2025\/11\/py-59-768x512.jpg 768w, https:\/\/erginellaw.com\/wp-content\/uploads\/2025\/11\/py-59-1536x1024.jpg 1536w\" sizes=\"(max-width: 2048px) 100vw, 2048px\" \/>\t\t\t\t\t<\/div>\n\n\t\t\t\t\t\t<\/div>\n\t\t\t\t<\/div>\n\t\t\t\t<\/div>\n\t\t<div class=\"elementor-element elementor-element-8c94185 e-con-full e-flex e-con e-child\" data-id=\"8c94185\" data-element_type=\"container\">\n\t\t\t\t<div class=\"elementor-element elementor-element-076acbd elementor-widget elementor-widget-wd_text_block\" data-id=\"076acbd\" data-element_type=\"widget\" data-widget_type=\"wd_text_block.default\">\n\t\t\t\t<div class=\"elementor-widget-container\">\n\t\t\t\t\t\t\t<div class=\"wd-text-block reset-last-child text-left\">\n\t\t\t\n\t\t\t<p>Havva joined Erginel Law in 1978 and is now our Senior Legal Secretary.\u00a0 She is the first point of contact for many clients, is very experienced in running an office, and an expert in conveyancing and probate procedure.<\/p><p>Havva deals with transactions at the District Land Registry and speaks both Turkish and English.<\/p>\n\t\t\t\t\t<\/div>\n\t\t\t\t\t\t<\/div>\n\t\t\t\t<\/div>\n\t\t\t\t<\/div>\n\t\t\t\t\t<\/div>\n\t\t\t\t<\/div>\n\t\t\t\t<\/div>\n\t\t","protected":false},"excerpt":{"rendered":"<p>\u2013Senior Legal Secretary\u2013 Havva \u015eanl\u0131t\u00fcrk Havva joined Erginel Law in 1978 and is now our Senior Legal Secretary.\u00a0 She is<\/p>\n","protected":false},"author":1,"featured_media":0,"parent":0,"menu_order":0,"comment_status":"closed","ping_status":"closed","template":"elementor_header_footer","meta":{"footnotes":""},"class_list":["post-1000","page","type-page","status-publish","hentry"],"yoast_head":"<!-- This site is optimized with the Yoast SEO plugin v26.5 - https:\/\/yoast.com\/wordpress\/plugins\/seo\/ -->\n<title>Havva \u015eanl\u0131t\u00fcrk - Erginel Law | Advocates &amp; Legal Consultants<\/title>\n<meta name=\"robots\" content=\"index, follow, max-snippet:-1, max-image-preview:large, max-video-preview:-1\" \/>\n<link rel=\"canonical\" href=\"https:\/\/erginellaw.com\/havva-sanliturk\/\" \/>\n<meta property=\"og:locale\" content=\"ru_RU\" \/>\n<meta property=\"og:type\" content=\"article\" \/>\n<meta property=\"og:title\" content=\"Havva \u015eanl\u0131t\u00fcrk - Erginel Law | Advocates &amp; Legal Consultants\" \/>\n<meta property=\"og:description\" content=\"\u2013Senior Legal Secretary\u2013 Havva \u015eanl\u0131t\u00fcrk Havva joined Erginel Law in 1978 and is now our Senior Legal Secretary.\u00a0 She is\" \/>\n<meta property=\"og:url\" content=\"https:\/\/erginellaw.com\/havva-sanliturk\/\" \/>\n<meta property=\"og:site_name\" content=\"Erginel Law | Advocates &amp; Legal Consultants\" \/>\n<meta property=\"article:publisher\" content=\"https:\/\/www.facebook.com\/erginellaw\" \/>\n<meta property=\"og:image\" content=\"https:\/\/bababilgisayar.com\/new\/wp-content\/uploads\/2025\/11\/py-59.jpg\" \/>\n<meta name=\"twitter:card\" content=\"summary_large_image\" \/>\n<script type=\"application\/ld+json\" class=\"yoast-schema-graph\">{\"@context\":\"https:\/\/schema.org\",\"@graph\":[{\"@type\":\"WebPage\",\"@id\":\"https:\/\/erginellaw.com\/havva-sanliturk\/\",\"url\":\"https:\/\/erginellaw.com\/havva-sanliturk\/\",\"name\":\"Havva \u015eanl\u0131t\u00fcrk - Erginel Law | Advocates &amp; Legal Consultants\",\"isPartOf\":{\"@id\":\"https:\/\/erginellaw.com\/#website\"},\"primaryImageOfPage\":{\"@id\":\"https:\/\/erginellaw.com\/havva-sanliturk\/#primaryimage\"},\"image\":{\"@id\":\"https:\/\/erginellaw.com\/havva-sanliturk\/#primaryimage\"},\"thumbnailUrl\":\"https:\/\/bababilgisayar.com\/new\/wp-content\/uploads\/2025\/11\/py-59.jpg\",\"datePublished\":\"2025-11-11T14:44:05+00:00\",\"breadcrumb\":{\"@id\":\"https:\/\/erginellaw.com\/havva-sanliturk\/#breadcrumb\"},\"inLanguage\":\"ru-RU\",\"potentialAction\":[{\"@type\":\"ReadAction\",\"target\":[\"https:\/\/erginellaw.com\/havva-sanliturk\/\"]}]},{\"@type\":\"ImageObject\",\"inLanguage\":\"ru-RU\",\"@id\":\"https:\/\/erginellaw.com\/havva-sanliturk\/#primaryimage\",\"url\":\"https:\/\/bababilgisayar.com\/new\/wp-content\/uploads\/2025\/11\/py-59.jpg\",\"contentUrl\":\"https:\/\/bababilgisayar.com\/new\/wp-content\/uploads\/2025\/11\/py-59.jpg\"},{\"@type\":\"BreadcrumbList\",\"@id\":\"https:\/\/erginellaw.com\/havva-sanliturk\/#breadcrumb\",\"itemListElement\":[{\"@type\":\"ListItem\",\"position\":1,\"name\":\"Home\",\"item\":\"https:\/\/erginellaw.com\/ru\/\"},{\"@type\":\"ListItem\",\"position\":2,\"name\":\"Havva \u015eanl\u0131t\u00fcrk\"}]},{\"@type\":\"WebSite\",\"@id\":\"https:\/\/erginellaw.com\/#website\",\"url\":\"https:\/\/erginellaw.com\/\",\"name\":\"Erginellaw.Com | Advocates and Legal Consultants\",\"description\":\"\",\"publisher\":{\"@id\":\"https:\/\/erginellaw.com\/#organization\"},\"potentialAction\":[{\"@type\":\"SearchAction\",\"target\":{\"@type\":\"EntryPoint\",\"urlTemplate\":\"https:\/\/erginellaw.com\/?s={search_term_string}\"},\"query-input\":{\"@type\":\"PropertyValueSpecification\",\"valueRequired\":true,\"valueName\":\"search_term_string\"}}],\"inLanguage\":\"ru-RU\"},{\"@type\":\"Organization\",\"@id\":\"https:\/\/erginellaw.com\/#organization\",\"name\":\"Erginellaw.Com | Advocates and Legal Consultants\",\"url\":\"https:\/\/erginellaw.com\/\",\"logo\":{\"@type\":\"ImageObject\",\"inLanguage\":\"ru-RU\",\"@id\":\"https:\/\/erginellaw.com\/#\/schema\/logo\/image\/\",\"url\":\"https:\/\/erginellaw.com\/wp-content\/uploads\/2025\/11\/ergdfgh-1.jpeg\",\"contentUrl\":\"https:\/\/erginellaw.com\/wp-content\/uploads\/2025\/11\/ergdfgh-1.jpeg\",\"width\":2048,\"height\":1365,\"caption\":\"Erginellaw.Com | Advocates and Legal Consultants\"},\"image\":{\"@id\":\"https:\/\/erginellaw.com\/#\/schema\/logo\/image\/\"},\"sameAs\":[\"https:\/\/www.facebook.com\/erginellaw\",\"https:\/\/instagram.com\/erginel.law.cyprus\",\"https:\/\/www.linkedin.com\/company\/erginel-law\"]}]}<\/script>\n<!-- \/ Yoast SEO plugin. -->","yoast_head_json":{"title":"Havva \u015eanl\u0131t\u00fcrk - Erginel Law | Advocates &amp; Legal Consultants","robots":{"index":"index","follow":"follow","max-snippet":"max-snippet:-1","max-image-preview":"max-image-preview:large","max-video-preview":"max-video-preview:-1"},"canonical":"https:\/\/erginellaw.com\/havva-sanliturk\/","og_locale":"ru_RU","og_type":"article","og_title":"Havva \u015eanl\u0131t\u00fcrk - Erginel Law | Advocates &amp; Legal Consultants","og_description":"\u2013Senior Legal Secretary\u2013 Havva \u015eanl\u0131t\u00fcrk Havva joined Erginel Law in 1978 and is now our Senior Legal Secretary.\u00a0 She is","og_url":"https:\/\/erginellaw.com\/havva-sanliturk\/","og_site_name":"Erginel Law | Advocates &amp; Legal Consultants","article_publisher":"https:\/\/www.facebook.com\/erginellaw","og_image":[{"url":"https:\/\/bababilgisayar.com\/new\/wp-content\/uploads\/2025\/11\/py-59.jpg","type":"","width":"","height":""}],"twitter_card":"summary_large_image","schema":{"@context":"https:\/\/schema.org","@graph":[{"@type":"WebPage","@id":"https:\/\/erginellaw.com\/havva-sanliturk\/","url":"https:\/\/erginellaw.com\/havva-sanliturk\/","name":"Havva \u015eanl\u0131t\u00fcrk - Erginel Law | Advocates &amp; Legal Consultants","isPartOf":{"@id":"https:\/\/erginellaw.com\/#website"},"primaryImageOfPage":{"@id":"https:\/\/erginellaw.com\/havva-sanliturk\/#primaryimage"},"image":{"@id":"https:\/\/erginellaw.com\/havva-sanliturk\/#primaryimage"},"thumbnailUrl":"https:\/\/bababilgisayar.com\/new\/wp-content\/uploads\/2025\/11\/py-59.jpg","datePublished":"2025-11-11T14:44:05+00:00","breadcrumb":{"@id":"https:\/\/erginellaw.com\/havva-sanliturk\/#breadcrumb"},"inLanguage":"ru-RU","potentialAction":[{"@type":"ReadAction","target":["https:\/\/erginellaw.com\/havva-sanliturk\/"]}]},{"@type":"ImageObject","inLanguage":"ru-RU","@id":"https:\/\/erginellaw.com\/havva-sanliturk\/#primaryimage","url":"https:\/\/bababilgisayar.com\/new\/wp-content\/uploads\/2025\/11\/py-59.jpg","contentUrl":"https:\/\/bababilgisayar.com\/new\/wp-content\/uploads\/2025\/11\/py-59.jpg"},{"@type":"BreadcrumbList","@id":"https:\/\/erginellaw.com\/havva-sanliturk\/#breadcrumb","itemListElement":[{"@type":"ListItem","position":1,"name":"Home","item":"https:\/\/erginellaw.com\/ru\/"},{"@type":"ListItem","position":2,"name":"Havva \u015eanl\u0131t\u00fcrk"}]},{"@type":"WebSite","@id":"https:\/\/erginellaw.com\/#website","url":"https:\/\/erginellaw.com\/","name":"Erginellaw.Com | Advocates and Legal Consultants","description":"","publisher":{"@id":"https:\/\/erginellaw.com\/#organization"},"potentialAction":[{"@type":"SearchAction","target":{"@type":"EntryPoint","urlTemplate":"https:\/\/erginellaw.com\/?s={search_term_string}"},"query-input":{"@type":"PropertyValueSpecification","valueRequired":true,"valueName":"search_term_string"}}],"inLanguage":"ru-RU"},{"@type":"Organization","@id":"https:\/\/erginellaw.com\/#organization","name":"Erginellaw.Com | Advocates and Legal Consultants","url":"https:\/\/erginellaw.com\/","logo":{"@type":"ImageObject","inLanguage":"ru-RU","@id":"https:\/\/erginellaw.com\/#\/schema\/logo\/image\/","url":"https:\/\/erginellaw.com\/wp-content\/uploads\/2025\/11\/ergdfgh-1.jpeg","contentUrl":"https:\/\/erginellaw.com\/wp-content\/uploads\/2025\/11\/ergdfgh-1.jpeg","width":2048,"height":1365,"caption":"Erginellaw.Com | Advocates and Legal Consultants"},"image":{"@id":"https:\/\/erginellaw.com\/#\/schema\/logo\/image\/"},"sameAs":["https:\/\/www.facebook.com\/erginellaw","https:\/\/instagram.com\/erginel.law.cyprus","https:\/\/www.linkedin.com\/company\/erginel-law"]}]}},"_links":{"self":[{"href":"https:\/\/erginellaw.com\/ru\/wp-json\/wp\/v2\/pages\/1000","targetHints":{"allow":["GET"]}}],"collection":[{"href":"https:\/\/erginellaw.com\/ru\/wp-json\/wp\/v2\/pages"}],"about":[{"href":"https:\/\/erginellaw.com\/ru\/wp-json\/wp\/v2\/types\/page"}],"author":[{"embeddable":true,"href":"https:\/\/erginellaw.com\/ru\/wp-json\/wp\/v2\/users\/1"}],"replies":[{"embeddable":true,"href":"https:\/\/erginellaw.com\/ru\/wp-json\/wp\/v2\/comments?post=1000"}],"version-history":[{"count":0,"href":"https:\/\/erginellaw.com\/ru\/wp-json\/wp\/v2\/pages\/1000\/revisions"}],"wp:attachment":[{"href":"https:\/\/erginellaw.com\/ru\/wp-json\/wp\/v2\/media?parent=1000"}],"curies":[{"name":"wp","href":"https:\/\/api.w.org\/{rel}","templated":true}]}}